{"id":3,"date":"2021-10-17T15:30:27","date_gmt":"2021-10-17T12:30:27","guid":{"rendered":"http:\/\/atolyedelice.com\/?page_id=3"},"modified":"2022-05-06T10:00:22","modified_gmt":"2022-05-06T07:00:22","slug":"gizlilik-politikasi","status":"publish","type":"page","link":"https:\/\/atolyedelice.com.tr\/en\/gizlilik-politikasi\/","title":{"rendered":"Privacy Policy"},"content":{"rendered":"<h2>Ticari elektronik ileti\u015fim izinleri<\/h2>\r\n<p class=\"Textbody\" style=\"margin-bottom: 0cm;\"><span lang=\"TR\"><br \/>\u0130\u015fbu tarih itibariyle Selda Y\u0131ld\u0131r\u0131m ile ki\u015fisel verilerimi payla\u015fm\u0131\u015f bulunmaktay\u0131m.<\/span><\/p>\r\n<p class=\"Textbody\" style=\"margin-bottom: 0cm;\"><span lang=\"TR\">\u0130\u015fbu muvafakatname, 6563 Elektronik Ticaretin D\u00fczenlenmesi Hakk\u0131nda Kanun kapsam\u0131nda gerek her t\u00fcrl\u00fc sat\u0131n alma i\u015flemleri ve uygulamalar\u0131 ile akdi-kanuni hususlardan bilgilendirilmem, gerek \u00e7e\u015fitli \u00fcr\u00fcn-hizmetlerin ve genel\/\u00f6zel imkanlar\u0131n duyurulmas\u0131, tan\u0131t\u0131m ve reklam\u0131n\u0131n yap\u0131lmas\u0131 i\u00e7in \u015eirket taraf\u0131ndan taraf\u0131ma ilgili kanunlara uygun olarak ticari elektronik iletiler ve di\u011fer iletiler g\u00f6nderilece\u011fi, a\u015fa\u011f\u0131da belirtti\u011fim ileti\u015fim adres bilgilerimin (isim, cep telefonu, mail adresi) bu ama\u00e7lar ile al\u0131nd\u0131\u011f\u0131-al\u0131naca\u011f\u0131, gizliliklerinin korunmas\u0131 i\u00e7in gerekli tedbirler al\u0131narak ve i\u015flenmesine dair kanuni ilkelere uygun \u015fekilde yukar\u0131da belirtilenler ve ortaklar\u0131-i\u015f ortaklar\u0131, tedarik\u00e7ileri, servis sa\u011flay\u0131c\u0131lar\u0131, halefleri ve sosyal medya ile online reklam a\u011flar\u0131 i\u015fletmeleri de dahil olmak \u00fczere belirleyecekleri (yurt i\u00e7indeki-d\u0131\u015f\u0131ndaki) \u00fc\u00e7\u00fcnc\u00fc ki\u015filer taraf\u0131ndan yasal azami s\u00fcre a\u015f\u0131lmamak \u00fczere \u00f6ng\u00f6r\u00fclecek s\u00fcre i\u00e7in yurt i\u00e7inde ve d\u0131\u015f\u0131nda fiziki-manyetik ortamlarda kaydedilip saklanaca\u011f\u0131, kullan\u0131laca\u011f\u0131, g\u00fcncellenece\u011fi, s\u0131n\u0131fland\u0131r\u0131laca\u011f\u0131, aktar\u0131laca\u011f\u0131-payla\u015f\u0131laca\u011f\u0131 ve otomatik olan\/olmayan y\u00f6ntemler ile temin olunarak kanunlarda belirtilen di\u011fer suretlerle i\u015flenece\u011fi, istedi\u011fim her zaman ileti\u015fim tercihlerimi de\u011fi\u015ftirebilece\u011fim veya hi\u00e7bir gerek\u00e7e g\u00f6stermeksizin taraf\u0131ma gelen SMS\/e-mail mesajlar\u0131nda belirtilen i\u015flemi (red) yaparak ileti\u015fimi durdurabilece\u011fim (kanunlar gere\u011fi m\u00fcmk\u00fcn\/gerekli ileti\u015fimlerin her durumda devam edece\u011fi) ve di\u011fer t\u00fcm ilgili hususlarda buradaki a\u00e7\u0131klamalar ve\/veya s\u00f6zle\u015fmem ile bilgilenmi\u015f\/bilgilendirilmi\u015f olarak ve ileti\u015fim bilgilerim de dahil s\u00f6zle\u015fmedeki her t\u00fcrl\u00fc ki\u015fisel verilerime ili\u015fkin b\u00fct\u00fcn izinlerim-haklar\u0131m sakl\u0131 kalmak \u00fczere; her t\u00fcrl\u00fc \u00fcr\u00fcn ve hizmetlere ili\u015fkin \u00e7e\u015fitli bilgilendirme, tan\u0131t\u0131m, reklam, promosyon, sat\u0131\u015f ve pazarlama amac\u0131yla, keza, ek hizmet bilgilendirmeleri, i\u015flem ve uygulamalar\u0131 i\u00e7in \u015eirket taraf\u0131ndan kanunlara uygun \u015fekilde ki\u015fisel verilerimin i\u015flenmesine ve SMS\/k\u0131sa mesaj, otomatik arama, telefonla arama, sosyal medya ile online reklam a\u011flar\u0131, e-posta\/mail ve di\u011fer elektronik ileti\u015fim ara\u00e7lar\u0131-kanallar\u0131 aras\u0131ndan a\u015fa\u011f\u0131da se\u00e7tiklerim yoluyla taraf\u0131ma ticari elektronik iletiler ve di\u011fer iletiler g\u00f6nderilmesine ili\u015fkin a\u00e7\u0131k r\u0131zam\u0131 i\u00e7ermektedir.<\/span><\/p>\r\n<p class=\"Textbody\" style=\"margin-bottom: 0cm;\"><span lang=\"TR\">Yukar\u0131da s\u00f6z edilen mevzuata ili\u015fkin a\u00e7\u0131k r\u0131zam\u0131 i\u015fbu muvafakatname kapsam\u0131nda hi\u00e7bir bask\u0131 alt\u0131nda kalmadan h\u00fcr irademle verdi\u011fimi beyan ederim.<\/span><\/p>\r\n<p><br \/><br \/>Ki\u015fisel verilerin korunmas\u0131, SELDA YILDIRIM (bundan sonra \u201c\u015eirket\u201d olarak an\u0131lacakt\u0131r.) i\u00e7in \u00f6nem arz eden bir husustur. \u015eirket, kuruldu\u011fu g\u00fcnden bu yana y\u00fcr\u00fctt\u00fc\u011f\u00fc faaliyetler kapsam\u0131nda ger\u00e7ek ki\u015filerden elde etti\u011fi ki\u015fisel verileri gizli tutmu\u015f ve ki\u015fisel verilerin korunmas\u0131 ve veri g\u00fcvenli\u011finin sa\u011flanmas\u0131 i\u00e7in her t\u00fcrl\u00fc teknik ve idari tedbiri alm\u0131\u015ft\u0131r. \u015eirket, 6698 say\u0131l\u0131 Ki\u015fisel Verilerin Korunmas\u0131 Kanunu\u2019nun (KVK Kanunu) y\u00fcr\u00fcrl\u00fc\u011fe girdi\u011fi 7 Nisan 2016 tarihinden \u00f6nce de ki\u015fisel verilerin gizlili\u011fini bir \u00e7al\u0131\u015fma ilkesi olarak benimsemi\u015f ve uygulam\u0131\u015ft\u0131r.<\/p>\r\n\r\n\r\n\r\n<p>\u015eirket, b\u00fct\u00fcn faaliyetlerini gerek T.C. Anayasas\u0131 gerekse KVK Kanunu ve konuya ili\u015fkin ikincil mevzuatla uyumlu bir \u015fekilde y\u00fcr\u00fctmek amac\u0131yla KVK Kanunu\u2019nun \u00f6ng\u00f6rd\u00fc\u011f\u00fc b\u00fct\u00fcn ilkeleri benimsemekte, ki\u015fisel verilerin i\u015flenmesi, silinmesi, yok edilmesi, anonim hale getirilmesi, aktar\u0131lmas\u0131, ilgili ki\u015finin ayd\u0131nlat\u0131lmas\u0131 ve veri g\u00fcvenli\u011finin sa\u011flanmas\u0131yla ilgili \u00fczerine d\u00fc\u015fen y\u00fck\u00fcml\u00fcl\u00fcklerini yerine getirmektedir. Bu kapsamda d\u00fczenlenen i\u015fbu KVK Politikas\u0131, ki\u015fisel verisi i\u015flenen ger\u00e7ek ki\u015filerin eri\u015fimine sunulmaktad\u0131r.<\/p>\r\n\r\n\r\n\r\n<p>An anonymized text (also called a hash) generated from your email address may be provided to the Gravatar service to see if you are using the service. The Gravatar service's privacy policy is available at https:\/\/automattic.com\/privacy\/. After your comment is approved, your profile picture will be visible to everyone along with your comment.<\/p>\r\n\r\n\r\n\r\n<h2>Media<\/h2>\r\n\r\n\r\n\r\n<p><strong class=\"privacy-policy-tutorial\">\u00d6nerilen metin: <\/strong>If you upload images to the website, you should avoid uploading images that contain embedded location data (EXIF GPS). Website visitors can download and extract any location information from images on the website.<\/p>\r\n\r\n\r\n\r\n<h2>Cookies<\/h2>\r\n\r\n\r\n\r\n<p><strong class=\"privacy-policy-tutorial\">\u00d6nerilen metin: <\/strong>If you leave a comment on our site, you can choose to save your name, email address and website in cookies. These are for your convenience so you don't have to fill in your information again when you leave another comment. These cookies stay for one year.<\/p>\r\n\r\n\r\n\r\n<p>If you visit our home page, we will set a temporary cookie to determine whether your browser accepts cookies. This cookie contains no personal data and is discarded when you close your browser.<\/p>\r\n\r\n\r\n\r\n<p>When you log in, we will save a few cookies to save your login information and screen view selection. Login cookies stay for two days and screen options cookies stay for one year. If you choose the \u201cRemember me\u201d option, your login will last for two weeks. If you log out of your account, the login cookies will be removed.<\/p>\r\n\r\n\r\n\r\n<p>If you edit or publish an article, an additional cookie is saved in your browser. This cookie does not contain any personal data and only shows the post ID of the article you are editing. It expires after 1 day.<\/p>\r\n\r\n\r\n\r\n<h2>Content embedded from other sites<\/h2>\r\n\r\n\r\n\r\n<p><strong class=\"privacy-policy-tutorial\">\u00d6nerilen metin: <\/strong>Articles on this site may contain embedded content (eg, videos, images, articles, etc.). Content embedded from other websites behaves exactly the same as if the visitor had visited the other website.<\/p>\r\n\r\n\r\n\r\n<p>These websites may collect data about you, use cookies, embed third-party tracking, and monitor your interaction with that embedded content, including tracking your interaction with the embedded content if you have an account and are logged in to this website.<\/p>\r\n\r\n\r\n\r\n<h2>How we share data<\/h2>\r\n\r\n\r\n\r\n<p><strong class=\"privacy-policy-tutorial\">\u00d6nerilen metin: <\/strong>When you request a password reset, your IP address is included in the reset email.<\/p>\r\n\r\n\r\n\r\n<h2>How long we keep your data<\/h2>\r\n\r\n\r\n\r\n<p><strong class=\"privacy-policy-tutorial\">\u00d6nerilen metin: <\/strong>If you leave a comment, the comment and its metadata are retained indefinitely. This way, we can automatically recognize and approve your follow-up comments instead of keeping them in the moderation queue.<\/p>\r\n\r\n\r\n\r\n<p>For users who register on our website, we also store the personal information (if any) they provide in their user profile. All users can view, edit or delete their personal information at any time (except for changing usernames). Website administrators can also view and edit this information.<\/p>\r\n\r\n\r\n\r\n<h2>What are your rights over your data?<\/h2>\r\n\r\n\r\n\r\n<p><strong class=\"privacy-policy-tutorial\">\u00d6nerilen metin: <\/strong>If you have an account or comments on this site, you may request to receive an exported file of the personal data we hold about you, including data you have provided to us. You can also request to delete all personal data we keep about you. This does not include any data that we have to comply with for administrative, legal or security purposes.<\/p>\r\n\r\n\r\n\r\n<h2>Where do we send your data?<\/h2>\r\n\r\n\r\n\r\n<p><strong class=\"privacy-policy-tutorial\">\u00d6nerilen metin: <\/strong>Visitor comments can be checked through the automated spam detection service.<\/p>","protected":false},"excerpt":{"rendered":"<p>Ticari elektronik ileti\u015fim izinleri \u0130\u015fbu tarih itibariyle Selda Y\u0131ld\u0131r\u0131m ile ki\u015fisel verilerimi payla\u015fm\u0131\u015f bulunmaktay\u0131m. \u0130\u015fbu muvafakatname, 6563 Elektronik Ticaretin D\u00fczenlenmesi Hakk\u0131nda Kanun kapsam\u0131nda gerek her t\u00fcrl\u00fc sat\u0131n alma i\u015flemleri ve uygulamalar\u0131 ile akdi-kanuni hususlardan bilgilendirilmem, gerek \u00e7e\u015fitli \u00fcr\u00fcn-hizmetlerin ve genel\/\u00f6zel imkanlar\u0131n duyurulmas\u0131, tan\u0131t\u0131m ve reklam\u0131n\u0131n yap\u0131lmas\u0131 i\u00e7in \u015eirket taraf\u0131ndan taraf\u0131ma ilgili kanunlara uygun olarak ticari &hellip;<\/p>\n<p class=\"read-more\"> <a class=\"\" href=\"https:\/\/atolyedelice.com.tr\/en\/gizlilik-politikasi\/\"> <span class=\"screen-reader-text\">Privacy Policy<\/span> Read More &raquo;<\/a><\/p>","protected":false},"author":1,"featured_media":0,"parent":0,"menu_order":0,"comment_status":"closed","ping_status":"open","template":"","meta":{"site-sidebar-layout":"default","site-content-layout":"default","ast-main-header-display":"","ast-hfb-above-header-display":"","ast-hfb-below-header-display":"","ast-hfb-mobile-header-display":"","site-post-title":"","ast-breadcrumbs-content":"","ast-featured-img":"","footer-sml-layout":"","theme-transparent-header-meta":"default","adv-header-id-meta":"","stick-header-meta":"","header-above-stick-meta":"","header-main-stick-meta":"","header-below-stick-meta":"","spay_email":""},"_links":{"self":[{"href":"https:\/\/atolyedelice.com.tr\/en\/wp-json\/wp\/v2\/pages\/3"}],"collection":[{"href":"https:\/\/atolyedelice.com.tr\/en\/wp-json\/wp\/v2\/pages"}],"about":[{"href":"https:\/\/atolyedelice.com.tr\/en\/wp-json\/wp\/v2\/types\/page"}],"author":[{"embeddable":true,"href":"https:\/\/atolyedelice.com.tr\/en\/wp-json\/wp\/v2\/users\/1"}],"replies":[{"embeddable":true,"href":"https:\/\/atolyedelice.com.tr\/en\/wp-json\/wp\/v2\/comments?post=3"}],"version-history":[{"count":5,"href":"https:\/\/atolyedelice.com.tr\/en\/wp-json\/wp\/v2\/pages\/3\/revisions"}],"predecessor-version":[{"id":5082,"href":"https:\/\/atolyedelice.com.tr\/en\/wp-json\/wp\/v2\/pages\/3\/revisions\/5082"}],"wp:attachment":[{"href":"https:\/\/atolyedelice.com.tr\/en\/wp-json\/wp\/v2\/media?parent=3"}],"curies":[{"name":"wp","href":"https:\/\/api.w.org\/{rel}","templated":true}]}}