{"id":4921,"date":"2022-04-25T18:00:14","date_gmt":"2022-04-25T15:00:14","guid":{"rendered":"https:\/\/atolyedelice.com\/?page_id=4921"},"modified":"2022-05-06T09:58:49","modified_gmt":"2022-05-06T06:58:49","slug":"cerez-politikasi","status":"publish","type":"page","link":"https:\/\/atolyedelice.com.tr\/en\/cerez-politikasi\/","title":{"rendered":"Cookies"},"content":{"rendered":"<p>Ki\u015fisel verilerin korunmas\u0131, SELDA YILDIRIM (bundan sonra \u201c\u015eirket\u201d olarak an\u0131lacakt\u0131r.) i\u00e7in \u00f6nem arz eden bir husustur. \u015eirket, kuruldu\u011fu g\u00fcnden bu yana y\u00fcr\u00fctt\u00fc\u011f\u00fc faaliyetler kapsam\u0131nda ger\u00e7ek ki\u015filerden elde etti\u011fi ki\u015fisel verileri gizli tutmu\u015f ve ki\u015fisel verilerin korunmas\u0131 ve veri g\u00fcvenli\u011finin sa\u011flanmas\u0131 i\u00e7in her t\u00fcrl\u00fc teknik ve idari tedbiri alm\u0131\u015ft\u0131r. \u015eirket, 6698 say\u0131l\u0131 Ki\u015fisel Verilerin Korunmas\u0131 Kanunu\u2019nun (KVK Kanunu) y\u00fcr\u00fcrl\u00fc\u011fe girdi\u011fi 7 Nisan 2016 tarihinden \u00f6nce de ki\u015fisel verilerin gizlili\u011fini bir \u00e7al\u0131\u015fma ilkesi olarak benimsemi\u015f ve uygulam\u0131\u015ft\u0131r.<\/p>\r\n\r\n\r\n\r\n<p>\u015eirket, b\u00fct\u00fcn faaliyetlerini gerek T.C. Anayasas\u0131 gerekse KVK Kanunu ve konuya ili\u015fkin ikincil mevzuatla uyumlu bir \u015fekilde y\u00fcr\u00fctmek amac\u0131yla KVK Kanunu\u2019nun \u00f6ng\u00f6rd\u00fc\u011f\u00fc b\u00fct\u00fcn ilkeleri benimsemekte, ki\u015fisel verilerin i\u015flenmesi, silinmesi, yok edilmesi, anonim hale getirilmesi, aktar\u0131lmas\u0131, ilgili ki\u015finin ayd\u0131nlat\u0131lmas\u0131 ve veri g\u00fcvenli\u011finin sa\u011flanmas\u0131yla ilgili \u00fczerine d\u00fc\u015fen y\u00fck\u00fcml\u00fcl\u00fcklerini yerine getirmektedir. Bu kapsamda d\u00fczenlenen i\u015fbu KVK Politikas\u0131, ki\u015fisel verisi i\u015flenen ger\u00e7ek ki\u015filerin eri\u015fimine sunulmaktad\u0131r.<\/p>\r\n\r\n\r\n\r\n<p>An anonymized text (also called a hash) generated from your email address may be provided to the Gravatar service to see if you are using the service. The Gravatar service's privacy policy is available at https:\/\/automattic.com\/privacy\/. After your comment is approved, your profile picture will be visible to everyone along with your comment.<\/p>\r\n\r\n\r\n\r\n<h2>Media<\/h2>\r\n\r\n\r\n\r\n<p><strong class=\"privacy-policy-tutorial\">\u00d6nerilen metin: <\/strong>If you upload images to the website, you should avoid uploading images that contain embedded location data (EXIF GPS). Website visitors can download and extract any location information from images on the website.<\/p>\r\n\r\n\r\n\r\n<h2>Cookies<\/h2>\r\n\r\n\r\n\r\n<p><strong class=\"privacy-policy-tutorial\">\u00d6nerilen metin: <\/strong>If you leave a comment on our site, you can choose to save your name, email address and website in cookies. These are for your convenience so you don't have to fill in your information again when you leave another comment. These cookies stay for one year.<\/p>\r\n\r\n\r\n\r\n<p>If you visit our home page, we will set a temporary cookie to determine whether your browser accepts cookies. This cookie contains no personal data and is discarded when you close your browser.<\/p>\r\n\r\n\r\n\r\n<p>When you log in, we will save a few cookies to save your login information and screen view selection. Login cookies stay for two days and screen options cookies stay for one year. If you choose the \u201cRemember me\u201d option, your login will last for two weeks. If you log out of your account, the login cookies will be removed.<\/p>\r\n\r\n\r\n\r\n<p>If you edit or publish an article, an additional cookie is saved in your browser. This cookie does not contain any personal data and only shows the post ID of the article you are editing. It expires after 1 day.<\/p>\r\n\r\n\r\n\r\n<h2>Content embedded from other sites<\/h2>\r\n\r\n\r\n\r\n<p><strong class=\"privacy-policy-tutorial\">\u00d6nerilen metin: <\/strong>Articles on this site may contain embedded content (eg, videos, images, articles, etc.). Content embedded from other websites behaves exactly the same as if the visitor had visited the other website.<\/p>\r\n\r\n\r\n\r\n<p>These websites may collect data about you, use cookies, embed third-party tracking, and monitor your interaction with that embedded content, including tracking your interaction with the embedded content if you have an account and are logged in to this website.<\/p>\r\n\r\n\r\n\r\n<h2>How we share data<\/h2>\r\n\r\n\r\n\r\n<p><strong class=\"privacy-policy-tutorial\">\u00d6nerilen metin: <\/strong>When you request a password reset, your IP address is included in the reset email.<\/p>\r\n\r\n\r\n\r\n<h2>How long we keep your data<\/h2>\r\n\r\n\r\n\r\n<p><strong class=\"privacy-policy-tutorial\">\u00d6nerilen metin: <\/strong>If you leave a comment, the comment and its metadata are retained indefinitely. This way, we can automatically recognize and approve your follow-up comments instead of keeping them in the moderation queue.<\/p>\r\n\r\n\r\n\r\n<p>For users who register on our website, we also store the personal information (if any) they provide in their user profile. All users can view, edit or delete their personal information at any time (except for changing usernames). Website administrators can also view and edit this information.<\/p>\r\n\r\n\r\n\r\n<h2>What are your rights over your data?<\/h2>\r\n\r\n\r\n\r\n<p><strong class=\"privacy-policy-tutorial\">\u00d6nerilen metin: <\/strong>If you have an account or comments on this site, you may request to receive an exported file of the personal data we hold about you, including data you have provided to us. You can also request to delete all personal data we keep about you. This does not include any data that we have to comply with for administrative, legal or security purposes.<\/p>\r\n\r\n\r\n\r\n<h2>Where do we send your data?<\/h2>\r\n\r\n\r\n\r\n<p><strong class=\"privacy-policy-tutorial\">\u00d6nerilen metin: <\/strong>Visitor comments can be checked through the automated spam detection service.<\/p>\r\n<p class=\"Textbody\" style=\"margin-bottom: 0cm;\"><span lang=\"TR\">\u00a0<\/span><\/p>\r\n<p class=\"Textbody\" style=\"margin-bottom: 0cm;\">\u00a0<\/p>","protected":false},"excerpt":{"rendered":"<p>Ki\u015fisel verilerin korunmas\u0131, SELDA YILDIRIM (bundan sonra \u201c\u015eirket\u201d olarak an\u0131lacakt\u0131r.) i\u00e7in \u00f6nem arz eden bir husustur. \u015eirket, kuruldu\u011fu g\u00fcnden bu yana y\u00fcr\u00fctt\u00fc\u011f\u00fc faaliyetler kapsam\u0131nda ger\u00e7ek ki\u015filerden elde etti\u011fi ki\u015fisel verileri gizli tutmu\u015f ve ki\u015fisel verilerin korunmas\u0131 ve veri g\u00fcvenli\u011finin sa\u011flanmas\u0131 i\u00e7in her t\u00fcrl\u00fc teknik ve idari tedbiri alm\u0131\u015ft\u0131r. \u015eirket, 6698 say\u0131l\u0131 Ki\u015fisel Verilerin Korunmas\u0131 Kanunu\u2019nun &hellip;<\/p>\n<p class=\"read-more\"> <a class=\"\" href=\"https:\/\/atolyedelice.com.tr\/en\/cerez-politikasi\/\"> <span class=\"screen-reader-text\">Cookies<\/span> Read More &raquo;<\/a><\/p>","protected":false},"author":10,"featured_media":0,"parent":0,"menu_order":0,"comment_status":"closed","ping_status":"open","template":"","meta":{"site-sidebar-layout":"default","site-content-layout":"default","ast-main-header-display":"","ast-hfb-above-header-display":"","ast-hfb-below-header-display":"","ast-hfb-mobile-header-display":"","site-post-title":"","ast-breadcrumbs-content":"","ast-featured-img":"","footer-sml-layout":"","theme-transparent-header-meta":"default","adv-header-id-meta":"","stick-header-meta":"","header-above-stick-meta":"","header-main-stick-meta":"","header-below-stick-meta":"","spay_email":""},"_links":{"self":[{"href":"https:\/\/atolyedelice.com.tr\/en\/wp-json\/wp\/v2\/pages\/4921"}],"collection":[{"href":"https:\/\/atolyedelice.com.tr\/en\/wp-json\/wp\/v2\/pages"}],"about":[{"href":"https:\/\/atolyedelice.com.tr\/en\/wp-json\/wp\/v2\/types\/page"}],"author":[{"embeddable":true,"href":"https:\/\/atolyedelice.com.tr\/en\/wp-json\/wp\/v2\/users\/10"}],"replies":[{"embeddable":true,"href":"https:\/\/atolyedelice.com.tr\/en\/wp-json\/wp\/v2\/comments?post=4921"}],"version-history":[{"count":5,"href":"https:\/\/atolyedelice.com.tr\/en\/wp-json\/wp\/v2\/pages\/4921\/revisions"}],"predecessor-version":[{"id":5078,"href":"https:\/\/atolyedelice.com.tr\/en\/wp-json\/wp\/v2\/pages\/4921\/revisions\/5078"}],"wp:attachment":[{"href":"https:\/\/atolyedelice.com.tr\/en\/wp-json\/wp\/v2\/media?parent=4921"}],"curies":[{"name":"wp","href":"https:\/\/api.w.org\/{rel}","templated":true}]}}