{"id":4351,"date":"2022-03-03T12:27:52","date_gmt":"2022-03-03T09:27:52","guid":{"rendered":"http:\/\/atolyedelice.com\/?post_type=product&#038;p=4351"},"modified":"2026-01-28T17:17:22","modified_gmt":"2026-01-28T14:17:22","slug":"arindir-cildini","status":"publish","type":"product","link":"https:\/\/atolyedelice.com.tr\/en\/product\/arindir-cildini\/","title":{"rendered":"Cleanse Your Skin"},"content":{"rendered":"<p>Coffee and Orange Move Around the Face<\/p>\n<p>3 delice sabun; kahvel, kil&amp;lavanta ve ke\u00e7i s\u00fct\u00fc &#8211; hepsi \u00f6zel ah\u015fap kutuda<\/p>","protected":false},"excerpt":{"rendered":"<p>Set includes products for deep cleanse<\/p>","protected":false},"featured_media":4629,"comment_status":"open","ping_status":"closed","template":"","meta":{"site-sidebar-layout":"default","site-content-layout":"default","ast-main-header-display":"","ast-hfb-above-header-display":"","ast-hfb-below-header-display":"","ast-hfb-mobile-header-display":"","site-post-title":"","ast-breadcrumbs-content":"","ast-featured-img":"","footer-sml-layout":"","theme-transparent-header-meta":"default","adv-header-id-meta":"","stick-header-meta":"","header-above-stick-meta":"","header-main-stick-meta":"","header-below-stick-meta":"","spay_email":"","jetpack_publicize_message":"","jetpack_is_tweetstorm":false,"jetpack_publicize_feature_enabled":true},"product_cat":[37],"product_tag":[157,102,101,129,103,106,21,32,107,116,23],"_links":{"self":[{"href":"https:\/\/atolyedelice.com.tr\/en\/wp-json\/wp\/v2\/product\/4351"}],"collection":[{"href":"https:\/\/atolyedelice.com.tr\/en\/wp-json\/wp\/v2\/product"}],"about":[{"href":"https:\/\/atolyedelice.com.tr\/en\/wp-json\/wp\/v2\/types\/product"}],"replies":[{"embeddable":true,"href":"https:\/\/atolyedelice.com.tr\/en\/wp-json\/wp\/v2\/comments?post=4351"}],"wp:featuredmedia":[{"embeddable":true,"href":"https:\/\/atolyedelice.com.tr\/en\/wp-json\/wp\/v2\/media\/4629"}],"wp:attachment":[{"href":"https:\/\/atolyedelice.com.tr\/en\/wp-json\/wp\/v2\/media?parent=4351"}],"wp:term":[{"taxonomy":"product_cat","embeddable":true,"href":"https:\/\/atolyedelice.com.tr\/en\/wp-json\/wp\/v2\/product_cat?post=4351"},{"taxonomy":"product_tag","embeddable":true,"href":"https:\/\/atolyedelice.com.tr\/en\/wp-json\/wp\/v2\/product_tag?post=4351"}],"curies":[{"name":"wp","href":"https:\/\/api.w.org\/{rel}","templated":true}]}}