{"id":4364,"date":"2022-03-09T14:33:17","date_gmt":"2022-03-09T11:33:17","guid":{"rendered":"http:\/\/atolyedelice.com\/?post_type=product&#038;p=4364"},"modified":"2026-03-04T18:58:55","modified_gmt":"2026-03-04T15:58:55","slug":"lavanta","status":"publish","type":"product","link":"https:\/\/atolyedelice.com.tr\/en\/product\/lavanta\/","title":{"rendered":"Lavender"},"content":{"rendered":"<div>T\u00fcm sabunlar\u0131m\u0131z, kendi \u00fcretimimiz olup, so\u011fuk y\u00f6ntem ile elde yap\u0131lmaktad\u0131r. \u0130\u00e7eri\u011fi do\u011fal hammaddelerden olu\u015fur, cilde ve kar\u0131\u015ft\u0131\u011f\u0131 suya topra\u011fa zarar vermez. Sabunda bulunan lavanta maserasyon ya\u011f\u0131, Ayval\u0131k&#8217;\u0131n civar k\u00f6ylerinde yeti\u015ftirilen lavantalar\u0131n s\u0131zma zeytinya\u011f\u0131nda bekletilmesi ile elde edilir.\u00a0Ayval\u0131k, Mutluk\u00f6y\u2019deki bah\u00e7emizin zeytinlerinin so\u011fuk s\u0131k\u0131m, 0.5 dizyem ya\u011f\u0131 ile, NaOH&#8217;\u0131n birle\u015fimidir. Hindistancevizi ya\u011f\u0131, kakao ya\u011f\u0131, bitkiler, lavanta maserasyon ya\u011f\u0131 ve u\u00e7ucu ya\u011f\u0131 ile i\u00e7eri\u011fi zenginle\u015ftirilmi\u015ftir.<\/div>\n<div><\/div>\n<div>Lavantal\u0131 sabun; Antibakteriyel, antifungal, antiseptik \u00f6zelliklere sahiptir. Akne, sivilcelere iyi gelir. Cilde ferahl\u0131k verir. Cildi kurutmadan temizler, canland\u0131r\u0131r, bak\u0131m yapar.<\/div>\n<div><\/div>\n<div>\u0130\u00e7indekiler \/ Ingredients: SODIUM OLIVATE, AQUA, SODIUM COCOA BUTTERATE, SODIUM COCOATE, LAVANDULA ANGUSTIFOLIA FLOWER OIL, CI 77007.<\/div>\n<div>app. 90-110 grams<\/div>\n<div><\/div>\n<div>Kullan\u0131m Talimat\u0131: Sabunu elinizde su ile k\u00f6p\u00fcrene kadar ovalay\u0131n\u0131z. Y\u00fcz\u00fcn\u00fcze ve v\u00fccudunuza masaj yaparak uygulay\u0131n\u0131z. Bol su ile durulay\u0131n\u0131z. Izgaral\u0131 bir sabunlukla kullanman\u0131z sabunun \u00f6mr\u00fcn\u00fc uzat\u0131r.<\/div>","protected":false},"excerpt":{"rendered":"<p>natural soap with lavender<\/p>","protected":false},"featured_media":4365,"comment_status":"open","ping_status":"closed","template":"","meta":{"site-sidebar-layout":"default","site-content-layout":"default","ast-main-header-display":"","ast-hfb-above-header-display":"","ast-hfb-below-header-display":"","ast-hfb-mobile-header-display":"","site-post-title":"","ast-breadcrumbs-content":"","ast-featured-img":"","footer-sml-layout":"","theme-transparent-header-meta":"default","adv-header-id-meta":"","stick-header-meta":"","header-above-stick-meta":"","header-main-stick-meta":"","header-below-stick-meta":"","spay_email":"","jetpack_publicize_message":"","jetpack_is_tweetstorm":false,"jetpack_publicize_feature_enabled":true},"product_cat":[22],"product_tag":[102,101,24,106,111],"_links":{"self":[{"href":"https:\/\/atolyedelice.com.tr\/en\/wp-json\/wp\/v2\/product\/4364"}],"collection":[{"href":"https:\/\/atolyedelice.com.tr\/en\/wp-json\/wp\/v2\/product"}],"about":[{"href":"https:\/\/atolyedelice.com.tr\/en\/wp-json\/wp\/v2\/types\/product"}],"replies":[{"embeddable":true,"href":"https:\/\/atolyedelice.com.tr\/en\/wp-json\/wp\/v2\/comments?post=4364"}],"wp:featuredmedia":[{"embeddable":true,"href":"https:\/\/atolyedelice.com.tr\/en\/wp-json\/wp\/v2\/media\/4365"}],"wp:attachment":[{"href":"https:\/\/atolyedelice.com.tr\/en\/wp-json\/wp\/v2\/media?parent=4364"}],"wp:term":[{"taxonomy":"product_cat","embeddable":true,"href":"https:\/\/atolyedelice.com.tr\/en\/wp-json\/wp\/v2\/product_cat?post=4364"},{"taxonomy":"product_tag","embeddable":true,"href":"https:\/\/atolyedelice.com.tr\/en\/wp-json\/wp\/v2\/product_tag?post=4364"}],"curies":[{"name":"wp","href":"https:\/\/api.w.org\/{rel}","templated":true}]}}