{"id":4392,"date":"2022-03-09T15:06:36","date_gmt":"2022-03-09T12:06:36","guid":{"rendered":"http:\/\/atolyedelice.com\/?post_type=product&#038;p=4392"},"modified":"2026-02-06T16:24:19","modified_gmt":"2026-02-06T13:24:19","slug":"bal-yulaf","status":"publish","type":"product","link":"https:\/\/atolyedelice.com.tr\/en\/product\/bal-yulaf\/","title":{"rendered":"Bal &#038; Yulaf, Dola\u015ft\u0131r V\u00fccudunda &#8211; Kabak Lifli Sabun"},"content":{"rendered":"<p>All our soaps are handmade using cold process. They are made by combining NaOH and the olive oil from our garden in Murlukoy, Ayvalik; further enhanced with coconut oil, cacao oil, maseration and essential oils.<\/p>\n<p>&nbsp;<\/p>\n<p>Cildi temizler, yo\u011fun nemlendirir, nazik\u00e7e \u00f6l\u00fc deriyi temizler, bak\u0131m yapar. \u0130\u00e7erisindeki kabak lifi plastik keselere alternatiftir,<\/p>\n<p>&nbsp;<\/p>\n<p>Bal yo\u011fun nem verirken, yulaf peeling yapar. El, y\u00fcz, v\u00fccut temizli\u011finde, t\u00fcm cilt tipleri kullanabilir. Kuru ve hassas ciltler severek kullan\u0131r.<\/p>\n<p>\u0130\u00e7indekiler \/ Ingredients: SODIUM OLIVATE, AQUA, SODIUM COCOA BUTTERATE, SODIUM COCOATE, CITRUS AURANTIUM DULCIS OIL, HONEY EXTRACT, AVENA SATIVA KERNEL FLOUR, CI 11680, CI 12120<\/p>\n<p>Kullan\u0131m Talimat\u0131: Sabunu nemli y\u00fcz\u00fcn\u00fczde veya v\u00fccudunuzda k\u00f6p\u00fcrene kadar nazik\u00e7e, masaj yaparak gezdirin. Bol su ile durulay\u0131n\u0131z. \u0130pinden asarak veya \u0131zgaral\u0131 bir sabunlukla kullanman\u0131z sabunun \u00f6mr\u00fcn\u00fc uzat\u0131r.<\/p>\n<p>&nbsp;<\/p>","protected":false},"excerpt":{"rendered":"<p>natural soap with honey and oats and loofah<\/p>","protected":false},"featured_media":4419,"comment_status":"open","ping_status":"closed","template":"","meta":{"site-sidebar-layout":"default","site-content-layout":"default","ast-main-header-display":"","ast-hfb-above-header-display":"","ast-hfb-below-header-display":"","ast-hfb-mobile-header-display":"","site-post-title":"","ast-breadcrumbs-content":"","ast-featured-img":"","footer-sml-layout":"","theme-transparent-header-meta":"default","adv-header-id-meta":"","stick-header-meta":"","header-above-stick-meta":"","header-main-stick-meta":"","header-below-stick-meta":"","spay_email":"","jetpack_publicize_message":"","jetpack_is_tweetstorm":false,"jetpack_publicize_feature_enabled":true},"product_cat":[36],"product_tag":[99,102,101,103,106,21,100],"_links":{"self":[{"href":"https:\/\/atolyedelice.com.tr\/en\/wp-json\/wp\/v2\/product\/4392"}],"collection":[{"href":"https:\/\/atolyedelice.com.tr\/en\/wp-json\/wp\/v2\/product"}],"about":[{"href":"https:\/\/atolyedelice.com.tr\/en\/wp-json\/wp\/v2\/types\/product"}],"replies":[{"embeddable":true,"href":"https:\/\/atolyedelice.com.tr\/en\/wp-json\/wp\/v2\/comments?post=4392"}],"wp:featuredmedia":[{"embeddable":true,"href":"https:\/\/atolyedelice.com.tr\/en\/wp-json\/wp\/v2\/media\/4419"}],"wp:attachment":[{"href":"https:\/\/atolyedelice.com.tr\/en\/wp-json\/wp\/v2\/media?parent=4392"}],"wp:term":[{"taxonomy":"product_cat","embeddable":true,"href":"https:\/\/atolyedelice.com.tr\/en\/wp-json\/wp\/v2\/product_cat?post=4392"},{"taxonomy":"product_tag","embeddable":true,"href":"https:\/\/atolyedelice.com.tr\/en\/wp-json\/wp\/v2\/product_tag?post=4392"}],"curies":[{"name":"wp","href":"https:\/\/api.w.org\/{rel}","templated":true}]}}