{"id":4468,"date":"2022-03-13T17:22:28","date_gmt":"2022-03-13T14:22:28","guid":{"rendered":"http:\/\/atolyedelice.com\/?post_type=product&#038;p=4468"},"modified":"2026-01-28T17:07:51","modified_gmt":"2026-01-28T14:07:51","slug":"lavantali-dolastir-vucudunda","status":"publish","type":"product","link":"https:\/\/atolyedelice.com.tr\/en\/product\/lavantali-dolastir-vucudunda\/","title":{"rendered":"Lavantal\u0131, Dola\u015ft\u0131r V\u00fccudunda &#8211; Kabak Lifli Sabun"},"content":{"rendered":"<p>T\u00fcm sabunlar\u0131m\u0131z, kendi \u00fcretimimiz olup, so\u011fuk y\u00f6ntem ile elde yap\u0131lmaktad\u0131r. \u0130\u00e7eri\u011fi do\u011fal hammaddelerden olu\u015fur, cilde ve kar\u0131\u015ft\u0131\u011f\u0131 suya topra\u011fa zarar vermez. Sabunda bulunan lavanta maserasyon ya\u011f\u0131, Ayval\u0131k&#8217;\u0131n civar k\u00f6ylerinde yeti\u015ftirilen lavantalar\u0131n s\u0131zma zeytinya\u011f\u0131nda bekletilmesi ile elde edilir. Ayval\u0131k, Mutluk\u00f6y\u2019deki bah\u00e7emizin zeytinlerinin so\u011fuk s\u0131k\u0131m, 0.5 dizyem ya\u011f\u0131 ile, NaOH&#8217;\u0131n birle\u015fimidir. Hindistancevizi ya\u011f\u0131, kakao ya\u011f\u0131, bitkiler, lavanta maserasyon ya\u011f\u0131 ve u\u00e7ucu ya\u011f\u0131 ile i\u00e7eri\u011fi zenginle\u015ftirilmi\u015ftir.<\/p>\n<p>Lavantal\u0131 sabun; Antibakteriyel, antifungal, antiseptik \u00f6zelliklere sahiptir. Akne, sivilcelere iyi gelir. Cilde ferahl\u0131k verir, temizler, canland\u0131r\u0131r, bak\u0131m yapar. \u0130\u00e7erisindeki kabak lifi plastik keselere alternatiftir, nazik\u00e7e \u00f6l\u00fc deriyi temizler.<\/p>\n<p>\u0130\u00e7indekiler \/ Ingredients: SODIUM OLIVATE, AQUA, SODIUM COCOA BUTTERATE, SODIUM COCOATE, LAVANDULA ANGUSTIFOLIA FLOWER OIL, CI 77007.<\/p>\n<p>Kullan\u0131m Talimat\u0131: Sabunu nemli y\u00fcz\u00fcn\u00fczde veya v\u00fccudunuzda k\u00f6p\u00fcrene kadar nazik\u00e7e, masaj yaparak gezdirin. Bol su ile durulay\u0131n\u0131z. \u0130pinden asarak veya \u0131zgaral\u0131 bir sabunlukla kullanman\u0131z sabunun \u00f6mr\u00fcn\u00fc uzat\u0131r.<\/p>\n<p>&nbsp;<\/p>","protected":false},"excerpt":{"rendered":"<p>lavender natural bath soap with loofah<\/p>","protected":false},"featured_media":4469,"comment_status":"open","ping_status":"closed","template":"","meta":{"site-sidebar-layout":"default","site-content-layout":"default","ast-main-header-display":"","ast-hfb-above-header-display":"","ast-hfb-below-header-display":"","ast-hfb-mobile-header-display":"","site-post-title":"","ast-breadcrumbs-content":"","ast-featured-img":"","footer-sml-layout":"","theme-transparent-header-meta":"default","adv-header-id-meta":"","stick-header-meta":"","header-above-stick-meta":"","header-main-stick-meta":"","header-below-stick-meta":"","spay_email":"","jetpack_publicize_message":"","jetpack_is_tweetstorm":false,"jetpack_publicize_feature_enabled":true},"product_cat":[36],"product_tag":[102,101,103,106,111,23],"_links":{"self":[{"href":"https:\/\/atolyedelice.com.tr\/en\/wp-json\/wp\/v2\/product\/4468"}],"collection":[{"href":"https:\/\/atolyedelice.com.tr\/en\/wp-json\/wp\/v2\/product"}],"about":[{"href":"https:\/\/atolyedelice.com.tr\/en\/wp-json\/wp\/v2\/types\/product"}],"replies":[{"embeddable":true,"href":"https:\/\/atolyedelice.com.tr\/en\/wp-json\/wp\/v2\/comments?post=4468"}],"wp:featuredmedia":[{"embeddable":true,"href":"https:\/\/atolyedelice.com.tr\/en\/wp-json\/wp\/v2\/media\/4469"}],"wp:attachment":[{"href":"https:\/\/atolyedelice.com.tr\/en\/wp-json\/wp\/v2\/media?parent=4468"}],"wp:term":[{"taxonomy":"product_cat","embeddable":true,"href":"https:\/\/atolyedelice.com.tr\/en\/wp-json\/wp\/v2\/product_cat?post=4468"},{"taxonomy":"product_tag","embeddable":true,"href":"https:\/\/atolyedelice.com.tr\/en\/wp-json\/wp\/v2\/product_tag?post=4468"}],"curies":[{"name":"wp","href":"https:\/\/api.w.org\/{rel}","templated":true}]}}