{"id":4473,"date":"2022-03-13T17:25:16","date_gmt":"2022-03-13T14:25:16","guid":{"rendered":"http:\/\/atolyedelice.com\/?post_type=product&#038;p=4473"},"modified":"2026-03-31T13:38:14","modified_gmt":"2026-03-31T10:38:14","slug":"aynisefali-dolsatir-vucudunda","status":"publish","type":"product","link":"https:\/\/atolyedelice.com.tr\/en\/product\/aynisefali-dolsatir-vucudunda\/","title":{"rendered":"Ayn\u0131sefal\u0131, Dola\u015ft\u0131r V\u00fccudunda &#8211; Kabak Lifli Sabun"},"content":{"rendered":"<p>Faydalar\u0131 saymakla bitmeyen ayn\u0131sefa bitkisinin \u00e7i\u00e7eklerinin zeytinya\u011f\u0131nda bekletilerek elde edilen ayn\u0131sefa maserasyon ya\u011f\u0131 bu sabunda yo\u011fun kullan\u0131lm\u0131\u015ft\u0131r. Cildi temizler, yo\u011fun nemledirir, bak\u0131m yapar. \u0130\u00e7erisindeki kabak lifi plastik keselere alternatiftir, nazik\u00e7e \u00f6l\u00fc deriyi temizler.<\/p>\n<p>\u0130\u00e7indekiler \/ Ingredients: ALENDULA OFFICINALIS FLOWER OIL, SODIUM OLIVATE, AQUA, SODIUM COCOA BUTTERATE, SODIUM COCOATE, LAVANDULA ANGUSTIFOLIA FLOWER OIL, CI 11680.<\/p>\n<p>Kullan\u0131m Talimat\u0131: Sabunu nemli y\u00fcz\u00fcn\u00fczde veya v\u00fccudunuzda k\u00f6p\u00fcrene kadar nazik\u00e7e, masaj yaparak gezdirin. Bol su ile durulay\u0131n\u0131z. \u0130pinden asarak veya \u0131zgaral\u0131 bir sabunlukla kullanman\u0131z sabunun \u00f6mr\u00fcn\u00fc uzat\u0131r.<\/p>\n<p>&nbsp;<\/p>\n<p>&nbsp;<\/p>","protected":false},"excerpt":{"rendered":"<p>calendula natural bath soap with loofah<\/p>","protected":false},"featured_media":4476,"comment_status":"open","ping_status":"closed","template":"","meta":{"site-sidebar-layout":"default","site-content-layout":"default","ast-main-header-display":"","ast-hfb-above-header-display":"","ast-hfb-below-header-display":"","ast-hfb-mobile-header-display":"","site-post-title":"","ast-breadcrumbs-content":"","ast-featured-img":"","footer-sml-layout":"","theme-transparent-header-meta":"default","adv-header-id-meta":"","stick-header-meta":"","header-above-stick-meta":"","header-main-stick-meta":"","header-below-stick-meta":"","spay_email":"","jetpack_publicize_message":"","jetpack_is_tweetstorm":false,"jetpack_publicize_feature_enabled":true},"product_cat":[36],"product_tag":[98,102,101,103,106],"_links":{"self":[{"href":"https:\/\/atolyedelice.com.tr\/en\/wp-json\/wp\/v2\/product\/4473"}],"collection":[{"href":"https:\/\/atolyedelice.com.tr\/en\/wp-json\/wp\/v2\/product"}],"about":[{"href":"https:\/\/atolyedelice.com.tr\/en\/wp-json\/wp\/v2\/types\/product"}],"replies":[{"embeddable":true,"href":"https:\/\/atolyedelice.com.tr\/en\/wp-json\/wp\/v2\/comments?post=4473"}],"wp:featuredmedia":[{"embeddable":true,"href":"https:\/\/atolyedelice.com.tr\/en\/wp-json\/wp\/v2\/media\/4476"}],"wp:attachment":[{"href":"https:\/\/atolyedelice.com.tr\/en\/wp-json\/wp\/v2\/media?parent=4473"}],"wp:term":[{"taxonomy":"product_cat","embeddable":true,"href":"https:\/\/atolyedelice.com.tr\/en\/wp-json\/wp\/v2\/product_cat?post=4473"},{"taxonomy":"product_tag","embeddable":true,"href":"https:\/\/atolyedelice.com.tr\/en\/wp-json\/wp\/v2\/product_tag?post=4473"}],"curies":[{"name":"wp","href":"https:\/\/api.w.org\/{rel}","templated":true}]}}