{"id":4478,"date":"2022-03-14T16:07:59","date_gmt":"2022-03-14T13:07:59","guid":{"rendered":"http:\/\/atolyedelice.com\/?post_type=product&#038;p=4478"},"modified":"2026-03-28T15:56:50","modified_gmt":"2026-03-28T12:56:50","slug":"isirganli-sac-bakim-seti","status":"publish","type":"product","link":"https:\/\/atolyedelice.com.tr\/en\/product\/isirganli-sac-bakim-seti\/","title":{"rendered":"Is\u0131rganl\u0131 Sa\u00e7 Bak\u0131m Seti"},"content":{"rendered":"<p>Is\u0131rganl\u0131 Sa\u00e7 bak\u0131m seti: 2 adet \u0131s\u0131rgan sabunu ve 100 ml lavanta&amp;papatya suyu i\u00e7erir.<\/p>\n<p>Nettle and Hair soaps are both suitable for daily use.<\/p>\n<p>Hair tonic: Spray on soap washed and rinsed hair.<\/p>","protected":false},"excerpt":{"rendered":"<p>\u0131s\u0131rganl\u0131 sabun i\u00e7eren sa\u00e7 bak\u0131m seti<\/p>","protected":false},"featured_media":4479,"comment_status":"open","ping_status":"closed","template":"","meta":{"site-sidebar-layout":"default","site-content-layout":"default","ast-main-header-display":"","ast-hfb-above-header-display":"","ast-hfb-below-header-display":"","ast-hfb-mobile-header-display":"","site-post-title":"","ast-breadcrumbs-content":"","ast-featured-img":"","footer-sml-layout":"","theme-transparent-header-meta":"default","adv-header-id-meta":"","stick-header-meta":"","header-above-stick-meta":"","header-main-stick-meta":"","header-below-stick-meta":"","spay_email":"","jetpack_publicize_message":"","jetpack_is_tweetstorm":false,"jetpack_publicize_feature_enabled":true},"product_cat":[40],"product_tag":[106,105,111,119,104,118],"_links":{"self":[{"href":"https:\/\/atolyedelice.com.tr\/en\/wp-json\/wp\/v2\/product\/4478"}],"collection":[{"href":"https:\/\/atolyedelice.com.tr\/en\/wp-json\/wp\/v2\/product"}],"about":[{"href":"https:\/\/atolyedelice.com.tr\/en\/wp-json\/wp\/v2\/types\/product"}],"replies":[{"embeddable":true,"href":"https:\/\/atolyedelice.com.tr\/en\/wp-json\/wp\/v2\/comments?post=4478"}],"wp:featuredmedia":[{"embeddable":true,"href":"https:\/\/atolyedelice.com.tr\/en\/wp-json\/wp\/v2\/media\/4479"}],"wp:attachment":[{"href":"https:\/\/atolyedelice.com.tr\/en\/wp-json\/wp\/v2\/media?parent=4478"}],"wp:term":[{"taxonomy":"product_cat","embeddable":true,"href":"https:\/\/atolyedelice.com.tr\/en\/wp-json\/wp\/v2\/product_cat?post=4478"},{"taxonomy":"product_tag","embeddable":true,"href":"https:\/\/atolyedelice.com.tr\/en\/wp-json\/wp\/v2\/product_tag?post=4478"}],"curies":[{"name":"wp","href":"https:\/\/api.w.org\/{rel}","templated":true}]}}