{"id":4486,"date":"2022-03-14T16:19:30","date_gmt":"2022-03-14T13:19:30","guid":{"rendered":"http:\/\/atolyedelice.com\/?post_type=product&#038;p=4486"},"modified":"2026-01-28T17:14:43","modified_gmt":"2026-01-28T14:14:43","slug":"kuru-cilt-bakim-seti","status":"publish","type":"product","link":"https:\/\/atolyedelice.com.tr\/en\/product\/kuru-cilt-bakim-seti\/","title":{"rendered":"Dry Skin Care Set"},"content":{"rendered":"<p>1 adet Ayn\u0131sefa sabun ve 1 adet Bal&amp;Yulaf sabunu ,100ml \u00e7i\u00e7ek \u00f6z\u00fc tonik, Badem merhem (50 ml) ve \u015feker ovmas\u0131 (peeling &#8211; 50ml) i\u00e7erir.<\/p>\n<p>Calendula and Honey&amp;Oats soap: Nourishes and moisturizes the skin. Calendula is suitable for sensitive skin. Both are suitable for daily use.<\/p>\n<p>Tonic: Apply to clean skin washed with soap. Wet cotton with tonic and clean the skin. Store in fridge or cool, dry place.<\/p>\n<p>Almond Salve: Apply morning and night on clean skin. Moisturizes and nourishes the skin; has anti aging qualities.<\/p>\n<p>\u015eeker ovmas\u0131 kullan\u0131m\u0131: haftada bir kullan\u0131l\u0131r. cilde hafif\u00e7e masaj yap\u0131l\u0131r. su ile temizlenir.<\/p>","protected":false},"excerpt":{"rendered":"<p>set includes products for dry skin care<\/p>","protected":false},"featured_media":4488,"comment_status":"open","ping_status":"closed","template":"","meta":{"site-sidebar-layout":"default","site-content-layout":"default","ast-main-header-display":"","ast-hfb-above-header-display":"","ast-hfb-below-header-display":"","ast-hfb-mobile-header-display":"","site-post-title":"","ast-breadcrumbs-content":"","ast-featured-img":"","footer-sml-layout":"","theme-transparent-header-meta":"default","adv-header-id-meta":"","stick-header-meta":"","header-above-stick-meta":"","header-main-stick-meta":"","header-below-stick-meta":"","spay_email":"","jetpack_publicize_message":"","jetpack_is_tweetstorm":false,"jetpack_publicize_feature_enabled":true},"product_cat":[40],"product_tag":[123,98,99,101,24,106,120,122,124,121,100,117],"_links":{"self":[{"href":"https:\/\/atolyedelice.com.tr\/en\/wp-json\/wp\/v2\/product\/4486"}],"collection":[{"href":"https:\/\/atolyedelice.com.tr\/en\/wp-json\/wp\/v2\/product"}],"about":[{"href":"https:\/\/atolyedelice.com.tr\/en\/wp-json\/wp\/v2\/types\/product"}],"replies":[{"embeddable":true,"href":"https:\/\/atolyedelice.com.tr\/en\/wp-json\/wp\/v2\/comments?post=4486"}],"wp:featuredmedia":[{"embeddable":true,"href":"https:\/\/atolyedelice.com.tr\/en\/wp-json\/wp\/v2\/media\/4488"}],"wp:attachment":[{"href":"https:\/\/atolyedelice.com.tr\/en\/wp-json\/wp\/v2\/media?parent=4486"}],"wp:term":[{"taxonomy":"product_cat","embeddable":true,"href":"https:\/\/atolyedelice.com.tr\/en\/wp-json\/wp\/v2\/product_cat?post=4486"},{"taxonomy":"product_tag","embeddable":true,"href":"https:\/\/atolyedelice.com.tr\/en\/wp-json\/wp\/v2\/product_tag?post=4486"}],"curies":[{"name":"wp","href":"https:\/\/api.w.org\/{rel}","templated":true}]}}