{"id":4490,"date":"2022-03-14T16:26:06","date_gmt":"2022-03-14T13:26:06","guid":{"rendered":"http:\/\/atolyedelice.com\/?post_type=product&#038;p=4490"},"modified":"2026-01-28T17:15:20","modified_gmt":"2026-01-28T14:15:20","slug":"yagli-cilt-bakim-seti","status":"publish","type":"product","link":"https:\/\/atolyedelice.com.tr\/en\/product\/yagli-cilt-bakim-seti\/","title":{"rendered":"Oily Skin Care Set"},"content":{"rendered":"<p>\u015eeker ovma , y\u00fcz peeling (50ml) 1 adet aktif karbon sabunu, 1 adet kekik sabunu , 100ml cam \u015fi\u015fede mersin &amp;lavanta suyu, tonik i\u00e7erir.<\/p>\n<p>Kekik Sabunu kullan\u0131m\u0131: cildi derinlemesine temizler. siyah nokta ve g\u00f6zenek temizli\u011finde kullan\u0131l\u0131r. g\u00fcnl\u00fck kullan\u0131ma uygundur.<\/p>\n<p>Active Charcoal soap may be used for 2-3 times a week.<\/p>\n<p>Tonic: Apply to clean skin washed with soap. Wet cotton with tonic and clean the skin. Store in fridge or cool, dry place.<\/p>\n<p>\u015eeker ovmas\u0131 kullan\u0131m\u0131: haftada bir kez cilt yumu\u015fak hareketlerle ovulur. su ile temizlenir.<\/p>","protected":false},"excerpt":{"rendered":"<p>natural care products for oily skin<\/p>","protected":false},"featured_media":4492,"comment_status":"open","ping_status":"closed","template":"","meta":{"site-sidebar-layout":"default","site-content-layout":"default","ast-main-header-display":"","ast-hfb-above-header-display":"","ast-hfb-below-header-display":"","ast-hfb-mobile-header-display":"","site-post-title":"","ast-breadcrumbs-content":"","ast-featured-img":"","footer-sml-layout":"","theme-transparent-header-meta":"default","adv-header-id-meta":"","stick-header-meta":"","header-above-stick-meta":"","header-main-stick-meta":"","header-below-stick-meta":"","spay_email":"","jetpack_publicize_message":"","jetpack_is_tweetstorm":false,"jetpack_publicize_feature_enabled":true},"product_cat":[40],"product_tag":[114,101,129,24,106,127,111,128,125,130,126],"_links":{"self":[{"href":"https:\/\/atolyedelice.com.tr\/en\/wp-json\/wp\/v2\/product\/4490"}],"collection":[{"href":"https:\/\/atolyedelice.com.tr\/en\/wp-json\/wp\/v2\/product"}],"about":[{"href":"https:\/\/atolyedelice.com.tr\/en\/wp-json\/wp\/v2\/types\/product"}],"replies":[{"embeddable":true,"href":"https:\/\/atolyedelice.com.tr\/en\/wp-json\/wp\/v2\/comments?post=4490"}],"wp:featuredmedia":[{"embeddable":true,"href":"https:\/\/atolyedelice.com.tr\/en\/wp-json\/wp\/v2\/media\/4492"}],"wp:attachment":[{"href":"https:\/\/atolyedelice.com.tr\/en\/wp-json\/wp\/v2\/media?parent=4490"}],"wp:term":[{"taxonomy":"product_cat","embeddable":true,"href":"https:\/\/atolyedelice.com.tr\/en\/wp-json\/wp\/v2\/product_cat?post=4490"},{"taxonomy":"product_tag","embeddable":true,"href":"https:\/\/atolyedelice.com.tr\/en\/wp-json\/wp\/v2\/product_tag?post=4490"}],"curies":[{"name":"wp","href":"https:\/\/api.w.org\/{rel}","templated":true}]}}