{"id":4494,"date":"2022-03-14T16:35:25","date_gmt":"2022-03-14T13:35:25","guid":{"rendered":"http:\/\/atolyedelice.com\/?post_type=product&#038;p=4494"},"modified":"2026-01-28T17:24:32","modified_gmt":"2026-01-28T14:24:32","slug":"badem-merhem","status":"publish","type":"product","link":"https:\/\/atolyedelice.com.tr\/en\/product\/badem-merhem\/","title":{"rendered":"Badem Merhem &#8211; Y\u00fcz Bak\u0131m Merhemi"},"content":{"rendered":"<p>Yenilebilir cilde faydal\u0131 ya\u011flarla form\u00fcle edilmi\u015f, \u00f6zellikle kuru ciltlerin nem ihtiyac\u0131n\u0131 kar\u015f\u0131lar. Ya\u015flanma kar\u015f\u0131t\u0131 ya\u011flar ve cilt bariyerini onaran ya\u011flarla i\u00e7eri\u011fi zenginle\u015ftirilmi\u015ftir. \u0130\u00e7eri\u011finde koruyucu katk\u0131 maddesi yoktur.<\/p>\n<p>So\u011fuk s\u0131k\u0131m \u00fcz\u00fcm \u00e7ekirde\u011fi ya\u011f\u0131, jojoba, hodan, badem ya\u011f\u0131 ve makademya ya\u011f\u0131 ile zenginle\u015ftirilmi\u015f bak\u0131m merhemi. \u0130\u00e7erisindeki t\u00fcm bile\u015fenler yenilebilir malzemelerdir. Kuru ve normal ciltler kullanabilir. \u0130nce \u00e7izgilerde ve cilt tonunun e\u015fitlenmesinde yard\u0131mc\u0131d\u0131r.<\/p>\n<div><em>Kullanma talimat\u0131: <\/em>Temiz cilde uygulan\u0131r. \u0130\u00e7erisinde koruyucu katk\u0131 maddeleri olmad\u0131\u011f\u0131ndan, tahta \u00e7ubuk yard\u0131m\u0131 ile kullan\u0131lmas\u0131 tavsiye edilir. Haricen uygulan\u0131r.<\/div>\n<div>Store in room temperature.<\/div>","protected":false},"excerpt":{"rendered":"<p>remedial care salve<\/p>","protected":false},"featured_media":4499,"comment_status":"open","ping_status":"closed","template":"","meta":{"site-sidebar-layout":"default","site-content-layout":"default","ast-main-header-display":"","ast-hfb-above-header-display":"","ast-hfb-below-header-display":"","ast-hfb-mobile-header-display":"","site-post-title":"","ast-breadcrumbs-content":"","ast-featured-img":"","footer-sml-layout":"","theme-transparent-header-meta":"default","adv-header-id-meta":"","stick-header-meta":"","header-above-stick-meta":"","header-main-stick-meta":"","header-below-stick-meta":"","spay_email":"","jetpack_publicize_message":"","jetpack_is_tweetstorm":false,"jetpack_publicize_feature_enabled":true},"product_cat":[38],"product_tag":[123,133,101,24,21,132,122,131],"_links":{"self":[{"href":"https:\/\/atolyedelice.com.tr\/en\/wp-json\/wp\/v2\/product\/4494"}],"collection":[{"href":"https:\/\/atolyedelice.com.tr\/en\/wp-json\/wp\/v2\/product"}],"about":[{"href":"https:\/\/atolyedelice.com.tr\/en\/wp-json\/wp\/v2\/types\/product"}],"replies":[{"embeddable":true,"href":"https:\/\/atolyedelice.com.tr\/en\/wp-json\/wp\/v2\/comments?post=4494"}],"wp:featuredmedia":[{"embeddable":true,"href":"https:\/\/atolyedelice.com.tr\/en\/wp-json\/wp\/v2\/media\/4499"}],"wp:attachment":[{"href":"https:\/\/atolyedelice.com.tr\/en\/wp-json\/wp\/v2\/media?parent=4494"}],"wp:term":[{"taxonomy":"product_cat","embeddable":true,"href":"https:\/\/atolyedelice.com.tr\/en\/wp-json\/wp\/v2\/product_cat?post=4494"},{"taxonomy":"product_tag","embeddable":true,"href":"https:\/\/atolyedelice.com.tr\/en\/wp-json\/wp\/v2\/product_tag?post=4494"}],"curies":[{"name":"wp","href":"https:\/\/api.w.org\/{rel}","templated":true}]}}