{"id":4504,"date":"2022-03-14T17:01:31","date_gmt":"2022-03-14T14:01:31","guid":{"rendered":"http:\/\/atolyedelice.com\/?post_type=product&#038;p=4504"},"modified":"2025-05-21T11:10:22","modified_gmt":"2025-05-21T08:10:22","slug":"derman-merhem","status":"publish","type":"product","link":"https:\/\/atolyedelice.com.tr\/en\/product\/derman-merhem\/","title":{"rendered":"Derman Merhem &#8211; Yara Merhemi"},"content":{"rendered":"<p>Derman, at\u00f6lyemizde do\u011fal ya\u011flar ile harmanlad\u0131\u011f\u0131m\u0131z cilde faydal\u0131 sabit ya\u011flar, maserasyon ya\u011flar\u0131 ve u\u00e7ucu ya\u011flar\u0131n bulu\u015ftu\u011fu yara merhemdir.<\/p>\n<p>Ufak tefek \u00e7izikler, g\u00fcne\u015f sonras\u0131 cildi rahatlatma, cilt kurulu\u011fundan kaynaklanan sorunlar\u0131 yat\u0131\u015ft\u0131rmada etkilidir. K\u0131\u015f aylar\u0131nda \u00f6zellikle so\u011fuktan kuruyan, \u00e7atlayan ellerinizde i\u00e7in de kullanabilirsiniz.<\/p>\n<p>Ayn\u0131sefa, papatya, yabani yulaf ya\u011f\u0131, kantaron ya\u011f\u0131 ile zenginle\u015ftirilmi\u015f bak\u0131m merhemi. \u0130\u00e7erisindeki t\u00fcm bile\u015fenler yenilebilir malzemelerdir. Temiz cilde uygulay\u0131n\u0131z.<\/p>\n<p>Kulland\u0131ktan 2 saat sonra g\u00fcne\u015fe \u00e7\u0131kmaman\u0131z\u0131 tavsiye ederiz. Kantaron ya\u011f\u0131, baz\u0131 ki\u015filerde g\u00fcne\u015f hassasiyetine neden olabilir. Serin bir yerde\/ buzdolab\u0131nda saklay\u0131n\u0131z.<\/p>","protected":false},"excerpt":{"rendered":"<p>Derman, at\u00f6lyemizde harmanlad\u0131\u011f\u0131m\u0131z cilde faydal\u0131 sabit ya\u011flar ile maserasyon ya\u011flar\u0131n, u\u00e7ucu ya\u011flar ile bulu\u015ftu\u011fu merhemdir. Ufak tefek \u00e7izikler, g\u00fcne\u015f sonras\u0131 cildi rahatlatma, cilt kurulu\u011fundan kaynaklanan sorunlar\u0131 yat\u0131\u015ft\u0131rmada etkilidir. K\u0131\u015f aylar\u0131nda \u00f6zellikle so\u011fuktan kuruyan, \u00e7atlayan ellerinizde i\u00e7in de kullanabilirsiniz.<\/p>","protected":false},"featured_media":4509,"comment_status":"open","ping_status":"closed","template":"","meta":{"site-sidebar-layout":"default","site-content-layout":"default","ast-main-header-display":"","ast-hfb-above-header-display":"","ast-hfb-below-header-display":"","ast-hfb-mobile-header-display":"","site-post-title":"","ast-breadcrumbs-content":"","ast-featured-img":"","footer-sml-layout":"","theme-transparent-header-meta":"default","adv-header-id-meta":"","stick-header-meta":"","header-above-stick-meta":"","header-main-stick-meta":"","header-below-stick-meta":"","spay_email":"","jetpack_publicize_message":"","jetpack_is_tweetstorm":false,"jetpack_publicize_feature_enabled":true},"product_cat":[38],"product_tag":[98,140,101,24,138,136,122,119,139,137,100],"_links":{"self":[{"href":"https:\/\/atolyedelice.com.tr\/en\/wp-json\/wp\/v2\/product\/4504"}],"collection":[{"href":"https:\/\/atolyedelice.com.tr\/en\/wp-json\/wp\/v2\/product"}],"about":[{"href":"https:\/\/atolyedelice.com.tr\/en\/wp-json\/wp\/v2\/types\/product"}],"replies":[{"embeddable":true,"href":"https:\/\/atolyedelice.com.tr\/en\/wp-json\/wp\/v2\/comments?post=4504"}],"wp:featuredmedia":[{"embeddable":true,"href":"https:\/\/atolyedelice.com.tr\/en\/wp-json\/wp\/v2\/media\/4509"}],"wp:attachment":[{"href":"https:\/\/atolyedelice.com.tr\/en\/wp-json\/wp\/v2\/media?parent=4504"}],"wp:term":[{"taxonomy":"product_cat","embeddable":true,"href":"https:\/\/atolyedelice.com.tr\/en\/wp-json\/wp\/v2\/product_cat?post=4504"},{"taxonomy":"product_tag","embeddable":true,"href":"https:\/\/atolyedelice.com.tr\/en\/wp-json\/wp\/v2\/product_tag?post=4504"}],"curies":[{"name":"wp","href":"https:\/\/api.w.org\/{rel}","templated":true}]}}