{"id":4510,"date":"2022-03-14T17:13:35","date_gmt":"2022-03-14T14:13:35","guid":{"rendered":"http:\/\/atolyedelice.com\/?post_type=product&#038;p=4510"},"modified":"2026-02-07T13:57:14","modified_gmt":"2026-02-07T10:57:14","slug":"paramparlak","status":"publish","type":"product","link":"https:\/\/atolyedelice.com.tr\/en\/product\/paramparlak\/","title":{"rendered":"Renkli Dudak Balm\u0131 Paramparlak"},"content":{"rendered":"<div dir=\"ltr\">\n<p>Yenilebilir ya\u011flarla ve bitkisel pigmentlerle yap\u0131lan bak\u0131m merhemi. Dudaklar\u0131n\u0131z hem renklensin, hem de nemlensin. \u0130\u00e7eri\u011fi; Kakao ya\u011f\u0131, hint ya\u011f\u0131, badem ya\u011f\u0131, shea butter, balmumu, bitkisel pigment ve portakal u\u00e7ucu ya\u011f\u0131.<\/p>\n<p>Kullan\u0131m talimat\u0131: \u0130\u00e7erisinde koruyucu katk\u0131 maddeleri olmad\u0131\u011f\u0131ndan temiz elinizle veya tahta \u00e7ubuk yard\u0131m\u0131 ile \u00e7ok ufak bir miktar alarak dudaklar\u0131n\u0131za, yanaklar\u0131n\u0131za kullanabilirsiniz.<\/p>\n<\/div>\n<div class=\"yj6qo\">\n<div><span style=\"font-size: 16px;\">Store in room temperature.<\/span><\/div>\n<\/div>","protected":false},"excerpt":{"rendered":"<p>moisturizing lip care, various colors<\/p>","protected":false},"featured_media":4516,"comment_status":"open","ping_status":"closed","template":"","meta":{"site-sidebar-layout":"default","site-content-layout":"default","ast-main-header-display":"","ast-hfb-above-header-display":"","ast-hfb-below-header-display":"","ast-hfb-mobile-header-display":"","site-post-title":"","ast-breadcrumbs-content":"","ast-featured-img":"","footer-sml-layout":"","theme-transparent-header-meta":"default","adv-header-id-meta":"","stick-header-meta":"","header-above-stick-meta":"","header-main-stick-meta":"","header-below-stick-meta":"","spay_email":"","jetpack_publicize_message":"","jetpack_is_tweetstorm":false,"jetpack_publicize_feature_enabled":true},"product_cat":[38],"product_tag":[133,24,142,143,141,124,116],"_links":{"self":[{"href":"https:\/\/atolyedelice.com.tr\/en\/wp-json\/wp\/v2\/product\/4510"}],"collection":[{"href":"https:\/\/atolyedelice.com.tr\/en\/wp-json\/wp\/v2\/product"}],"about":[{"href":"https:\/\/atolyedelice.com.tr\/en\/wp-json\/wp\/v2\/types\/product"}],"replies":[{"embeddable":true,"href":"https:\/\/atolyedelice.com.tr\/en\/wp-json\/wp\/v2\/comments?post=4510"}],"wp:featuredmedia":[{"embeddable":true,"href":"https:\/\/atolyedelice.com.tr\/en\/wp-json\/wp\/v2\/media\/4516"}],"wp:attachment":[{"href":"https:\/\/atolyedelice.com.tr\/en\/wp-json\/wp\/v2\/media?parent=4510"}],"wp:term":[{"taxonomy":"product_cat","embeddable":true,"href":"https:\/\/atolyedelice.com.tr\/en\/wp-json\/wp\/v2\/product_cat?post=4510"},{"taxonomy":"product_tag","embeddable":true,"href":"https:\/\/atolyedelice.com.tr\/en\/wp-json\/wp\/v2\/product_tag?post=4510"}],"curies":[{"name":"wp","href":"https:\/\/api.w.org\/{rel}","templated":true}]}}