{"id":4553,"date":"2022-03-16T13:14:26","date_gmt":"2022-03-16T10:14:26","guid":{"rendered":"http:\/\/atolyedelice.com\/?post_type=product&#038;p=4553"},"modified":"2026-02-24T13:07:33","modified_gmt":"2026-02-24T10:07:33","slug":"kekik","status":"publish","type":"product","link":"https:\/\/atolyedelice.com.tr\/en\/product\/kekik\/","title":{"rendered":"Thyme"},"content":{"rendered":"<p>All our soaps are handmade using cold process. They are made by combining NaOH and the olive oil from our garden in Murlukoy, Ayvalik; further enhanced with coconut oil, cacao oil, maseration and essential oils.<\/p>\n<div>Thyme soap deeply cleanses; skin prone to blackheads and pores may prefer.<\/div>\n<div>app. 90-110 grams<\/div>\n<div><\/div>\n<div>Using grated soap holders that have some ventilation help soaps last longer. =)<\/div>","protected":false},"excerpt":{"rendered":"<p>T\u00fcm sabunlar\u0131m\u0131z, kendi \u00fcretimimiz olup, so\u011fuk y\u00f6ntem ile elde yap\u0131lmaktad\u0131r. \u0130\u00e7eri\u011fi do\u011fal hammaddelerden olu\u015fur, cilde ve kar\u0131\u015ft\u0131\u011f\u0131 suya topra\u011fa zarar vermez. Sabunda bulunan kekik maserasyon ya\u011f\u0131, Ayval\u0131k&#8217;\u0131n civar k\u00f6ylerinde yeti\u015ftirilen kekiklerin s\u0131zma zeytinya\u011f\u0131nda bekletilmesi ile elde edilir. Sabunlar\u0131m\u0131z\u0131n \u00fcretimindeki en \u00f6nemli hammadde olan zeytinya\u011f\u0131, Ayval\u0131k, Mutluk\u00f6y\u2019deki bah\u00e7emizin zeytinlerinin so\u011fuk s\u0131k\u0131m, 0.5 dizyem ya\u011f\u0131d\u0131r. Sabunlar\u0131m\u0131z bu ya\u011f\u0131n NaOH&#8217;\u0131n birle\u015fimidir. Hindistancevizi ya\u011f\u0131, kakao ya\u011f\u0131, bitkiler, kekik maserasyon ya\u011f\u0131 ve u\u00e7ucu ya\u011f\u0131 ile i\u00e7eri\u011fi zenginle\u015ftirilmi\u015ftir.<\/p>\n<p>Kekik sabunu; Cildi derinlemesine temizler, ar\u0131nd\u0131r\u0131r, bak\u0131m yapar.<\/p>\n<p><span style=\"font-size: 16px;\">\u0130\u00e7indekiler \/ Ingredients: SODIUM OLIVATE, AQUA, SODIUM COCOA BUTTERATE, SODIUM COCOATE, THYMUS VULGARIS OIL, CI 77007.<\/span><\/p>\n<p>Kullan\u0131m Talimat\u0131: Sabunu nemli y\u00fcz\u00fcn\u00fczde veya v\u00fccudunuzda k\u00f6p\u00fcrene kadar nazik\u00e7e, masaj yaparak gezdirin. Bol su ile durulay\u0131n\u0131z.<\/p>\n<p>\u0130pinden asarak veya \u0131zgaral\u0131 bir sabunlukla kullanman\u0131z sabunun \u00f6mr\u00fcn\u00fc uzat\u0131r.<\/p>\n<p>A\u011f\u0131rl\u0131k: 110 &#8211; 120gram<\/p>\n<p>&nbsp;<\/p>","protected":false},"featured_media":4556,"comment_status":"open","ping_status":"closed","template":"","meta":{"site-sidebar-layout":"default","site-content-layout":"default","ast-main-header-display":"","ast-hfb-above-header-display":"","ast-hfb-below-header-display":"","ast-hfb-mobile-header-display":"","site-post-title":"","ast-breadcrumbs-content":"","ast-featured-img":"","footer-sml-layout":"","theme-transparent-header-meta":"default","adv-header-id-meta":"","stick-header-meta":"","header-above-stick-meta":"","header-main-stick-meta":"","header-below-stick-meta":"","spay_email":"","jetpack_publicize_message":"","jetpack_is_tweetstorm":false,"jetpack_publicize_feature_enabled":true},"product_cat":[22],"product_tag":[102,101,106,127,117],"_links":{"self":[{"href":"https:\/\/atolyedelice.com.tr\/en\/wp-json\/wp\/v2\/product\/4553"}],"collection":[{"href":"https:\/\/atolyedelice.com.tr\/en\/wp-json\/wp\/v2\/product"}],"about":[{"href":"https:\/\/atolyedelice.com.tr\/en\/wp-json\/wp\/v2\/types\/product"}],"replies":[{"embeddable":true,"href":"https:\/\/atolyedelice.com.tr\/en\/wp-json\/wp\/v2\/comments?post=4553"}],"wp:featuredmedia":[{"embeddable":true,"href":"https:\/\/atolyedelice.com.tr\/en\/wp-json\/wp\/v2\/media\/4556"}],"wp:attachment":[{"href":"https:\/\/atolyedelice.com.tr\/en\/wp-json\/wp\/v2\/media?parent=4553"}],"wp:term":[{"taxonomy":"product_cat","embeddable":true,"href":"https:\/\/atolyedelice.com.tr\/en\/wp-json\/wp\/v2\/product_cat?post=4553"},{"taxonomy":"product_tag","embeddable":true,"href":"https:\/\/atolyedelice.com.tr\/en\/wp-json\/wp\/v2\/product_tag?post=4553"}],"curies":[{"name":"wp","href":"https:\/\/api.w.org\/{rel}","templated":true}]}}