{"id":4583,"date":"2022-03-16T19:25:39","date_gmt":"2022-03-16T16:25:39","guid":{"rendered":"http:\/\/atolyedelice.com\/?post_type=product&#038;p=4583"},"modified":"2026-03-04T18:58:56","modified_gmt":"2026-03-04T15:58:56","slug":"hibiskus-papatya","status":"publish","type":"product","link":"https:\/\/atolyedelice.com.tr\/en\/product\/hibiskus-papatya\/","title":{"rendered":"Hibiscus &amp; Camomile"},"content":{"rendered":"<p>All our soaps are handmade using cold process. They are made by combining NaOH and the olive oil from our garden in Murlukoy, Ayvalik; further enhanced with coconut oil, cacao oil, maseration and essential oils.<\/p>\n<div>Hibisk\u00fcs ve papatyal\u0131 sabun; hassas cildi nazik\u00e7e nemlendirir, canland\u0131r\u0131r, bak\u0131m yapar.\u00a0 C vitamini deposu hibisk\u00fcs cilt tonu e\u015fitlenmesine yard\u0131mc\u0131d\u0131r.<\/div>\n<div><\/div>\n<div>\u0130\u00e7indekiler \/ Ingredients: MATRICARIA RECUTITA FLOWER OIL, SODIUM OLIVATE, HIBISCUS SABDARIFFA FLOWER, SODIUM COCOA BUTTERATE, SODIUM COCOATE, LAVANDULA ANGUSTIFOLIA FLOWER OIL, RUBIA TINCTORUM ROOT.<\/div>\n<div><\/div>\n<div>Kullan\u0131m Talimat\u0131: Sabunu elinizde su ile k\u00f6p\u00fcrene kadar ovalay\u0131n\u0131z. Y\u00fcz\u00fcn\u00fcze ve v\u00fccudunuza masaj yaparak uygulay\u0131n\u0131z. Bol su ile durulay\u0131n\u0131z. Izgaral\u0131 bir sabunlukla kullanman\u0131z sabunun \u00f6mr\u00fcn\u00fc uzat\u0131r.<\/div>\n<div><\/div>\n<div>1 kal\u0131p yakla\u015f\u0131k 100 &#8211; 120 gram aras\u0131ndad\u0131r.<\/div>","protected":false},"excerpt":{"rendered":"<p>natural soap with hibiscus and camomile<\/p>","protected":false},"featured_media":4586,"comment_status":"open","ping_status":"closed","template":"","meta":{"site-sidebar-layout":"default","site-content-layout":"default","ast-main-header-display":"","ast-hfb-above-header-display":"","ast-hfb-below-header-display":"","ast-hfb-mobile-header-display":"","site-post-title":"","ast-breadcrumbs-content":"","ast-featured-img":"","footer-sml-layout":"","theme-transparent-header-meta":"default","adv-header-id-meta":"","stick-header-meta":"","header-above-stick-meta":"","header-main-stick-meta":"","header-below-stick-meta":"","spay_email":"","jetpack_publicize_message":"","jetpack_is_tweetstorm":false,"jetpack_publicize_feature_enabled":true},"product_cat":[22],"product_tag":[102,101,152,106,151,124,119],"_links":{"self":[{"href":"https:\/\/atolyedelice.com.tr\/en\/wp-json\/wp\/v2\/product\/4583"}],"collection":[{"href":"https:\/\/atolyedelice.com.tr\/en\/wp-json\/wp\/v2\/product"}],"about":[{"href":"https:\/\/atolyedelice.com.tr\/en\/wp-json\/wp\/v2\/types\/product"}],"replies":[{"embeddable":true,"href":"https:\/\/atolyedelice.com.tr\/en\/wp-json\/wp\/v2\/comments?post=4583"}],"wp:featuredmedia":[{"embeddable":true,"href":"https:\/\/atolyedelice.com.tr\/en\/wp-json\/wp\/v2\/media\/4586"}],"wp:attachment":[{"href":"https:\/\/atolyedelice.com.tr\/en\/wp-json\/wp\/v2\/media?parent=4583"}],"wp:term":[{"taxonomy":"product_cat","embeddable":true,"href":"https:\/\/atolyedelice.com.tr\/en\/wp-json\/wp\/v2\/product_cat?post=4583"},{"taxonomy":"product_tag","embeddable":true,"href":"https:\/\/atolyedelice.com.tr\/en\/wp-json\/wp\/v2\/product_tag?post=4583"}],"curies":[{"name":"wp","href":"https:\/\/api.w.org\/{rel}","templated":true}]}}