{"id":4594,"date":"2022-03-16T19:36:54","date_gmt":"2022-03-16T16:36:54","guid":{"rendered":"http:\/\/atolyedelice.com\/?post_type=product&#038;p=4594"},"modified":"2026-03-04T18:58:56","modified_gmt":"2026-03-04T15:58:56","slug":"aynisefa","status":"publish","type":"product","link":"https:\/\/atolyedelice.com.tr\/en\/product\/aynisefa\/","title":{"rendered":"Calendula"},"content":{"rendered":"<p><em><strong>Ayn\u0131sefa sabunu; <\/strong><\/em>Cildi temizler, yo\u011fun nemlendirir, bak\u0131m yapar. Kuru ve hassas ciltler, \u00e7ocuklar, ya\u015fl\u0131lar g\u00fcvenle kullanabilir.<\/p>\n<p>T\u00fcm sabunlar\u0131m\u0131z so\u011fuk proses, el yap\u0131m\u0131d\u0131r.\u00a0Sabunda bulunan ayn\u0131sefa maserasyon ya\u011f\u0131, Ayval\u0131k&#8217;\u0131n civar k\u00f6ylerinde yeti\u015ftirilen ayn\u0131sefa bitkisinin \u00e7i\u00e7eklerinin s\u0131zma zeytinya\u011f\u0131nda bekletilmesi ile elde edilir. Ayval\u0131k, Mutluk\u00f6y\u2019deki bah\u00e7emizin zeytinlerinin so\u011fuk s\u0131k\u0131m, 0.5 dizyem ya\u011f\u0131 ile, NaOH&#8217;\u0131n birle\u015fimidir. Hindistancevizi ya\u011f\u0131, kakao ya\u011f\u0131, bitkiler, ayn\u0131sefa maserasyon ya\u011f\u0131 ve lavanta u\u00e7ucu ya\u011f\u0131 ile i\u00e7eri\u011fi zenginle\u015ftirilmi\u015ftir.<\/p>\n<p>Faydalar\u0131 saymakla bitmeyen ayn\u0131sefa bitkisinin maserasyon ya\u011f bu sabunda yo\u011fun kullan\u0131lm\u0131\u015ft\u0131r.<\/p>\n<p>\u0130\u00e7indekiler \/ Ingredients: CALENDULA OFFICINALIS FLOWER OIL, SODIUM OLIVATE, AQUA, SODIUM COCOA BUTTERATE, SODIUM COCOATE, LAVANDULA ANGUSTIFOLIA FLOWER OIL.<\/p>\n<div>Kullan\u0131m Talimat\u0131: Sabunu elinizde su ile k\u00f6p\u00fcrene kadar ovalay\u0131n\u0131z. Y\u00fcz\u00fcn\u00fcze ve v\u00fccudunuza masaj yaparak uygulay\u0131n\u0131z. Bol su ile durulay\u0131n\u0131z. Izgaral\u0131 bir sabunlukla kullanman\u0131z sabunun \u00f6mr\u00fcn\u00fc uzat\u0131r.<\/div>\n<div>1kal\u0131p: 100 &#8211; 120gram aras\u0131ndad\u0131r.<\/div>","protected":false},"excerpt":{"rendered":"<p>natural soap with calendula<\/p>","protected":false},"featured_media":4596,"comment_status":"open","ping_status":"closed","template":"","meta":{"site-sidebar-layout":"default","site-content-layout":"default","ast-main-header-display":"","ast-hfb-above-header-display":"","ast-hfb-below-header-display":"","ast-hfb-mobile-header-display":"","site-post-title":"","ast-breadcrumbs-content":"","ast-featured-img":"","footer-sml-layout":"","theme-transparent-header-meta":"default","adv-header-id-meta":"","stick-header-meta":"","header-above-stick-meta":"","header-main-stick-meta":"","header-below-stick-meta":"","spay_email":"","jetpack_publicize_message":"","jetpack_is_tweetstorm":false,"jetpack_publicize_feature_enabled":true},"product_cat":[22],"product_tag":[98,102,154,101,106,153,120,124],"_links":{"self":[{"href":"https:\/\/atolyedelice.com.tr\/en\/wp-json\/wp\/v2\/product\/4594"}],"collection":[{"href":"https:\/\/atolyedelice.com.tr\/en\/wp-json\/wp\/v2\/product"}],"about":[{"href":"https:\/\/atolyedelice.com.tr\/en\/wp-json\/wp\/v2\/types\/product"}],"replies":[{"embeddable":true,"href":"https:\/\/atolyedelice.com.tr\/en\/wp-json\/wp\/v2\/comments?post=4594"}],"wp:featuredmedia":[{"embeddable":true,"href":"https:\/\/atolyedelice.com.tr\/en\/wp-json\/wp\/v2\/media\/4596"}],"wp:attachment":[{"href":"https:\/\/atolyedelice.com.tr\/en\/wp-json\/wp\/v2\/media?parent=4594"}],"wp:term":[{"taxonomy":"product_cat","embeddable":true,"href":"https:\/\/atolyedelice.com.tr\/en\/wp-json\/wp\/v2\/product_cat?post=4594"},{"taxonomy":"product_tag","embeddable":true,"href":"https:\/\/atolyedelice.com.tr\/en\/wp-json\/wp\/v2\/product_tag?post=4594"}],"curies":[{"name":"wp","href":"https:\/\/api.w.org\/{rel}","templated":true}]}}