{"id":4599,"date":"2022-03-16T19:40:16","date_gmt":"2022-03-16T16:40:16","guid":{"rendered":"http:\/\/atolyedelice.com\/?post_type=product&#038;p=4599"},"modified":"2026-03-04T18:58:56","modified_gmt":"2026-03-04T15:58:56","slug":"bal-yulaf-2","status":"publish","type":"product","link":"https:\/\/atolyedelice.com.tr\/en\/product\/bal-yulaf-2\/","title":{"rendered":"Honey &amp; Oats"},"content":{"rendered":"<div>\n<p>All our soaps are handmade using cold process. They are made by combining NaOH and the olive oil from our garden in Murlukoy, Ayvalik; further enhanced with coconut oil, cacao oil, maseration and essential oils.<\/p>\n<p>Cildi temizler, yo\u011fun nemlendirir, nazik\u00e7e \u00f6l\u00fc deriyi temizler, bak\u0131m yapar.<br \/>\nBal yo\u011fun nem verirken, yulaf peeling yapar. El, y\u00fcz, v\u00fccut temizli\u011finde, t\u00fcm cilt tipleri kullanabilir. Kuru ve hassas ciltler severek kullan\u0131r.<\/p>\n<p>\u0130\u00e7indekiler \/ Ingredients: SODIUM OLIVATE, AQUA, SODIUM COCOA BUTTERATE, SODIUM COCOATE, CITRUS AURANTIUM DULCIS OIL, HONEY EXTRACT, AVENA SATIVA KERNEL FLOUR.<\/p>\n<p>Kullan\u0131m Talimat\u0131: Sabunu elinizde su ile k\u00f6p\u00fcrene kadar ovalay\u0131n\u0131z. Y\u00fcz\u00fcn\u00fcze ve v\u00fccudunuza masaj yaparak uygulay\u0131n\u0131z. Bol su ile durulay\u0131n\u0131z. Izgaral\u0131 bir sabunlukla kullanman\u0131z sabunun \u00f6mr\u00fcn\u00fc uzat\u0131r.<\/p>\n<\/div>\n<div>1 kal\u0131p yakla\u015f\u0131k 100 &#8211; 120gram aras\u0131ndad\u0131r.<\/div>","protected":false},"excerpt":{"rendered":"<p>natural soap with honey and oats<\/p>","protected":false},"featured_media":4600,"comment_status":"open","ping_status":"closed","template":"","meta":{"site-sidebar-layout":"default","site-content-layout":"default","ast-main-header-display":"","ast-hfb-above-header-display":"","ast-hfb-below-header-display":"","ast-hfb-mobile-header-display":"","site-post-title":"","ast-breadcrumbs-content":"","ast-featured-img":"","footer-sml-layout":"","theme-transparent-header-meta":"default","adv-header-id-meta":"","stick-header-meta":"","header-above-stick-meta":"","header-main-stick-meta":"","header-below-stick-meta":"","spay_email":"","jetpack_publicize_message":"","jetpack_is_tweetstorm":false,"jetpack_publicize_feature_enabled":true},"product_cat":[22],"product_tag":[99,102,101,106,125,100,117],"_links":{"self":[{"href":"https:\/\/atolyedelice.com.tr\/en\/wp-json\/wp\/v2\/product\/4599"}],"collection":[{"href":"https:\/\/atolyedelice.com.tr\/en\/wp-json\/wp\/v2\/product"}],"about":[{"href":"https:\/\/atolyedelice.com.tr\/en\/wp-json\/wp\/v2\/types\/product"}],"replies":[{"embeddable":true,"href":"https:\/\/atolyedelice.com.tr\/en\/wp-json\/wp\/v2\/comments?post=4599"}],"wp:featuredmedia":[{"embeddable":true,"href":"https:\/\/atolyedelice.com.tr\/en\/wp-json\/wp\/v2\/media\/4600"}],"wp:attachment":[{"href":"https:\/\/atolyedelice.com.tr\/en\/wp-json\/wp\/v2\/media?parent=4599"}],"wp:term":[{"taxonomy":"product_cat","embeddable":true,"href":"https:\/\/atolyedelice.com.tr\/en\/wp-json\/wp\/v2\/product_cat?post=4599"},{"taxonomy":"product_tag","embeddable":true,"href":"https:\/\/atolyedelice.com.tr\/en\/wp-json\/wp\/v2\/product_tag?post=4599"}],"curies":[{"name":"wp","href":"https:\/\/api.w.org\/{rel}","templated":true}]}}