{"id":4605,"date":"2022-03-16T19:45:16","date_gmt":"2022-03-16T16:45:16","guid":{"rendered":"http:\/\/atolyedelice.com\/?post_type=product&#038;p=4605"},"modified":"2026-02-24T13:06:34","modified_gmt":"2026-02-24T10:06:34","slug":"isirgan","status":"publish","type":"product","link":"https:\/\/atolyedelice.com.tr\/en\/product\/isirgan\/","title":{"rendered":"Nettle"},"content":{"rendered":"<p>T\u00fcm sabunlar\u0131m\u0131z, kendi \u00fcretimimiz olup, so\u011fuk y\u00f6ntem ile elde yap\u0131lmaktad\u0131r. \u0130\u00e7eri\u011fi do\u011fal hammaddelerden olu\u015fur, cilde ve kar\u0131\u015ft\u0131\u011f\u0131 suya topra\u011fa zarar vermez. Sabunda bulunan \u0131s\u0131rgan maserasyon ya\u011f\u0131, Ayval\u0131k&#8217;\u0131n civar k\u00f6ylerinde kendili\u011finden yeti\u015fen \u0131s\u0131rganlar\u0131n s\u0131zma zeytinya\u011f\u0131nda bekletilmesi ile elde edilir. Sabunlar\u0131m\u0131z; Ayval\u0131k, Mutluk\u00f6y\u2019deki bah\u00e7emizin zeytinlerinin so\u011fuk s\u0131k\u0131m, 0.5 dizyem ya\u011f\u0131 ile, NaOH&#8217;\u0131n birle\u015fimidir. Hindistancevizi ya\u011f\u0131, kakao ya\u011f\u0131, \u00f6\u011f\u00fct\u00fclm\u00fc\u015f \u0131s\u0131rgan, \u0131s\u0131rgan maserasyon ya\u011f\u0131 ve biberiye u\u00e7ucu ya\u011f\u0131 ile i\u00e7eri\u011fi zenginle\u015ftirilmi\u015ftir.<\/p>\n<p>Is\u0131rgan sabunu; Cildi ve sa\u00e7\u0131 temizler, ya\u011f dengesini korur, bak\u0131m yapar. Cildi kurutmadan temizler, canland\u0131r\u0131r.<br \/>\nT\u00fcm cilt tipleri, v\u00fccut ve sa\u00e7 temizli\u011finde kullan\u0131labilir.<\/p>\n<p>\u0130\u00e7indekiler \/ Ingredients: URTICA DIOICA EXTRACT, SODIUM OLIVATE, AQUA, SODIUM COCOA BUTTERATE, SODIUM COCOATE, ROSMARINUS OFFICINALIS LEAF OIL.<\/p>\n<p>Kullan\u0131m Talimat\u0131: Sabunu elinizde su ile k\u00f6p\u00fcrene kadar ovalay\u0131n\u0131z. Y\u00fcz\u00fcn\u00fcze ve v\u00fccudunuza masaj yaparak uygulay\u0131n\u0131z. Bol su ile durulay\u0131n\u0131z. Izgaral\u0131 bir sabunlukla kullanman\u0131z sabunun \u00f6mr\u00fcn\u00fc uzat\u0131r.<\/p>\n<p>1kal\u0131p yakla\u015f\u0131k 100 &#8211; 120 gram aras\u0131ndad\u0131r.<\/p>","protected":false},"excerpt":{"rendered":"<p>natural nettle soap<\/p>","protected":false},"featured_media":4606,"comment_status":"open","ping_status":"closed","template":"","meta":{"site-sidebar-layout":"default","site-content-layout":"default","ast-main-header-display":"","ast-hfb-above-header-display":"","ast-hfb-below-header-display":"","ast-hfb-mobile-header-display":"","site-post-title":"","ast-breadcrumbs-content":"","ast-featured-img":"","footer-sml-layout":"","theme-transparent-header-meta":"default","adv-header-id-meta":"","stick-header-meta":"","header-above-stick-meta":"","header-main-stick-meta":"","header-below-stick-meta":"","spay_email":"","jetpack_publicize_message":"","jetpack_is_tweetstorm":false,"jetpack_publicize_feature_enabled":true},"product_cat":[22],"product_tag":[101,106,105,104,155],"_links":{"self":[{"href":"https:\/\/atolyedelice.com.tr\/en\/wp-json\/wp\/v2\/product\/4605"}],"collection":[{"href":"https:\/\/atolyedelice.com.tr\/en\/wp-json\/wp\/v2\/product"}],"about":[{"href":"https:\/\/atolyedelice.com.tr\/en\/wp-json\/wp\/v2\/types\/product"}],"replies":[{"embeddable":true,"href":"https:\/\/atolyedelice.com.tr\/en\/wp-json\/wp\/v2\/comments?post=4605"}],"wp:featuredmedia":[{"embeddable":true,"href":"https:\/\/atolyedelice.com.tr\/en\/wp-json\/wp\/v2\/media\/4606"}],"wp:attachment":[{"href":"https:\/\/atolyedelice.com.tr\/en\/wp-json\/wp\/v2\/media?parent=4605"}],"wp:term":[{"taxonomy":"product_cat","embeddable":true,"href":"https:\/\/atolyedelice.com.tr\/en\/wp-json\/wp\/v2\/product_cat?post=4605"},{"taxonomy":"product_tag","embeddable":true,"href":"https:\/\/atolyedelice.com.tr\/en\/wp-json\/wp\/v2\/product_tag?post=4605"}],"curies":[{"name":"wp","href":"https:\/\/api.w.org\/{rel}","templated":true}]}}