{"id":4637,"date":"2022-03-19T14:11:34","date_gmt":"2022-03-19T11:11:34","guid":{"rendered":"http:\/\/atolyedelice.com\/?post_type=product&#038;p=4637"},"modified":"2026-01-28T17:16:55","modified_gmt":"2026-01-28T14:16:55","slug":"akide-sekeri-hediye-seti","status":"publish","type":"product","link":"https:\/\/atolyedelice.com.tr\/en\/product\/akide-sekeri-hediye-seti\/","title":{"rendered":"Akide \u015eekeri; Lavantal\u0131 Sabunlar\u0131n En G\u00fczel Hali &#8211; Hediye Seti"},"content":{"rendered":"<div>Lavanta sabunlar\u0131n\u0131n hem kal\u0131p formu, hem de kabak lifli formu olan, deneme boyu dola\u015ft\u0131r y\u00fcz\u00fcnde ile haz\u0131rlanan hediye paketi. Paket i\u00e7eri\u011finde ayr\u0131ca, sabunlar\u0131n \u0131slak kalmamas\u0131na yard\u0131mca ah\u015fap merdiven sabunluk da vard\u0131r.<\/div>\n<div><\/div>\n<div>T\u00fcm sabunlar\u0131m\u0131z, kendi \u00fcretimimiz olup, so\u011fuk y\u00f6ntem ile elde yap\u0131lmaktad\u0131r. \u0130\u00e7eri\u011fi do\u011fal hammaddelerden olu\u015fur, cilde ve kar\u0131\u015ft\u0131\u011f\u0131 suya topra\u011fa zarar vermez. Sabunda bulunan lavanta maserasyon ya\u011f\u0131, Ayval\u0131k&#8217;\u0131n civar k\u00f6ylerinde yeti\u015ftirilen lavantalar\u0131n s\u0131zma zeytinya\u011f\u0131nda bekletilmesi ile elde edilir.\u00a0Ayval\u0131k, Mutluk\u00f6y\u2019deki bah\u00e7emizin zeytinlerinin so\u011fuk s\u0131k\u0131m, 0.5 dizyem ya\u011f\u0131 ile, NaOH&#8217;\u0131n birle\u015fimidir. Hindistancevizi ya\u011f\u0131, kakao ya\u011f\u0131, bitkiler, lavanta maserasyon ya\u011f\u0131 ve u\u00e7ucu ya\u011f\u0131 ile i\u00e7eri\u011fi zenginle\u015ftirilmi\u015ftir.<\/div>\n<div><\/div>\n<div><b>Lavantal\u0131 kal\u0131p sabun; <\/b>Antibakteriyel, antifungal, antiseptik \u00f6zelliklere sahiptir. Akne, sivilcelere iyi gelir. Cilde ferahl\u0131k verir. Cildi kurutmadan temizler, canland\u0131r\u0131r, bak\u0131m yapar.<\/div>\n<div><\/div>\n<div>\u0130\u00e7indekiler \/ Ingredients: SODIUM OLIVATE, AQUA, SODIUM COCOA BUTTERATE, SODIUM COCOATE, LAVANDULA ANGUSTIFOLIA FLOWER OIL, CI 77007.<\/div>\n<div>app. 90-110 grams<\/div>\n<div><\/div>\n<div><strong>Lavantal\u0131 dola\u015ft\u0131r y\u00fcz\u00fcnde:<\/strong> Delice bir bulu\u015f, kendinden kabak lifli lavantal\u0131 sabun. Cildi temizler, canland\u0131r\u0131r, bak\u0131m yapar. \u0130\u00e7erisindeki kabak lifi plastik keselere alternatiftir, nazik\u00e7e \u00f6l\u00fc deriyi temizler.<\/div>\n<div>Kabak lifi, kullan\u0131lamayacak kadar yumu\u015fad\u0131\u011f\u0131nda, l\u00fctfen toprakla bulu\u015fturun, \u00e7\u00f6pe atmay\u0131n.<\/div>\n<div><\/div>\n<div>\u0130\u00e7indekiler \/ Ingredients: SODIUM OLIVATE, AQUA, SODIUM COCOA BUTTERATE, SODIUM COCOATE, LAVANDULA ANGUSTIFOLIA FLOWER OIL, CI 77007.<\/div>\n<div>\n<p>Kullan\u0131m Talimat\u0131: Sabunu nemli y\u00fcz\u00fcn\u00fczde veya v\u00fccudunuzda k\u00f6p\u00fcrene kadar nazik\u00e7e, masaj yaparak gezdirin. Bol su ile durulay\u0131n\u0131z. Izgaral\u0131 bir sabunlukla kullanman\u0131z sabunun \u00f6mr\u00fcn\u00fc uzat\u0131r.<\/p>\n<\/div>","protected":false},"excerpt":{"rendered":"<p>set includes lavender bar and face soap<\/p>","protected":false},"featured_media":4638,"comment_status":"open","ping_status":"closed","template":"","meta":{"site-sidebar-layout":"default","site-content-layout":"default","ast-main-header-display":"","ast-hfb-above-header-display":"","ast-hfb-below-header-display":"","ast-hfb-mobile-header-display":"","site-post-title":"","ast-breadcrumbs-content":"","ast-featured-img":"","footer-sml-layout":"","theme-transparent-header-meta":"default","adv-header-id-meta":"","stick-header-meta":"","header-above-stick-meta":"","header-main-stick-meta":"","header-below-stick-meta":"","spay_email":"","jetpack_publicize_message":"","jetpack_is_tweetstorm":false,"jetpack_publicize_feature_enabled":true},"product_cat":[37],"product_tag":[102,101,103,106,156,111,145,117],"_links":{"self":[{"href":"https:\/\/atolyedelice.com.tr\/en\/wp-json\/wp\/v2\/product\/4637"}],"collection":[{"href":"https:\/\/atolyedelice.com.tr\/en\/wp-json\/wp\/v2\/product"}],"about":[{"href":"https:\/\/atolyedelice.com.tr\/en\/wp-json\/wp\/v2\/types\/product"}],"replies":[{"embeddable":true,"href":"https:\/\/atolyedelice.com.tr\/en\/wp-json\/wp\/v2\/comments?post=4637"}],"wp:featuredmedia":[{"embeddable":true,"href":"https:\/\/atolyedelice.com.tr\/en\/wp-json\/wp\/v2\/media\/4638"}],"wp:attachment":[{"href":"https:\/\/atolyedelice.com.tr\/en\/wp-json\/wp\/v2\/media?parent=4637"}],"wp:term":[{"taxonomy":"product_cat","embeddable":true,"href":"https:\/\/atolyedelice.com.tr\/en\/wp-json\/wp\/v2\/product_cat?post=4637"},{"taxonomy":"product_tag","embeddable":true,"href":"https:\/\/atolyedelice.com.tr\/en\/wp-json\/wp\/v2\/product_tag?post=4637"}],"curies":[{"name":"wp","href":"https:\/\/api.w.org\/{rel}","templated":true}]}}