{"id":4642,"date":"2022-03-19T14:16:49","date_gmt":"2022-03-19T11:16:49","guid":{"rendered":"http:\/\/atolyedelice.com\/?post_type=product&#038;p=4642"},"modified":"2026-03-28T15:54:05","modified_gmt":"2026-03-28T12:54:05","slug":"bonbon-sekeri-hediye-seti","status":"publish","type":"product","link":"https:\/\/atolyedelice.com.tr\/en\/product\/bonbon-sekeri-hediye-seti\/","title":{"rendered":"Sugar Candy"},"content":{"rendered":"<p>Is\u0131rgan sabunu, Sa\u00e7 sabunu, 3&#8217;l\u00fc Delice \u00c7e\u015fni, Badem Merhem (b\u00fcy\u00fck), Paramparlak (b\u00fcy\u00fck), kabak lifi; ah\u015fap kutusuyla beraber<\/p>","protected":false},"excerpt":{"rendered":"<p>set includes natural soaps and cosmetic products<\/p>","protected":false},"featured_media":4643,"comment_status":"open","ping_status":"closed","template":"","meta":{"site-sidebar-layout":"default","site-content-layout":"default","ast-main-header-display":"","ast-hfb-above-header-display":"","ast-hfb-below-header-display":"","ast-hfb-mobile-header-display":"","site-post-title":"","ast-breadcrumbs-content":"","ast-featured-img":"","footer-sml-layout":"","theme-transparent-header-meta":"default","adv-header-id-meta":"","stick-header-meta":"","header-above-stick-meta":"","header-main-stick-meta":"","header-below-stick-meta":"","spay_email":"","jetpack_publicize_message":"","jetpack_is_tweetstorm":false,"jetpack_publicize_feature_enabled":true},"product_cat":[37],"product_tag":[123,103,143,106,141,113,105,124,104],"_links":{"self":[{"href":"https:\/\/atolyedelice.com.tr\/en\/wp-json\/wp\/v2\/product\/4642"}],"collection":[{"href":"https:\/\/atolyedelice.com.tr\/en\/wp-json\/wp\/v2\/product"}],"about":[{"href":"https:\/\/atolyedelice.com.tr\/en\/wp-json\/wp\/v2\/types\/product"}],"replies":[{"embeddable":true,"href":"https:\/\/atolyedelice.com.tr\/en\/wp-json\/wp\/v2\/comments?post=4642"}],"wp:featuredmedia":[{"embeddable":true,"href":"https:\/\/atolyedelice.com.tr\/en\/wp-json\/wp\/v2\/media\/4643"}],"wp:attachment":[{"href":"https:\/\/atolyedelice.com.tr\/en\/wp-json\/wp\/v2\/media?parent=4642"}],"wp:term":[{"taxonomy":"product_cat","embeddable":true,"href":"https:\/\/atolyedelice.com.tr\/en\/wp-json\/wp\/v2\/product_cat?post=4642"},{"taxonomy":"product_tag","embeddable":true,"href":"https:\/\/atolyedelice.com.tr\/en\/wp-json\/wp\/v2\/product_tag?post=4642"}],"curies":[{"name":"wp","href":"https:\/\/api.w.org\/{rel}","templated":true}]}}