{"id":4646,"date":"2022-03-19T14:24:53","date_gmt":"2022-03-19T11:24:53","guid":{"rendered":"http:\/\/atolyedelice.com\/?post_type=product&#038;p=4646"},"modified":"2026-03-07T15:32:46","modified_gmt":"2026-03-07T12:32:46","slug":"bayram-sekeri-hediye-seti","status":"publish","type":"product","link":"https:\/\/atolyedelice.com.tr\/en\/product\/bayram-sekeri-hediye-seti\/","title":{"rendered":"Celebrate!"},"content":{"rendered":"<p>5 \u00e7e\u015fit normal boy sabun, do\u011fal lif veya kabak lifi ve kutusu pakete dahildir. Paket olu\u015fturmak i\u00e7in istedi\u011finiz sabunu se\u00e7ebilirsiniz. Se\u00e7iminizi sipari\u015fin bir sonraki a\u015famas\u0131nda not k\u0131sm\u0131nda belirtiniz.<\/p>\n<p><em>** Do\u011fal lif veya kabak lifi, at\u00f6lyemizdeki stok durumuna g\u00f6re pakete eklenir.<\/em><\/p>","protected":false},"excerpt":{"rendered":"<p>set includes natural soaps and soap net<\/p>","protected":false},"featured_media":4648,"comment_status":"open","ping_status":"closed","template":"","meta":{"site-sidebar-layout":"default","site-content-layout":"default","ast-main-header-display":"","ast-hfb-above-header-display":"","ast-hfb-below-header-display":"","ast-hfb-mobile-header-display":"","site-post-title":"","ast-breadcrumbs-content":"","ast-featured-img":"","footer-sml-layout":"","theme-transparent-header-meta":"default","adv-header-id-meta":"","stick-header-meta":"","header-above-stick-meta":"","header-main-stick-meta":"","header-below-stick-meta":"","spay_email":"","jetpack_publicize_message":"","jetpack_is_tweetstorm":false,"jetpack_publicize_feature_enabled":true},"product_cat":[37],"product_tag":[102,101,106,113,156,158,104,117],"_links":{"self":[{"href":"https:\/\/atolyedelice.com.tr\/en\/wp-json\/wp\/v2\/product\/4646"}],"collection":[{"href":"https:\/\/atolyedelice.com.tr\/en\/wp-json\/wp\/v2\/product"}],"about":[{"href":"https:\/\/atolyedelice.com.tr\/en\/wp-json\/wp\/v2\/types\/product"}],"replies":[{"embeddable":true,"href":"https:\/\/atolyedelice.com.tr\/en\/wp-json\/wp\/v2\/comments?post=4646"}],"wp:featuredmedia":[{"embeddable":true,"href":"https:\/\/atolyedelice.com.tr\/en\/wp-json\/wp\/v2\/media\/4648"}],"wp:attachment":[{"href":"https:\/\/atolyedelice.com.tr\/en\/wp-json\/wp\/v2\/media?parent=4646"}],"wp:term":[{"taxonomy":"product_cat","embeddable":true,"href":"https:\/\/atolyedelice.com.tr\/en\/wp-json\/wp\/v2\/product_cat?post=4646"},{"taxonomy":"product_tag","embeddable":true,"href":"https:\/\/atolyedelice.com.tr\/en\/wp-json\/wp\/v2\/product_tag?post=4646"}],"curies":[{"name":"wp","href":"https:\/\/api.w.org\/{rel}","templated":true}]}}