{"id":4677,"date":"2022-03-21T13:49:07","date_gmt":"2022-03-21T10:49:07","guid":{"rendered":"http:\/\/atolyedelice.com\/?post_type=product&#038;p=4677"},"modified":"2026-01-28T17:21:01","modified_gmt":"2026-01-28T14:21:01","slug":"sivilce-savar-hediye-paketi","status":"publish","type":"product","link":"https:\/\/atolyedelice.com.tr\/en\/product\/sivilce-savar-hediye-paketi\/","title":{"rendered":"Sivilce Savar: Sivilce Bak\u0131m\u0131nda Etkili Do\u011fal Sabunlar Hediye Seti"},"content":{"rendered":"<div>Sivilceleri savan hediye seti: Biberiye &amp; \u00e7ay a\u011fac\u0131, aktif karbon ve  kekikli dola\u015ft\u0131r y\u00fcz\u00fcnde; ah\u015fap kutu i\u00e7inde.\n<\/div>\n<div>\n<\/div>\n<div>T\u00fcm sabunlar\u0131m\u0131z, kendi \u00fcretimimiz olup, so\u011fuk y\u00f6ntem ile yap\u0131lmaktad\u0131r. \u0130\u00e7eri\u011fi do\u011fal hammaddelerden olu\u015fur, cilde ve kar\u0131\u015ft\u0131\u011f\u0131 suya topra\u011fa zarar vermez.\n<\/div>\n<div><b> <\/b>\n<\/div>\n<div><b>Biberiye &amp; \u00c7ay A\u011fac\u0131 sabunu:<\/b> Cildi temizler, ar\u0131nd\u0131r\u0131r, tazeler, bak\u0131m yapar.\n<\/div>\n<div>\u0130\u00e7indekiler \/ Ingredients: OLEA EUROPAEA FRUIT OIL, AQUA, SODIUM HYDROXIDE, THEOBROMA CACAO SEED BUTTER, COCOS NUCIFERA OIL, ROSMARINUS OFFICINALIS LEAF OIL, MELALEUCA ALTERNIFOLIA LEAF OIL, CI 77007, CI 12120, CI 11680.\n<\/div>\n<div>\n<\/div>\n<div><b>Aktif Karbon sabunu:<\/b> Cildi temizler, ya\u011fdan ar\u0131nd\u0131r\u0131r, bak\u0131m yapar.\n<\/div>\n<div>\u0130\u00e7indekiler \/ Ingredients: SODIUM OLIVATE, AQUA, SODIUM COCOA BUTTERATE, SODIUM COCOATE, CITRUS AURANTIUM DULCIS OIL, CI 77266.\n<\/div>\n<div>\n<\/div>\n<div><b>Kekikli Dola\u015ft\u0131r Y\u00fcz\u00fcnde, Kabak lifli Sabun:<\/b> Cildi derinlemesine temizler, ar\u0131nd\u0131r\u0131r, bak\u0131m yapar.\n<\/div>\n<div>\u0130\u00e7erisindeki kabak lifi plastik keselere alternatiftir, nazik\u00e7e \u00f6l\u00fc deriyi temizler.\n<\/div>\n<div>\u0130\u00e7indekiler \/ Ingredients: SODIUM OLIVATE, AQUA, SODIUM COCOA BUTTERATE, SODIUM COCOATE, THYMUS VULGARIS OIL, CI 77007.\n<\/div>\n<div>\n<\/div>\n<div>Kullan\u0131m Talimat\u0131: Sabunu elinizde su ile k\u00f6p\u00fcrene kadar ovalay\u0131n\u0131z. Y\u00fcz\u00fcn\u00fcze ve v\u00fccudunuza masaj yaparak uygulay\u0131n\u0131z. Bol su ile durulay\u0131n\u0131z. Izgaral\u0131 bir sabunlukla kullanman\u0131z sabunun \u00f6mr\u00fcn\u00fc uzat\u0131r.<\/div>","protected":false},"excerpt":{"rendered":"<p>helps with treating acne<\/p>","protected":false},"featured_media":4681,"comment_status":"open","ping_status":"closed","template":"","meta":{"site-sidebar-layout":"default","site-content-layout":"default","ast-main-header-display":"","ast-hfb-above-header-display":"","ast-hfb-below-header-display":"","ast-hfb-mobile-header-display":"","site-post-title":"","ast-breadcrumbs-content":"","ast-featured-img":"","footer-sml-layout":"","theme-transparent-header-meta":"default","adv-header-id-meta":"","stick-header-meta":"","header-above-stick-meta":"","header-main-stick-meta":"","header-below-stick-meta":"","spay_email":"","jetpack_publicize_message":"","jetpack_is_tweetstorm":false,"jetpack_publicize_feature_enabled":true},"product_cat":[37],"product_tag":[114,102,134,147,101,103,117],"_links":{"self":[{"href":"https:\/\/atolyedelice.com.tr\/en\/wp-json\/wp\/v2\/product\/4677"}],"collection":[{"href":"https:\/\/atolyedelice.com.tr\/en\/wp-json\/wp\/v2\/product"}],"about":[{"href":"https:\/\/atolyedelice.com.tr\/en\/wp-json\/wp\/v2\/types\/product"}],"replies":[{"embeddable":true,"href":"https:\/\/atolyedelice.com.tr\/en\/wp-json\/wp\/v2\/comments?post=4677"}],"wp:featuredmedia":[{"embeddable":true,"href":"https:\/\/atolyedelice.com.tr\/en\/wp-json\/wp\/v2\/media\/4681"}],"wp:attachment":[{"href":"https:\/\/atolyedelice.com.tr\/en\/wp-json\/wp\/v2\/media?parent=4677"}],"wp:term":[{"taxonomy":"product_cat","embeddable":true,"href":"https:\/\/atolyedelice.com.tr\/en\/wp-json\/wp\/v2\/product_cat?post=4677"},{"taxonomy":"product_tag","embeddable":true,"href":"https:\/\/atolyedelice.com.tr\/en\/wp-json\/wp\/v2\/product_tag?post=4677"}],"curies":[{"name":"wp","href":"https:\/\/api.w.org\/{rel}","templated":true}]}}