{"id":4682,"date":"2022-03-21T13:53:56","date_gmt":"2022-03-21T10:53:56","guid":{"rendered":"http:\/\/atolyedelice.com\/?post_type=product&#038;p=4682"},"modified":"2026-01-31T12:51:44","modified_gmt":"2026-01-31T09:51:44","slug":"parlat-kendini","status":"publish","type":"product","link":"https:\/\/atolyedelice.com.tr\/en\/product\/parlat-kendini\/","title":{"rendered":"Let Yourself Shine"},"content":{"rendered":"<p>Aktif Karbon sabunu, Biberiye &amp; \u00c7ay A\u011fac\u0131 sabunu, Kahveli Dola\u015ft\u0131r Y\u00fcz\u00fcnde, Badem merhem (50ml), Renkli Dudak balm\u0131 &#8211; Paramparlak (10ml); ah\u015fap kutusuyla beraber<\/p>\n<div class=\"yj6qo\">\n<\/div>\n<div class=\"adL\"><\/div>","protected":false},"excerpt":{"rendered":"<p>set includes natural soaps and cosmetic products<\/p>","protected":false},"featured_media":4685,"comment_status":"open","ping_status":"closed","template":"","meta":{"site-sidebar-layout":"default","site-content-layout":"default","ast-main-header-display":"","ast-hfb-above-header-display":"","ast-hfb-below-header-display":"","ast-hfb-mobile-header-display":"","site-post-title":"","ast-breadcrumbs-content":"","ast-featured-img":"","footer-sml-layout":"","theme-transparent-header-meta":"default","adv-header-id-meta":"","stick-header-meta":"","header-above-stick-meta":"","header-main-stick-meta":"","header-below-stick-meta":"","spay_email":"","jetpack_publicize_message":"","jetpack_is_tweetstorm":false,"jetpack_publicize_feature_enabled":true},"product_cat":[37],"product_tag":[114,123,133,102,134,147,101,103,143,141,32,122,124,117],"_links":{"self":[{"href":"https:\/\/atolyedelice.com.tr\/en\/wp-json\/wp\/v2\/product\/4682"}],"collection":[{"href":"https:\/\/atolyedelice.com.tr\/en\/wp-json\/wp\/v2\/product"}],"about":[{"href":"https:\/\/atolyedelice.com.tr\/en\/wp-json\/wp\/v2\/types\/product"}],"replies":[{"embeddable":true,"href":"https:\/\/atolyedelice.com.tr\/en\/wp-json\/wp\/v2\/comments?post=4682"}],"wp:featuredmedia":[{"embeddable":true,"href":"https:\/\/atolyedelice.com.tr\/en\/wp-json\/wp\/v2\/media\/4685"}],"wp:attachment":[{"href":"https:\/\/atolyedelice.com.tr\/en\/wp-json\/wp\/v2\/media?parent=4682"}],"wp:term":[{"taxonomy":"product_cat","embeddable":true,"href":"https:\/\/atolyedelice.com.tr\/en\/wp-json\/wp\/v2\/product_cat?post=4682"},{"taxonomy":"product_tag","embeddable":true,"href":"https:\/\/atolyedelice.com.tr\/en\/wp-json\/wp\/v2\/product_tag?post=4682"}],"curies":[{"name":"wp","href":"https:\/\/api.w.org\/{rel}","templated":true}]}}