{"id":4686,"date":"2022-03-21T14:01:27","date_gmt":"2022-03-21T11:01:27","guid":{"rendered":"http:\/\/atolyedelice.com\/?post_type=product&#038;p=4686"},"modified":"2026-02-28T19:41:47","modified_gmt":"2026-02-28T16:41:47","slug":"bulutlarin-ustunde-hediye-paketi","status":"publish","type":"product","link":"https:\/\/atolyedelice.com.tr\/en\/product\/bulutlarin-ustunde-hediye-paketi\/","title":{"rendered":"Bulutlar\u0131n \u00dcst\u00fcnde &#8211; Cildine \u00f6zen g\u00f6sterenlerin hediye seti"},"content":{"rendered":"<p>Ah\u015fap Kutu i\u00e7inde; Lavanta sabunu, Ayn\u0131sefa sabunu, Bal &amp; Yulaf sabunu, Aktif Karbon sabunu, Badem Merhem (50ml), Kabak Lifli Sabundan (Dola\u015ft\u0131r Y\u00fcz\u00fcnde) olu\u015fan hediye seti.<\/p>\n<p>T\u00fcm sabunlar\u0131m\u0131z, kendi \u00fcretimimiz olup, so\u011fuk y\u00f6ntem ile elde yap\u0131lmaktad\u0131r. \u0130\u00e7eri\u011fi do\u011fal hammaddelerden olu\u015fur, cilde ve kar\u0131\u015ft\u0131\u011f\u0131 suya topra\u011fa zarar vermez.<\/p>\n<p><em><strong>Paket i\u00e7eri\u011findeki sabunlara ait bilgiler:<\/strong><\/em><\/p>\n<p><strong>Lavantal\u0131 Sabun:<\/strong> Antibakteriyel, antifungal, antiseptik \u00f6zelliklere sahiptir. Akne, sivilcelere iyi gelir. Cilde ferahl\u0131k verir. Cildi kurutmadan temizler, canland\u0131r\u0131r, bak\u0131m yapar.<\/p>\n<p>Sabunda bulunan lavanta maserasyon ya\u011f\u0131, Ayval\u0131k&#8217;\u0131n civar k\u00f6ylerinde yeti\u015ftirilen lavantalar\u0131n s\u0131zma zeytinya\u011f\u0131nda bekletilmesi ile elde edilir. Ayval\u0131k, Mutluk\u00f6y\u2019deki bah\u00e7emizin zeytinlerinin so\u011fuk s\u0131k\u0131m, 0.5 dizyem ya\u011f\u0131 ile, NaOH&#8217;\u0131n birle\u015fimidir. Hindistancevizi ya\u011f\u0131, kakao ya\u011f\u0131, bitkiler, lavanta maserasyon ya\u011f\u0131 ve u\u00e7ucu ya\u011f\u0131 ile i\u00e7eri\u011fi zenginle\u015ftirilmi\u015ftir.<\/p>\n<p>\u0130\u00e7indekiler \/ Ingredients: SODIUM OLIVATE, AQUA, SODIUM COCOA BUTTERATE, SODIUM COCOATE, LAVANDULA ANGUSTIFOLIA FLOWER OIL, CI 77007.<\/p>\n<p><strong>Ayn\u0131sefa Sabunu: <\/strong>Cildi temizler, yo\u011fun nemledirir, bak\u0131m yapar. Kuru ve hassas ciltler, \u00e7ocuklar, ya\u015fl\u0131lar g\u00fcvenle kullanabilir.<\/p>\n<p>Sabunda bulunan ayn\u0131sefa maserasyon ya\u011f\u0131, Ayval\u0131k&#8217;\u0131n civar k\u00f6ylerinde yeti\u015ftirilen ayn\u0131sefa bitkisinin \u00e7i\u00e7eklerinin s\u0131zma zeytinya\u011f\u0131nda bekletilmesi ile elde edilir. Ayval\u0131k, Mutluk\u00f6y\u2019deki bah\u00e7emizin zeytinlerinin so\u011fuk s\u0131k\u0131m, 0.5 dizyem ya\u011f\u0131 ile, NaOH&#8217;\u0131n birle\u015fimidir. Hindistancevizi ya\u011f\u0131, kakao ya\u011f\u0131, bitkiler, ayn\u0131sefa maserasyon ya\u011f\u0131 ve lavanta u\u00e7ucu ya\u011f\u0131 ile i\u00e7eri\u011fi zenginle\u015ftirilmi\u015ftir.<\/p>\n<p>Faydalar\u0131 saymakla bitmeyen ayn\u0131sefa bitkisinin maserasyon ya\u011f bu sabunda yo\u011fun kullan\u0131lm\u0131\u015ft\u0131r.<\/p>\n<p>\u0130\u00e7indekiler \/ Ingredients: CALENDULA OFFICINALIS FLOWER OIL, SODIUM OLIVATE, AQUA, SODIUM COCOA BUTTERATE, SODIUM COCOATE, LAVANDULA ANGUSTIFOLIA FLOWER OIL.<\/p>\n<p><strong>Bal &amp;Yulaf Sabunu: <\/strong>Cildi temizler, yo\u011fun nemlendirir, nazik\u00e7e \u00f6l\u00fc deriyi temizler, bak\u0131m yapar. Bal yo\u011fun nem verirken, yulaf peeling yapar. El, y\u00fcz, v\u00fccut temizli\u011finde, t\u00fcm cilt tipleri kullanabilir. Kuru ve hassas ciltler severek kullan\u0131r.<\/p>\n<p>Ayval\u0131k&#8217;daki bah\u00e7emizin zeytinlerinin so\u011fuk s\u0131k\u0131m, 0.5 dizyem ya\u011f\u0131 ile, NaOH&#8217;\u0131n birle\u015fimidir. Hindistancevizi ya\u011f\u0131, kakao ya\u011f\u0131, yulaf, bal ve portakal u\u00e7ucu ya\u011f\u0131 ile i\u00e7eri\u011fi zenginle\u015ftirilmi\u015ftir.<\/p>\n<p>\u0130\u00e7indekiler \/ Ingredients: SODIUM OLIVATE, AQUA, SODIUM COCOA BUTTERATE, SODIUM COCOATE, CITRUS AURANTIUM DULCIS OIL, HONEY EXTRACT, AVENA SATIVA KERNEL FLOUR.<\/p>\n<p><strong>Aktif Karbon Sabunu: <\/strong>Cildi temizler, ya\u011fdan ar\u0131nd\u0131r\u0131r, bak\u0131m yapar.<\/p>\n<p>Ayval\u0131k&#8217;daki bah\u00e7emizin zeytinlerinin so\u011fuk s\u0131k\u0131m, 0.5 dizyem ya\u011f\u0131 ile, NaOH&#8217;\u0131n birle\u015fimidir. Hindistancevizi ya\u011f\u0131, kakao ya\u011f\u0131, g\u0131dada kullan\u0131ma uygun aktif karbon ve portakal u\u00e7ucu ya\u011f\u0131 ile i\u00e7eri\u011fi zenginle\u015ftirilmi\u015ftir.<\/p>\n<p>\u0130\u00e7indekiler \/ Ingredients: SODIUM OLIVATE, AQUA, SODIUM COCOA BUTTERATE, SODIUM COCOATE, CITRUS AURANTIUM DULCIS OIL, CI 77266.<\/p>\n<p><strong>Lavantal\u0131 Kabak Lifli Sabun &#8211; Dola\u015ft\u0131r Y\u00fcz\u00fcnde: <\/strong>Cildi temizler, canland\u0131r\u0131r, bak\u0131m yapar. \u0130\u00e7erisindeki kabak lifi plastik keselere alternatiftir. Kabak liflerinin en yumu\u015fak k\u0131s\u0131mlar\u0131, kat\u0131 sabun form\u00fcl\u00fcm\u00fczdeki gibi \u00f6zenle form\u00fcle edilmi\u015f ve sabunla\u015ft\u0131r\u0131lm\u0131\u015ft\u0131r. Y\u00fcz\u00fcn\u00fczde kulland\u0131\u011f\u0131n\u0131zda nazik\u00e7e peeling yapar, temizler.<\/p>\n<p>\u0130\u00e7indekiler \/ Ingredients: SODIUM OLIVATE, AQUA, SODIUM COCOA BUTTERATE, SODIUM COCOATE, LAVANDULA ANGUSTIFOLIA FLOWER OIL, CI 77007.<\/p>\n<p><em>T\u00fcm sabunlar i\u00e7in; Kullan\u0131m Talimat\u0131:<\/em> Sabunu nemli y\u00fcz\u00fcn\u00fczde veya v\u00fccudunuzda k\u00f6p\u00fcrene kadar nazik\u00e7e, masaj yaparak gezdirin. Bol su ile durulay\u0131n\u0131z. \u0130pinden asarak veya \u0131zgaral\u0131 bir sabunlukla kullanman\u0131z sabunun \u00f6mr\u00fcn\u00fc uzat\u0131r.<\/p>\n<p><strong>Badem Merhem: <\/strong>Yenilebilir cilde faydal\u0131 ya\u011flarla form\u00fcle edilmi\u015f, \u00f6zellikle kuru ciltlerin nem ihtiyac\u0131n\u0131 kar\u015f\u0131lar. Ya\u015flanma kar\u015f\u0131t\u0131 ya\u011flar ve cilt bariyerini onaran ya\u011flarla i\u00e7eri\u011fi zenginle\u015ftirilmi\u015ftir. \u0130\u00e7eri\u011finde koruyucu katk\u0131 maddesi yoktur.<\/p>\n<p>So\u011fuk s\u0131k\u0131m \u00fcz\u00fcm \u00e7ekirde\u011fi ya\u011f\u0131, jojoba, hodan, badem ya\u011f\u0131 ve makademya ya\u011f\u0131 ile zenginle\u015ftirilmi\u015f bak\u0131m merhemi. \u0130\u00e7erisindeki t\u00fcm bile\u015fenler yenilebilir malzemelerdir. Kuru ve normal ciltler kullanabilir. \u0130nce \u00e7izgilerde ve cilt tonunun e\u015fitlenmesinde yard\u0131mc\u0131d\u0131r.<\/p>\n<div><em>Kullanma talimat\u0131: <\/em>Temiz cilde uygulan\u0131r. \u0130\u00e7erisinde koruyucu katk\u0131 maddeleri olmad\u0131\u011f\u0131ndan, tahta \u00e7ubuk yard\u0131m\u0131 ile kullan\u0131lmas\u0131 tavsiye edilir. Haricen uygulan\u0131r.\n<\/div>\n<div>Store in room temperature.<\/div>","protected":false},"excerpt":{"rendered":"<p>set includes natural soaps and cosmetic products<\/p>","protected":false},"featured_media":4689,"comment_status":"open","ping_status":"closed","template":"","meta":{"site-sidebar-layout":"default","site-content-layout":"default","ast-main-header-display":"","ast-hfb-above-header-display":"","ast-hfb-below-header-display":"","ast-hfb-mobile-header-display":"","site-post-title":"","ast-breadcrumbs-content":"","ast-featured-img":"","footer-sml-layout":"","theme-transparent-header-meta":"default","adv-header-id-meta":"","stick-header-meta":"","header-above-stick-meta":"","header-main-stick-meta":"","header-below-stick-meta":"","spay_email":"","jetpack_publicize_message":"","jetpack_is_tweetstorm":false,"jetpack_publicize_feature_enabled":true},"product_cat":[37],"product_tag":[114,123,98,133,99,101,103,111,100,117],"_links":{"self":[{"href":"https:\/\/atolyedelice.com.tr\/en\/wp-json\/wp\/v2\/product\/4686"}],"collection":[{"href":"https:\/\/atolyedelice.com.tr\/en\/wp-json\/wp\/v2\/product"}],"about":[{"href":"https:\/\/atolyedelice.com.tr\/en\/wp-json\/wp\/v2\/types\/product"}],"replies":[{"embeddable":true,"href":"https:\/\/atolyedelice.com.tr\/en\/wp-json\/wp\/v2\/comments?post=4686"}],"wp:featuredmedia":[{"embeddable":true,"href":"https:\/\/atolyedelice.com.tr\/en\/wp-json\/wp\/v2\/media\/4689"}],"wp:attachment":[{"href":"https:\/\/atolyedelice.com.tr\/en\/wp-json\/wp\/v2\/media?parent=4686"}],"wp:term":[{"taxonomy":"product_cat","embeddable":true,"href":"https:\/\/atolyedelice.com.tr\/en\/wp-json\/wp\/v2\/product_cat?post=4686"},{"taxonomy":"product_tag","embeddable":true,"href":"https:\/\/atolyedelice.com.tr\/en\/wp-json\/wp\/v2\/product_tag?post=4686"}],"curies":[{"name":"wp","href":"https:\/\/api.w.org\/{rel}","templated":true}]}}