{"id":4691,"date":"2022-03-21T14:07:04","date_gmt":"2022-03-21T11:07:04","guid":{"rendered":"http:\/\/atolyedelice.com\/?post_type=product&#038;p=4691"},"modified":"2026-02-28T19:42:11","modified_gmt":"2026-02-28T16:42:11","slug":"pamukseker-hediye-paketi","status":"publish","type":"product","link":"https:\/\/atolyedelice.com.tr\/en\/product\/pamukseker-hediye-paketi\/","title":{"rendered":"Pamuk\u015feker &#8211; Renkli sabunlu ve dudak balml\u0131 hediye seti"},"content":{"rendered":"<div class=\"ii gt\" id=\":326\">\n<div class=\"a3s aiL\" id=\":30y\">\n<div dir=\"ltr\">Kat\u0131 sabunlardan (Lavanta ve ayn\u0131sefa), kabak lifli sabunumuzdan (Lavanta ve Ayn\u0131sefa) ve renkli 10ml. dudak bak\u0131m merheminden ( nam\u0131 di\u011fer paramparlak) olu\u015fan, rengarenk hediye paketi. K\u00fc\u00e7\u00fclen sabunlar\u0131m\u0131z\u0131 bol bol k\u00f6p\u00fcrten, kad\u0131n dayan\u0131\u015fmas\u0131 \u00fcr\u00fcn\u00fc do\u011fal lif veya kabak lifi ve ah\u015fap hediye kutu pakete dahildir.<\/p>\n<p>T\u00fcm sabunlar\u0131m\u0131z, kendi \u00fcretimimiz olup, so\u011fuk y\u00f6ntem ile yap\u0131lmaktad\u0131r. \u0130\u00e7eri\u011fi do\u011fal hammaddelerden olu\u015fur, cilde ve kar\u0131\u015ft\u0131\u011f\u0131 suya topra\u011fa zarar vermez.<\/p>\n<p><strong>Paket i\u00e7eri\u011findeki \u00fcr\u00fcnler:<\/strong><\/p>\n<p><strong><em>Lavanta sabunu<\/em><\/strong>; Antibakteriyel, antifungal, antiseptik \u00f6zelliklere sahiptir. Akne, sivilcelere iyi gelir. Cilde ferahl\u0131k verir. Cildi kurutmadan temizler, canland\u0131r\u0131r, bak\u0131m yapar.<\/p>\n<p>\u0130\u00e7eri\u011fi do\u011fal hammaddelerden olu\u015fur, cilde ve kar\u0131\u015ft\u0131\u011f\u0131 suya topra\u011fa zarar vermez. Sabunda bulunan lavanta maserasyon ya\u011f\u0131, Ayval\u0131k&#8217;\u0131n civar k\u00f6ylerinde yeti\u015ftirilen lavantalar\u0131n s\u0131zma zeytinya\u011f\u0131nda bekletilmesi ile elde edilir. Ayval\u0131k, Mutluk\u00f6y\u2019deki bah\u00e7emizin zeytinlerinin so\u011fuk s\u0131k\u0131m, 0.5 dizyem ya\u011f\u0131 ile, NaOH&#8217;\u0131n birle\u015fimidir. Hindistancevizi ya\u011f\u0131, kakao ya\u011f\u0131, bitkiler, lavanta maserasyon ya\u011f\u0131 ve u\u00e7ucu ya\u011f\u0131 ile i\u00e7eri\u011fi zenginle\u015ftirilmi\u015ftir.<\/p>\n<p>\u0130\u00e7indekiler \/ Ingredients: SODIUM OLIVATE, AQUA, SODIUM COCOA BUTTERATE, SODIUM COCOATE, LAVANDULA ANGUSTIFOLIA FLOWER OIL, CI 77007.<\/p>\n<p><em><strong>Ayn\u0131sefa sabunu; <\/strong><\/em>Cildi temizler, yo\u011fun nemlendirir, bak\u0131m yapar. Kuru ve hassas ciltler, \u00e7ocuklar, ya\u015fl\u0131lar g\u00fcvenle kullanabilir.<\/p>\n<p>Sabunda bulunan ayn\u0131sefa maserasyon ya\u011f\u0131, Ayval\u0131k&#8217;\u0131n civar k\u00f6ylerinde yeti\u015ftirilen ayn\u0131sefa bitkisinin \u00e7i\u00e7eklerinin s\u0131zma zeytinya\u011f\u0131nda bekletilmesi ile elde edilir. Ayval\u0131k, Mutluk\u00f6y\u2019deki bah\u00e7emizin zeytinlerinin so\u011fuk s\u0131k\u0131m, 0.5 dizyem ya\u011f\u0131 ile, NaOH&#8217;\u0131n birle\u015fimidir. Hindistancevizi ya\u011f\u0131, kakao ya\u011f\u0131, bitkiler, ayn\u0131sefa maserasyon ya\u011f\u0131 ve lavanta u\u00e7ucu ya\u011f\u0131 ile i\u00e7eri\u011fi zenginle\u015ftirilmi\u015ftir.<\/p>\n<p>Faydalar\u0131 saymakla bitmeyen ayn\u0131sefa bitkisinin maserasyon ya\u011f bu sabunda yo\u011fun kullan\u0131lm\u0131\u015ft\u0131r.<\/p>\n<p>\u0130\u00e7indekiler \/ Ingredients: CALENDULA OFFICINALIS FLOWER OIL, SODIUM OLIVATE, AQUA, SODIUM COCOA BUTTERATE, SODIUM COCOATE, LAVANDULA ANGUSTIFOLIA FLOWER OIL.<\/p>\n<p><strong><em>Ayn\u0131sefal\u0131 Kabak lifli Sabun &#8211; Dola\u015ft\u0131r Y\u00fcz\u00fcnde;<\/em><\/strong> kal\u0131p sabun i\u00e7eri\u011fi ile ayn\u0131 olan bu sabunumuzda, kabak lifinin en yumu\u015fak olan u\u00e7 k\u0131s\u0131mlar\u0131 kullan\u0131lm\u0131\u015ft\u0131r. Y\u00fcz\u00fcn\u00fczde nazik\u00e7e temizler, nemlendirir.<\/p>\n<p>\u0130\u00e7indekiler \/ Ingredients: ALENDULA OFFICINALIS FLOWER OIL, SODIUM OLIVATE, AQUA, SODIUM COCOA BUTTERATE, SODIUM COCOATE, LAVANDULA ANGUSTIFOLIA FLOWER OIL, CI 11680.<\/p>\n<p><em><strong>Lavantal\u0131 Kabak lifli Sabun &#8211; Dola\u015ft\u0131r Y\u00fcz\u00fcnde; <\/strong><\/em>kal\u0131p sabun i\u00e7eri\u011fi ile ayn\u0131 olan bu sabunumuzda, kabak lifinin en yumu\u015fak olan u\u00e7 k\u0131s\u0131mlar\u0131 kullan\u0131lm\u0131\u015ft\u0131r. Y\u00fcz\u00fcn\u00fczde nazik\u00e7e temizler, nemlendirir.<\/p>\n<p>\u0130\u00e7indekiler \/ Ingredients: SODIUM OLIVATE, AQUA, SODIUM COCOA BUTTERATE, SODIUM COCOATE, LAVANDULA ANGUSTIFOLIA FLOWER OIL, CI 77007.<\/p>\n<p>Kabak lifli sabunlar\u0131m\u0131z i\u00e7in kullan\u0131m Talimat\u0131: Sabunu nemli y\u00fcz\u00fcn\u00fczde veya v\u00fccudunuzda k\u00f6p\u00fcrene kadar nazik\u00e7e, masaj yaparak gezdirin. Bol su ile durulay\u0131n\u0131z. \u0130pinden asarak veya \u0131zgaral\u0131 bir sabunlukla kullanman\u0131z sabunun \u00f6mr\u00fcn\u00fc uzat\u0131r.<\/p>\n<p><em><strong>K\u0131rm\u0131z\u0131 dudak balm\u0131 (paramparlak) &#8211; 30ml: <\/strong><\/em>Yenilebilir ya\u011flarla ve bitkisel pigmentlerle yap\u0131lan bak\u0131m merhemi. Dudaklar\u0131n\u0131z hem renklensin, hem de nemlensin. \u0130\u00e7eri\u011fi; Kakao ya\u011f\u0131, hint ya\u011f\u0131, badem ya\u011f\u0131, shea butter, balmumu, bitkisel pigment ve portakal u\u00e7ucu ya\u011f\u0131.<\/p>\n<p>Kullan\u0131m talimat\u0131: \u0130\u00e7erisinde koruyucu katk\u0131 maddeleri olmad\u0131\u011f\u0131ndan temiz elinizle veya tahta \u00e7ubuk yard\u0131m\u0131 ile \u00e7ok ufak bir miktar alarak dudaklar\u0131n\u0131za, yanaklar\u0131n\u0131za kullanabilirsiniz.\n<\/p><\/div>\n<div class=\"yj6qo\">\n<div><span style=\"font-size:16px\">Store in room temperature.<\/span>\n<\/div>\n<\/div>\n<div class=\"adL\">\n<\/div>\n<\/div>\n<\/div>\n<div class=\"hq gt\" id=\":33q\"><em>** Do\u011fal lif veya kabak lifi at\u00f6lyemizdeki stoklara g\u00f6re pakete eklenir.<\/em><\/div>","protected":false},"excerpt":{"rendered":"<p>set includes natural bar soaps, face soaps with loofah, soap net and lip balm<\/p>","protected":false},"featured_media":4692,"comment_status":"open","ping_status":"closed","template":"","meta":{"site-sidebar-layout":"default","site-content-layout":"default","ast-main-header-display":"","ast-hfb-above-header-display":"","ast-hfb-below-header-display":"","ast-hfb-mobile-header-display":"","site-post-title":"","ast-breadcrumbs-content":"","ast-featured-img":"","footer-sml-layout":"","theme-transparent-header-meta":"default","adv-header-id-meta":"","stick-header-meta":"","header-above-stick-meta":"","header-main-stick-meta":"","header-below-stick-meta":"","spay_email":"","jetpack_publicize_message":"","jetpack_is_tweetstorm":false,"jetpack_publicize_feature_enabled":true},"product_cat":[37],"product_tag":[98,101,103,143,106,141,111],"_links":{"self":[{"href":"https:\/\/atolyedelice.com.tr\/en\/wp-json\/wp\/v2\/product\/4691"}],"collection":[{"href":"https:\/\/atolyedelice.com.tr\/en\/wp-json\/wp\/v2\/product"}],"about":[{"href":"https:\/\/atolyedelice.com.tr\/en\/wp-json\/wp\/v2\/types\/product"}],"replies":[{"embeddable":true,"href":"https:\/\/atolyedelice.com.tr\/en\/wp-json\/wp\/v2\/comments?post=4691"}],"wp:featuredmedia":[{"embeddable":true,"href":"https:\/\/atolyedelice.com.tr\/en\/wp-json\/wp\/v2\/media\/4692"}],"wp:attachment":[{"href":"https:\/\/atolyedelice.com.tr\/en\/wp-json\/wp\/v2\/media?parent=4691"}],"wp:term":[{"taxonomy":"product_cat","embeddable":true,"href":"https:\/\/atolyedelice.com.tr\/en\/wp-json\/wp\/v2\/product_cat?post=4691"},{"taxonomy":"product_tag","embeddable":true,"href":"https:\/\/atolyedelice.com.tr\/en\/wp-json\/wp\/v2\/product_tag?post=4691"}],"curies":[{"name":"wp","href":"https:\/\/api.w.org\/{rel}","templated":true}]}}