{"id":4694,"date":"2022-03-21T14:12:12","date_gmt":"2022-03-21T11:12:12","guid":{"rendered":"http:\/\/atolyedelice.com\/?post_type=product&#038;p=4694"},"modified":"2026-02-28T19:42:04","modified_gmt":"2026-02-28T16:42:04","slug":"lolipop-hediye-paketi","status":"publish","type":"product","link":"https:\/\/atolyedelice.com.tr\/en\/product\/lolipop-hediye-paketi\/","title":{"rendered":"LOL\u0130POP, Renkli Sabunlardan olu\u015fan Hediye Seti"},"content":{"rendered":"<p>3 Adet Kal\u0131p kat\u0131 do\u011fal sabun, sabunlar\u0131n uzun \u00f6m\u00fcrl\u00fc kullan\u0131m\u0131n\u0131 destekleyen \u0131zgaral\u0131 ah\u015fap sabunluk ve en k\u00fc\u00e7\u00fck sabunlar\u0131 bile k\u00f6p\u00fcrten, kad\u0131n dayan\u0131\u015fmas\u0131 \u00fcr\u00fcn\u00fc do\u011fal kese veya kabak lifi i\u00e7eren hediye paketidir.<\/p>\n<p>Paket i\u00e7eri\u011findeki sabunlar\u0131, ma\u011fazam\u0131zdaki kat\u0131 sabun kategorisinden g\u00f6rebilirsiniz. T\u00fcm sabunlar\u0131m\u0131z, kendi \u00fcretimimiz olup, so\u011fuk y\u00f6ntem ile yap\u0131lmaktad\u0131r. \u0130\u00e7eri\u011fi do\u011fal hammaddelerden olu\u015fur, cilde ve kar\u0131\u015ft\u0131\u011f\u0131 suya topra\u011fa zarar vermez.<\/p>\n<p><strong><em>G\u00f6rseldeki sabunlar:<\/em>\u00a0<\/strong><br \/>\n<em><strong>Lavantal\u0131 sabun:<\/strong><\/em> Cildi temizler, canland\u0131r\u0131r, bak\u0131m yapar.T\u00fcm cilt tipleri kullanabilir.<br \/>\n\u0130\u00e7indekiler \/ Ingredients: SODIUM OLIVATE, AQUA, SODIUM COCOA BUTTERATE, SODIUM COCOATE, LAVANDULA ANGUSTIFOLIA FLOWER OIL, CI 77007.<\/p>\n<p><em><strong>Bal &amp; Yulaf Sabunu:<\/strong><\/em> Gently cleans skin, moisturizes deeply and removes dead skin, provides care.<br \/>\nBal yo\u011fun nem verirken, yulaf peeling yapar. Kuru ciltler, hassas ciltler severek kullan\u0131r.<br \/>\n\u0130\u00e7indekiler \/ Ingredients: SODIUM OLIVATE, AQUA, SODIUM COCOA BUTTERATE, SODIUM COCOATE, CITRUS AURANTIUM DULCIS OIL, HONEY EXTRACT, AVENA SATIVA KERNEL FLOUR.<\/p>\n<p><em><strong>Ke\u00e7i s\u00fct\u00fc sabunu:<\/strong><\/em> Cildi temizler, nemlendirir, besler, bak\u0131m yapar. Kuru ciltler, hassas ciltler g\u00fcvenle kullanabilir.<br \/>\n\u0130\u00e7indekiler \/ Ingredients: SODIUM OLIVATE, AQUA, SODIUM COCOA BUTTERATE, SODIUM COCOATE, GOAT MILK EXTRACT, LAVANDULA ANGUSTIFOLIA FLOWER OIL.<\/p>\n<p><em>Kullan\u0131m Talimat\u0131:<\/em> Sabunu nemli y\u00fcz\u00fcn\u00fczde veya v\u00fccudunuzda k\u00f6p\u00fcrene kadar nazik\u00e7e, masaj yaparak gezdirin. Bol su ile durulay\u0131n\u0131z. Izgaral\u0131 bir sabunlukla kullanman\u0131z sabunun \u00f6mr\u00fcn\u00fc uzat\u0131r.<\/p>\n<p>Bu paketin i\u00e7eri\u011finde sizin se\u00e7ece\u011finiz 3 adet delice sabun olsun isterseniz; l\u00fctfen sipari\u015f verirken <strong>not k\u0131sm\u0131na se\u00e7ti\u011finiz sabunlar\u0131<\/strong> yaz\u0131n\u0131z.<\/p>\n<p><em>** Kese, at\u00f6lyemizdeki stok durumuna g\u00f6re pakete ilave edilir.\u00a0<\/em><\/p>","protected":false},"excerpt":{"rendered":"<p>set includes natural soaps and a handmade soap net<\/p>","protected":false},"featured_media":4697,"comment_status":"open","ping_status":"closed","template":"","meta":{"site-sidebar-layout":"default","site-content-layout":"default","ast-main-header-display":"","ast-hfb-above-header-display":"","ast-hfb-below-header-display":"","ast-hfb-mobile-header-display":"","site-post-title":"","ast-breadcrumbs-content":"","ast-featured-img":"","footer-sml-layout":"","theme-transparent-header-meta":"default","adv-header-id-meta":"","stick-header-meta":"","header-above-stick-meta":"","header-main-stick-meta":"","header-below-stick-meta":"","spay_email":"","jetpack_publicize_message":"","jetpack_is_tweetstorm":false,"jetpack_publicize_feature_enabled":true},"product_cat":[37],"product_tag":[102,101,103,106,156,125,159],"_links":{"self":[{"href":"https:\/\/atolyedelice.com.tr\/en\/wp-json\/wp\/v2\/product\/4694"}],"collection":[{"href":"https:\/\/atolyedelice.com.tr\/en\/wp-json\/wp\/v2\/product"}],"about":[{"href":"https:\/\/atolyedelice.com.tr\/en\/wp-json\/wp\/v2\/types\/product"}],"replies":[{"embeddable":true,"href":"https:\/\/atolyedelice.com.tr\/en\/wp-json\/wp\/v2\/comments?post=4694"}],"wp:featuredmedia":[{"embeddable":true,"href":"https:\/\/atolyedelice.com.tr\/en\/wp-json\/wp\/v2\/media\/4697"}],"wp:attachment":[{"href":"https:\/\/atolyedelice.com.tr\/en\/wp-json\/wp\/v2\/media?parent=4694"}],"wp:term":[{"taxonomy":"product_cat","embeddable":true,"href":"https:\/\/atolyedelice.com.tr\/en\/wp-json\/wp\/v2\/product_cat?post=4694"},{"taxonomy":"product_tag","embeddable":true,"href":"https:\/\/atolyedelice.com.tr\/en\/wp-json\/wp\/v2\/product_tag?post=4694"}],"curies":[{"name":"wp","href":"https:\/\/api.w.org\/{rel}","templated":true}]}}