{"id":4704,"date":"2022-03-21T14:26:21","date_gmt":"2022-03-21T11:26:21","guid":{"rendered":"http:\/\/atolyedelice.com\/?post_type=product&#038;p=4704"},"modified":"2025-05-21T11:10:53","modified_gmt":"2025-05-21T08:10:53","slug":"seker-ovma","status":"publish","type":"product","link":"https:\/\/atolyedelice.com.tr\/en\/product\/seker-ovma\/","title":{"rendered":"\u015eeker Ovma &#8211; Y\u00fcz Temizleme \u00fcr\u00fcn\u00fc"},"content":{"rendered":"<p>\u015eekerin en g\u00fczel hali:) Mavi Ha\u015fha\u015f, Kaolin kili, Hodan, Hindistan cevizi ya\u011f\u0131, e vitamini, portakal u\u00e7ucu ya\u011f\u0131 ve \u015feker ile harmanlanm\u0131\u015f haftal\u0131k y\u00fcz temizleme (peeling) \u00fcr\u00fcn\u00fc.<\/p>\n<p>Haftada 1g\u00fcn, y\u00fcz\u00fcn\u00fczde uygulad\u0131\u011f\u0131n\u0131zda, hem nazik\u00e7e ar\u0131nm\u0131\u015f, hem de nemlenmi\u015f olacak. Cilt bariyerini koruyan ya\u011flar ile nemli, canl\u0131 y\u00fczler i\u00e7in can\u0131m \u015feker ovma, \u015fahane bir se\u00e7im.<\/p>\n<p>Bir \u00e7ubuk yard\u0131m\u0131yla al\u0131p, 3-5 dakika dairesel hareketlerle y\u00fcz\u00fcn\u00fczde gezdirin. Sadece su ile durulay\u0131n. Oda s\u0131cakl\u0131\u011f\u0131nda saklay\u0131n.<\/p>","protected":false},"excerpt":{"rendered":"<p>peeling body scrub<\/p>","protected":false},"featured_media":4707,"comment_status":"open","ping_status":"closed","template":"","meta":{"site-sidebar-layout":"default","site-content-layout":"default","ast-main-header-display":"","ast-hfb-above-header-display":"","ast-hfb-below-header-display":"","ast-hfb-mobile-header-display":"","site-post-title":"","ast-breadcrumbs-content":"","ast-featured-img":"","footer-sml-layout":"","theme-transparent-header-meta":"default","adv-header-id-meta":"","stick-header-meta":"","header-above-stick-meta":"","header-main-stick-meta":"","header-below-stick-meta":"","spay_email":"","jetpack_publicize_message":"","jetpack_is_tweetstorm":false,"jetpack_publicize_feature_enabled":true},"product_cat":[38],"product_tag":[102,101,162,160,112,161,125,116],"_links":{"self":[{"href":"https:\/\/atolyedelice.com.tr\/en\/wp-json\/wp\/v2\/product\/4704"}],"collection":[{"href":"https:\/\/atolyedelice.com.tr\/en\/wp-json\/wp\/v2\/product"}],"about":[{"href":"https:\/\/atolyedelice.com.tr\/en\/wp-json\/wp\/v2\/types\/product"}],"replies":[{"embeddable":true,"href":"https:\/\/atolyedelice.com.tr\/en\/wp-json\/wp\/v2\/comments?post=4704"}],"wp:featuredmedia":[{"embeddable":true,"href":"https:\/\/atolyedelice.com.tr\/en\/wp-json\/wp\/v2\/media\/4707"}],"wp:attachment":[{"href":"https:\/\/atolyedelice.com.tr\/en\/wp-json\/wp\/v2\/media?parent=4704"}],"wp:term":[{"taxonomy":"product_cat","embeddable":true,"href":"https:\/\/atolyedelice.com.tr\/en\/wp-json\/wp\/v2\/product_cat?post=4704"},{"taxonomy":"product_tag","embeddable":true,"href":"https:\/\/atolyedelice.com.tr\/en\/wp-json\/wp\/v2\/product_tag?post=4704"}],"curies":[{"name":"wp","href":"https:\/\/api.w.org\/{rel}","templated":true}]}}