{"id":5111,"date":"2022-05-06T20:35:50","date_gmt":"2022-05-06T17:35:50","guid":{"rendered":"http:\/\/atolyedelice.com\/?post_type=product&#038;p=5111"},"modified":"2026-03-28T15:58:42","modified_gmt":"2026-03-28T12:58:42","slug":"sac-sabunu","status":"publish","type":"product","link":"https:\/\/atolyedelice.com.tr\/en\/product\/sac-sabunu\/","title":{"rendered":"Hair Soap"},"content":{"rendered":"<div>\n<p>T\u00fcm sabunlar\u0131m\u0131z, kendi \u00fcretimimiz olup, so\u011fuk y\u00f6ntem ile elde yap\u0131lmaktad\u0131r. \u0130\u00e7eri\u011fi do\u011fal hammaddelerden olu\u015fur, cilde ve kar\u0131\u015ft\u0131\u011f\u0131 suya topra\u011fa zarar vermez. Sabunda bulunan \u0131s\u0131rgan maserasyon ya\u011f\u0131, Ayval\u0131k&#8217;\u0131n civar k\u00f6ylerinde kendili\u011finden yeti\u015fen \u0131s\u0131rganlar\u0131n s\u0131zma zeytinya\u011f\u0131nda bekletilmesi ile elde edilir. Ayval\u0131k, Mutluk\u00f6y\u2019deki bah\u00e7emizin zeytinlerinin so\u011fuk s\u0131k\u0131m, 0.5 dizyem ya\u011f\u0131 ile, NaOH&#8217;\u0131n birle\u015fimidir.\u00a0<span style=\"font-size: 16px;\">\u00c7emen otu, \u00c7am Terebentin,\u00a0 Is\u0131rgan maserasyon, Biberiye maserasyon, Nane ya\u011f\u0131,\u00a0 Biberiye u\u00e7ucu ya\u011f\u0131 ve tabi Zeytinya\u011f\u0131,\u00a0 Hindistan Cevizi Ya\u011f\u0131 ve Kakao ya\u011f\u0131 ile g\u00fc\u00e7lendirilmi\u015f sa\u00e7 sabunudur.<\/span><\/p>\n<\/div>\n<p>&nbsp;<\/p>\n<p>Sa\u00e7\u0131 temizler, ya\u011f dengesini korur, bak\u0131m yapar.<\/p>\n<p>\u0130\u00e7indekiler \/ Ingredients: URTICA DIOICA LEAF EXTRACT, SODIUM OLIVATE, AQUA, SODIUM COCOA BUTTERATE, SODIUM COCOATE, MENTHA PIPERITA OIL, ROSMARINUS OFFICINALIS LEAF OIL, TRIGONELLA FOENUM-GRAECUM SEED EXTRACT.<\/p>\n<p>Kullan\u0131m Talimat\u0131: Sabunu elinizde su ile k\u00f6p\u00fcrene kadar ovalay\u0131n\u0131z. Islak sa\u00e7\u0131n\u0131za masaj yaparak uygulay\u0131n\u0131z. Bol su ile durulay\u0131n\u0131z. Izgaral\u0131 bir sabunlukla kullanman\u0131z sabunun \u00f6mr\u00fcn\u00fc uzat\u0131r.<\/p>\n<p>Yakla\u015f\u0131k 100 &#8211; 120gram. aras\u0131ndad\u0131r.<\/p>","protected":false},"excerpt":{"rendered":"<p>T\u00fcm sabunlar\u0131m\u0131z, kendi \u00fcretimimiz olup, so\u011fuk y\u00f6ntem ile elde yap\u0131lmaktad\u0131r. \u0130\u00e7eri\u011fi do\u011fal hammaddelerden olu\u015fur, cilde ve kar\u0131\u015ft\u0131\u011f\u0131 suya topra\u011fa zarar vermez. Sabunda bulunan \u0131s\u0131rgan maserasyon ya\u011f\u0131, Ayval\u0131k&#8217;\u0131n civar k\u00f6ylerinde kendili\u011finden yeti\u015fen \u0131s\u0131rganlar\u0131n s\u0131zma zeytinya\u011f\u0131nda bekletilmesi ile elde edilir. Ayval\u0131k, Mutluk\u00f6y\u2019deki bah\u00e7emizin zeytinlerinin so\u011fuk s\u0131k\u0131m, 0.5 dizyem ya\u011f\u0131 ile, NaOH&#8217;\u0131n birle\u015fimidir.\u00a0\u00c7emen otu, \u00c7am Terebentin,\u00a0 Is\u0131rgan maserasyon, &hellip;<\/p>\n<p class=\"read-more\"> <a class=\"\" href=\"https:\/\/atolyedelice.com.tr\/en\/product\/sac-sabunu\/\"> <span class=\"screen-reader-text\">Hair Soap<\/span> Read More &raquo;<\/a><\/p>","protected":false},"featured_media":5113,"comment_status":"open","ping_status":"closed","template":"","meta":{"site-sidebar-layout":"default","site-content-layout":"default","ast-main-header-display":"","ast-hfb-above-header-display":"","ast-hfb-below-header-display":"","ast-hfb-mobile-header-display":"","site-post-title":"","ast-breadcrumbs-content":"","ast-featured-img":"","footer-sml-layout":"","theme-transparent-header-meta":"default","adv-header-id-meta":"","stick-header-meta":"","header-above-stick-meta":"","header-main-stick-meta":"","header-below-stick-meta":"","spay_email":"","jetpack_publicize_message":"","jetpack_is_tweetstorm":false,"jetpack_publicize_feature_enabled":true},"product_cat":[22],"product_tag":[134,106,105,104,30],"_links":{"self":[{"href":"https:\/\/atolyedelice.com.tr\/en\/wp-json\/wp\/v2\/product\/5111"}],"collection":[{"href":"https:\/\/atolyedelice.com.tr\/en\/wp-json\/wp\/v2\/product"}],"about":[{"href":"https:\/\/atolyedelice.com.tr\/en\/wp-json\/wp\/v2\/types\/product"}],"replies":[{"embeddable":true,"href":"https:\/\/atolyedelice.com.tr\/en\/wp-json\/wp\/v2\/comments?post=5111"}],"wp:featuredmedia":[{"embeddable":true,"href":"https:\/\/atolyedelice.com.tr\/en\/wp-json\/wp\/v2\/media\/5113"}],"wp:attachment":[{"href":"https:\/\/atolyedelice.com.tr\/en\/wp-json\/wp\/v2\/media?parent=5111"}],"wp:term":[{"taxonomy":"product_cat","embeddable":true,"href":"https:\/\/atolyedelice.com.tr\/en\/wp-json\/wp\/v2\/product_cat?post=5111"},{"taxonomy":"product_tag","embeddable":true,"href":"https:\/\/atolyedelice.com.tr\/en\/wp-json\/wp\/v2\/product_tag?post=5111"}],"curies":[{"name":"wp","href":"https:\/\/api.w.org\/{rel}","templated":true}]}}