{"id":5155,"date":"2022-05-31T17:39:48","date_gmt":"2022-05-31T14:39:48","guid":{"rendered":"https:\/\/atolyedelice.com\/?post_type=product&#038;p=5155"},"modified":"2024-10-09T10:46:46","modified_gmt":"2024-10-09T07:46:46","slug":"aynisefa-yagi","status":"publish","type":"product","link":"https:\/\/atolyedelice.com.tr\/en\/product\/aynisefa-yagi\/","title":{"rendered":"Ayn\u0131sefa ya\u011f\u0131"},"content":{"rendered":"<p>Ayval\u0131k Mutluk\u00f6y&#8217;deki zeytinli\u011fimizde do\u011fal ortam\u0131nda yeti\u015fen, ellerimizle toplayarak ve s\u0131zma zeytinya\u011f\u0131nda maserasyon y\u00f6ntemi ile elde etti\u011fimiz ayn\u0131sefa ya\u011f\u0131d\u0131r.<\/p>\n<p>Banyo sonras\u0131 cildinizi nemlendirir. T\u00fcm ya\u015f gruplar\u0131nda kullan\u0131ma uygundur.<\/p>","protected":false},"excerpt":{"rendered":"<p>Ayn\u0131sefa ya\u011f\u0131<\/p>\n<div id=\"gtx-trans\" style=\"position: absolute; left: -86px; top: -2.5px;\">\n<div class=\"gtx-trans-icon\"><\/div>\n<\/div>","protected":false},"featured_media":5159,"comment_status":"open","ping_status":"closed","template":"","meta":{"site-sidebar-layout":"default","site-content-layout":"default","ast-main-header-display":"","ast-hfb-above-header-display":"","ast-hfb-below-header-display":"","ast-hfb-mobile-header-display":"","site-post-title":"","ast-breadcrumbs-content":"","ast-featured-img":"","footer-sml-layout":"","theme-transparent-header-meta":"default","adv-header-id-meta":"","stick-header-meta":"","header-above-stick-meta":"","header-main-stick-meta":"","header-below-stick-meta":"","spay_email":"","jetpack_publicize_message":"","jetpack_is_tweetstorm":false,"jetpack_publicize_feature_enabled":true},"product_cat":[38],"product_tag":[102,101,209,162,153,120,124,210],"_links":{"self":[{"href":"https:\/\/atolyedelice.com.tr\/en\/wp-json\/wp\/v2\/product\/5155"}],"collection":[{"href":"https:\/\/atolyedelice.com.tr\/en\/wp-json\/wp\/v2\/product"}],"about":[{"href":"https:\/\/atolyedelice.com.tr\/en\/wp-json\/wp\/v2\/types\/product"}],"replies":[{"embeddable":true,"href":"https:\/\/atolyedelice.com.tr\/en\/wp-json\/wp\/v2\/comments?post=5155"}],"wp:featuredmedia":[{"embeddable":true,"href":"https:\/\/atolyedelice.com.tr\/en\/wp-json\/wp\/v2\/media\/5159"}],"wp:attachment":[{"href":"https:\/\/atolyedelice.com.tr\/en\/wp-json\/wp\/v2\/media?parent=5155"}],"wp:term":[{"taxonomy":"product_cat","embeddable":true,"href":"https:\/\/atolyedelice.com.tr\/en\/wp-json\/wp\/v2\/product_cat?post=5155"},{"taxonomy":"product_tag","embeddable":true,"href":"https:\/\/atolyedelice.com.tr\/en\/wp-json\/wp\/v2\/product_tag?post=5155"}],"curies":[{"name":"wp","href":"https:\/\/api.w.org\/{rel}","templated":true}]}}