{"id":5263,"date":"2022-07-15T21:57:32","date_gmt":"2022-07-15T18:57:32","guid":{"rendered":"http:\/\/atolyedelice.com\/?post_type=product&#038;p=5263"},"modified":"2026-02-24T13:05:48","modified_gmt":"2026-02-24T10:05:48","slug":"kahve","status":"publish","type":"product","link":"https:\/\/atolyedelice.com.tr\/en\/product\/kahve\/","title":{"rendered":"Coffee"},"content":{"rendered":"<p>All our soaps are handmade using cold process. They are made by combining NaOH and the olive oil from our garden in Murlukoy, Ayvalik; further enhanced with coconut oil, cacao oil, maseration and essential oils.<\/p>\n<div>\n<p>Cildi temizler, yo\u011fun nemledirir, nazik\u00e7e \u00f6l\u00fc deriyi temizler, bak\u0131m yapar. \u0130\u00e7eri\u011findeki t\u00fcrk kahvesi do\u011fal peelling yapar, sel\u00fclit olu\u015fumunu engellemeye yard\u0131mc\u0131d\u0131r.<\/p>\n<p>\u0130\u00e7indekiler \/ Ingredients:SODIUM OLIVATE, AQUA, SODIUM COCOA BUTTERATE, SODIUM COCOATE, PROPYLENE GLYCOL, BENZYL ALCOHOL, PHENETHYL ALCOHOL, COFFEA ARABICA SEED EXTRACT.<\/p>\n<\/div>\n<div>App. 90-110 grams<\/div>\n<div>Using grated soap holders that have some ventilation lengthens the life of your soaps. =)<\/div>","protected":false},"excerpt":{"rendered":"<p>\u0130\u00e7eri\u011findeki t\u00fcrk kahvesi do\u011fal peelling etkili, sel\u00fclit olu\u015fumunu engellemeye yard\u0131mc\u0131, ar\u0131d\u0131r\u0131c\u0131, canland\u0131r\u0131c\u0131 kat\u0131 sabun.<\/p>","protected":false},"featured_media":5264,"comment_status":"open","ping_status":"closed","template":"","meta":{"site-sidebar-layout":"default","site-content-layout":"default","ast-main-header-display":"","ast-hfb-above-header-display":"","ast-hfb-below-header-display":"","ast-hfb-mobile-header-display":"","site-post-title":"","ast-breadcrumbs-content":"","ast-featured-img":"","footer-sml-layout":"","theme-transparent-header-meta":"default","adv-header-id-meta":"","stick-header-meta":"","header-above-stick-meta":"","header-main-stick-meta":"","header-below-stick-meta":"","spay_email":"","jetpack_publicize_message":"","jetpack_is_tweetstorm":false,"jetpack_publicize_feature_enabled":true},"product_cat":[22],"product_tag":[101,129,24,106,21,32,124],"_links":{"self":[{"href":"https:\/\/atolyedelice.com.tr\/en\/wp-json\/wp\/v2\/product\/5263"}],"collection":[{"href":"https:\/\/atolyedelice.com.tr\/en\/wp-json\/wp\/v2\/product"}],"about":[{"href":"https:\/\/atolyedelice.com.tr\/en\/wp-json\/wp\/v2\/types\/product"}],"replies":[{"embeddable":true,"href":"https:\/\/atolyedelice.com.tr\/en\/wp-json\/wp\/v2\/comments?post=5263"}],"wp:featuredmedia":[{"embeddable":true,"href":"https:\/\/atolyedelice.com.tr\/en\/wp-json\/wp\/v2\/media\/5264"}],"wp:attachment":[{"href":"https:\/\/atolyedelice.com.tr\/en\/wp-json\/wp\/v2\/media?parent=5263"}],"wp:term":[{"taxonomy":"product_cat","embeddable":true,"href":"https:\/\/atolyedelice.com.tr\/en\/wp-json\/wp\/v2\/product_cat?post=5263"},{"taxonomy":"product_tag","embeddable":true,"href":"https:\/\/atolyedelice.com.tr\/en\/wp-json\/wp\/v2\/product_tag?post=5263"}],"curies":[{"name":"wp","href":"https:\/\/api.w.org\/{rel}","templated":true}]}}