{"id":5956,"date":"2024-10-22T20:49:11","date_gmt":"2024-10-22T17:49:11","guid":{"rendered":"https:\/\/atolyedelice.com.tr\/?post_type=product&#038;p=5956"},"modified":"2026-02-24T13:05:37","modified_gmt":"2026-02-24T10:05:37","slug":"ayvaliksabunu","status":"publish","type":"product","link":"https:\/\/atolyedelice.com.tr\/en\/product\/ayvaliksabunu\/","title":{"rendered":"Ayval\u0131k"},"content":{"rendered":"<p>T\u00fcm sabunlar\u0131m\u0131z so\u011fuk proses, el yap\u0131m\u0131d\u0131r. Ayval\u0131k, Mutluk\u00f6y\u2019deki bah\u00e7emizin zeytinlerinin so\u011fuk s\u0131k\u0131m, 0.5 dizyem ya\u011f\u0131 ile, NaOH\u2019\u0131n birle\u015fimidir.<\/p>\n<div>\n<p>\u0130\u00e7indekiler \/ Ingredients:SODIUM OLIVATE, AQUA.<\/p>\n<\/div>\n<div>App. 90-110 grams<\/div>\n<div>Kullan\u0131m s\u0131ras\u0131nda, \u0131zgaral\u0131 bir sabunluk kullanman\u0131z sabunun \u00f6mr\u00fcn\u00fc uzat\u0131r. Saf zeytinya\u011fl\u0131 bir \u00fcr\u00fcn oldu\u011fu i\u00e7in fazla k\u00f6p\u00fcrmez ama nazik\u00e7e temizledi\u011finden emin olabilirsiniz.<\/div>","protected":false},"excerpt":{"rendered":"<p>Siz istediniz, biz de yapt\u0131k \ud83d\ude42 Hep sorulan; saf zeytinya\u011fl\u0131, do\u011fal, sade sabun &#8220;Ayval\u0131k&#8221; . Hafif kokusu, yumu\u015fak dokusu ile hem el hem v\u00fccut temizli\u011finde kullanmak i\u00e7in idealdir. Fo\u015fur fo\u015fur k\u00f6p\u00fcrmez ama nazik\u00e7e temizler.<\/p>","protected":false},"featured_media":5957,"comment_status":"open","ping_status":"closed","template":"","meta":{"site-sidebar-layout":"default","site-content-layout":"default","ast-main-header-display":"","ast-hfb-above-header-display":"","ast-hfb-below-header-display":"","ast-hfb-mobile-header-display":"","site-post-title":"","ast-breadcrumbs-content":"","ast-featured-img":"","footer-sml-layout":"","theme-transparent-header-meta":"default","adv-header-id-meta":"","stick-header-meta":"","header-above-stick-meta":"","header-main-stick-meta":"","header-below-stick-meta":"","spay_email":"","jetpack_publicize_message":"","jetpack_is_tweetstorm":false,"jetpack_publicize_feature_enabled":true},"product_cat":[22],"product_tag":[101,129,24,106,21,32,124,211],"_links":{"self":[{"href":"https:\/\/atolyedelice.com.tr\/en\/wp-json\/wp\/v2\/product\/5956"}],"collection":[{"href":"https:\/\/atolyedelice.com.tr\/en\/wp-json\/wp\/v2\/product"}],"about":[{"href":"https:\/\/atolyedelice.com.tr\/en\/wp-json\/wp\/v2\/types\/product"}],"replies":[{"embeddable":true,"href":"https:\/\/atolyedelice.com.tr\/en\/wp-json\/wp\/v2\/comments?post=5956"}],"wp:featuredmedia":[{"embeddable":true,"href":"https:\/\/atolyedelice.com.tr\/en\/wp-json\/wp\/v2\/media\/5957"}],"wp:attachment":[{"href":"https:\/\/atolyedelice.com.tr\/en\/wp-json\/wp\/v2\/media?parent=5956"}],"wp:term":[{"taxonomy":"product_cat","embeddable":true,"href":"https:\/\/atolyedelice.com.tr\/en\/wp-json\/wp\/v2\/product_cat?post=5956"},{"taxonomy":"product_tag","embeddable":true,"href":"https:\/\/atolyedelice.com.tr\/en\/wp-json\/wp\/v2\/product_tag?post=5956"}],"curies":[{"name":"wp","href":"https:\/\/api.w.org\/{rel}","templated":true}]}}