{"id":5961,"date":"2024-11-07T13:23:10","date_gmt":"2024-11-07T10:23:10","guid":{"rendered":"https:\/\/atolyedelice.com.tr\/?post_type=product&#038;p=5961"},"modified":"2024-11-08T21:23:53","modified_gmt":"2024-11-08T18:23:53","slug":"iki-gozumun-cicegi-goz-bakim-serumu","status":"publish","type":"product","link":"https:\/\/atolyedelice.com.tr\/en\/product\/iki-gozumun-cicegi-goz-bakim-serumu\/","title":{"rendered":"\u0130ki G\u00f6z\u00fcm\u00fcn \u00c7i\u00e7e\u011fi &#8211; G\u00f6z Bak\u0131m Serumu"},"content":{"rendered":"<p>Ya\u015flanma kar\u015f\u0131t\u0131 ya\u011flar ve cilt bariyerini onaran ya\u011flarla i\u00e7eri\u011fi zenginle\u015ftirilmi\u015ftir. G\u00f6z \u00e7evresi bak\u0131m\u0131n\u0131z\u0131 nazik\u00e7e yapar. \u0130\u00e7eri\u011finde koruyucu katk\u0131 maddesi yoktur.<\/p>\n<p>So\u011fuk s\u0131k\u0131m \u00fcz\u00fcm \u00e7ekirde\u011fi ya\u011f\u0131, jojoba, kay\u0131s\u0131 \u00e7ekirde\u011fi ya\u011f\u0131, \u00e7uha tohumu ya\u011f\u0131, ayn\u0131sefa ya\u011f\u0131, e vitamini, \u0131t\u0131r ya\u011f\u0131 ve shea ya\u011f\u0131 i\u00e7erir. \u0130\u00e7erisindeki t\u00fcm bile\u015fenler yenilebilir malzemelerdir.<\/p>\n<div><em>Kullanma talimat\u0131: <\/em>Temiz cilde haricen uygulan\u0131r. 10 ML&#8217;dir.<\/div>\n<div>Store in room temperature.<\/div>","protected":false},"excerpt":{"rendered":"<p>Ya\u015flanma kar\u015f\u0131t\u0131 ya\u011flar ve cilt bariyerini onaran ya\u011flarla i\u00e7eri\u011fi zenginle\u015ftirilmi\u015ftir. G\u00f6z \u00e7evresi bak\u0131m\u0131n\u0131z\u0131 nazik\u00e7e yapar.<\/p>","protected":false},"featured_media":5962,"comment_status":"open","ping_status":"closed","template":"","meta":{"site-sidebar-layout":"default","site-content-layout":"default","ast-main-header-display":"","ast-hfb-above-header-display":"","ast-hfb-below-header-display":"","ast-hfb-mobile-header-display":"","site-post-title":"","ast-breadcrumbs-content":"","ast-featured-img":"","footer-sml-layout":"","theme-transparent-header-meta":"default","adv-header-id-meta":"","stick-header-meta":"","header-above-stick-meta":"","header-main-stick-meta":"","header-below-stick-meta":"","spay_email":"","jetpack_publicize_message":"","jetpack_is_tweetstorm":false,"jetpack_publicize_feature_enabled":true},"product_cat":[38],"product_tag":[123,133,101,24,21,132,122,131],"_links":{"self":[{"href":"https:\/\/atolyedelice.com.tr\/en\/wp-json\/wp\/v2\/product\/5961"}],"collection":[{"href":"https:\/\/atolyedelice.com.tr\/en\/wp-json\/wp\/v2\/product"}],"about":[{"href":"https:\/\/atolyedelice.com.tr\/en\/wp-json\/wp\/v2\/types\/product"}],"replies":[{"embeddable":true,"href":"https:\/\/atolyedelice.com.tr\/en\/wp-json\/wp\/v2\/comments?post=5961"}],"wp:featuredmedia":[{"embeddable":true,"href":"https:\/\/atolyedelice.com.tr\/en\/wp-json\/wp\/v2\/media\/5962"}],"wp:attachment":[{"href":"https:\/\/atolyedelice.com.tr\/en\/wp-json\/wp\/v2\/media?parent=5961"}],"wp:term":[{"taxonomy":"product_cat","embeddable":true,"href":"https:\/\/atolyedelice.com.tr\/en\/wp-json\/wp\/v2\/product_cat?post=5961"},{"taxonomy":"product_tag","embeddable":true,"href":"https:\/\/atolyedelice.com.tr\/en\/wp-json\/wp\/v2\/product_tag?post=5961"}],"curies":[{"name":"wp","href":"https:\/\/api.w.org\/{rel}","templated":true}]}}