{"id":5967,"date":"2024-11-07T21:34:06","date_gmt":"2024-11-07T18:34:06","guid":{"rendered":"https:\/\/atolyedelice.com.tr\/?post_type=product&#038;p=5967"},"modified":"2024-11-07T22:13:32","modified_gmt":"2024-11-07T19:13:32","slug":"bitti-gitti-sprey","status":"publish","type":"product","link":"https:\/\/atolyedelice.com.tr\/en\/product\/bitti-gitti-sprey\/","title":{"rendered":"Bit&#8217;ti Gitti Sprey"},"content":{"rendered":"<p>Bit&#8217;ti Gitti, \u00e7ocuklar\u0131 minik ve yaramaz bitlerden korumak i\u00e7in geli\u015ftirilmi\u015f, do\u011fa dostu, cilt dostu ve fakat <em>bit dostu olmayan<\/em> kurtar\u0131c\u0131 spreyimiz! Sa\u00e7lara, enseye 2-3 f\u0131s s\u0131k , g\u00fcn i\u00e7inde tekrarla, bitleri ve t\u00fcrl\u00fc \u00e7e\u015fit ha\u015fereleri \u00e7evrene yakla\u015ft\u0131rma.<\/p>","protected":false},"excerpt":{"rendered":"<p>Bit&#8217;ti Gitti, \u00e7ocuklar\u0131 minik ve yaramaz bitlerden korumak i\u00e7in geli\u015ftirilmi\u015f, do\u011fa dostu, cilt dostu ve fakat <em>bit dostu olmayan<\/em> kurtar\u0131c\u0131 spreyimiz! Sa\u00e7lara, enseye 2-3 f\u0131s s\u0131k , g\u00fcn i\u00e7inde tekrarla, bitleri ve t\u00fcrl\u00fc \u00e7e\u015fit ha\u015fereleri \u00e7evrene yakla\u015ft\u0131rma.<\/p>","protected":false},"featured_media":5975,"comment_status":"closed","ping_status":"closed","template":"","meta":{"site-sidebar-layout":"default","site-content-layout":"default","ast-main-header-display":"","ast-hfb-above-header-display":"","ast-hfb-below-header-display":"","ast-hfb-mobile-header-display":"","site-post-title":"","ast-breadcrumbs-content":"","ast-featured-img":"","footer-sml-layout":"","theme-transparent-header-meta":"default","adv-header-id-meta":"","stick-header-meta":"","header-above-stick-meta":"","header-main-stick-meta":"","header-below-stick-meta":"","spay_email":"","jetpack_publicize_message":"","jetpack_is_tweetstorm":false,"jetpack_publicize_feature_enabled":true},"product_cat":[38,39],"product_tag":[],"_links":{"self":[{"href":"https:\/\/atolyedelice.com.tr\/en\/wp-json\/wp\/v2\/product\/5967"}],"collection":[{"href":"https:\/\/atolyedelice.com.tr\/en\/wp-json\/wp\/v2\/product"}],"about":[{"href":"https:\/\/atolyedelice.com.tr\/en\/wp-json\/wp\/v2\/types\/product"}],"replies":[{"embeddable":true,"href":"https:\/\/atolyedelice.com.tr\/en\/wp-json\/wp\/v2\/comments?post=5967"}],"wp:featuredmedia":[{"embeddable":true,"href":"https:\/\/atolyedelice.com.tr\/en\/wp-json\/wp\/v2\/media\/5975"}],"wp:attachment":[{"href":"https:\/\/atolyedelice.com.tr\/en\/wp-json\/wp\/v2\/media?parent=5967"}],"wp:term":[{"taxonomy":"product_cat","embeddable":true,"href":"https:\/\/atolyedelice.com.tr\/en\/wp-json\/wp\/v2\/product_cat?post=5967"},{"taxonomy":"product_tag","embeddable":true,"href":"https:\/\/atolyedelice.com.tr\/en\/wp-json\/wp\/v2\/product_tag?post=5967"}],"curies":[{"name":"wp","href":"https:\/\/api.w.org\/{rel}","templated":true}]}}