{"id":5982,"date":"2024-11-07T23:44:15","date_gmt":"2024-11-07T20:44:15","guid":{"rendered":"https:\/\/atolyedelice.com.tr\/?post_type=product&#038;p=5982"},"modified":"2025-10-06T15:14:31","modified_gmt":"2025-10-06T12:14:31","slug":"gul-suyu","status":"publish","type":"product","link":"https:\/\/atolyedelice.com.tr\/en\/product\/gul-suyu\/","title":{"rendered":"G\u00fcl Suyu"},"content":{"rendered":"<p>G\u00fcl, i\u00e7erisinde bulunan bile\u015fenler sayesinde \u00f6zellikle hassas ve kuru ciltleri besler, nemlendirir, onar\u0131r. G\u00fcl suyu, \u00e7i\u00e7eklerinin distilasyon y\u00f6ntemi ile elde edilir.<\/p>\n<p>Hassas ciltler i\u00e7in harika bir tonik olarak kullan\u0131labilir. Ke\u00e7i s\u00fct\u00fc sabunu ile temizlenmi\u015f cilde, k\u00fc\u00e7\u00fck bir pamu\u011fa s\u0131karak, cildinizi nazik\u00e7e temizleyebilirsiniz. Distile su formundaki sprey, cildi ferahlat\u0131r, cildin do\u011fal dengesini korur.<\/p>","protected":false},"excerpt":{"rendered":"<p>G\u00fcl, i\u00e7erisinde bulunan bile\u015fenler sayesinde \u00f6zellikle hassas ve kuru ciltleri besler, nemlendirir, onar\u0131r. G\u00fcl suyu, \u00e7i\u00e7eklerinin distilasyon y\u00f6ntemi ile elde edilir.<\/p>\n<p>Hassas ciltler i\u00e7in harika bir tonik olarak kullan\u0131labilir. Ke\u00e7i s\u00fct\u00fc sabunu ile temizlenmi\u015f cilde, k\u00fc\u00e7\u00fck bir pamu\u011fa s\u0131karak, cildinizi nazik\u00e7e temizleyebilirsiniz. Distile su formundaki sprey, cildi ferahlat\u0131r, cildin do\u011fal dengesini korur.<\/p>","protected":false},"featured_media":5973,"comment_status":"closed","ping_status":"closed","template":"","meta":{"site-sidebar-layout":"default","site-content-layout":"default","ast-main-header-display":"","ast-hfb-above-header-display":"","ast-hfb-below-header-display":"","ast-hfb-mobile-header-display":"","site-post-title":"","ast-breadcrumbs-content":"","ast-featured-img":"","footer-sml-layout":"","theme-transparent-header-meta":"default","adv-header-id-meta":"","stick-header-meta":"","header-above-stick-meta":"","header-main-stick-meta":"","header-below-stick-meta":"","spay_email":"","jetpack_publicize_message":"","jetpack_is_tweetstorm":false,"jetpack_publicize_feature_enabled":true},"product_cat":[38],"product_tag":[],"_links":{"self":[{"href":"https:\/\/atolyedelice.com.tr\/en\/wp-json\/wp\/v2\/product\/5982"}],"collection":[{"href":"https:\/\/atolyedelice.com.tr\/en\/wp-json\/wp\/v2\/product"}],"about":[{"href":"https:\/\/atolyedelice.com.tr\/en\/wp-json\/wp\/v2\/types\/product"}],"replies":[{"embeddable":true,"href":"https:\/\/atolyedelice.com.tr\/en\/wp-json\/wp\/v2\/comments?post=5982"}],"wp:featuredmedia":[{"embeddable":true,"href":"https:\/\/atolyedelice.com.tr\/en\/wp-json\/wp\/v2\/media\/5973"}],"wp:attachment":[{"href":"https:\/\/atolyedelice.com.tr\/en\/wp-json\/wp\/v2\/media?parent=5982"}],"wp:term":[{"taxonomy":"product_cat","embeddable":true,"href":"https:\/\/atolyedelice.com.tr\/en\/wp-json\/wp\/v2\/product_cat?post=5982"},{"taxonomy":"product_tag","embeddable":true,"href":"https:\/\/atolyedelice.com.tr\/en\/wp-json\/wp\/v2\/product_tag?post=5982"}],"curies":[{"name":"wp","href":"https:\/\/api.w.org\/{rel}","templated":true}]}}