{"id":6060,"date":"2025-02-12T16:24:40","date_gmt":"2025-02-12T13:24:40","guid":{"rendered":"https:\/\/atolyedelice.com.tr\/?post_type=product&#038;p=6060"},"modified":"2025-02-16T13:36:44","modified_gmt":"2025-02-16T10:36:44","slug":"kurumsal-hediye-paketi-2-100adet","status":"publish","type":"product","link":"https:\/\/atolyedelice.com.tr\/en\/product\/kurumsal-hediye-paketi-2-100adet\/","title":{"rendered":"Kurumsal Hediye Paketi &#8211; 2 (100adet)"},"content":{"rendered":"<p><strong>Paket i\u00e7eri\u011fi:<\/strong> 3 farkl\u0131 delice sabun, 1 adet kabak lifi, 1 adet 5ml Paramparlak (dudak bak\u0131m balm\u0131)<\/p>\n<p><em><strong>\u0130nce delice sabun:<\/strong><\/em><br \/>\nFarkl\u0131 \u00e7e\u015fitte, kat\u0131 sabundan olu\u015fan, rengarenk sabunlar. 3 \u00e7e\u015fit kendi \u00fcretimimiz olan, standart boy sabunlar\u0131m\u0131za g\u00f6re daha ufak boyutta sabundan olu\u015fur. Hangi sabunu kullanmak istedi\u011fine karar vermekte zorlananlar i\u00e7in deneme ama\u00e7l\u0131 olabilir. Ayr\u0131ca seyahatlerinizde veya \u00e7antada ta\u015f\u0131mak i\u00e7in ideal boydad\u0131r.<\/p>\n<p>Paket i\u00e7eri\u011findeki sabunlar\u0131, ma\u011fazam\u0131zdaki kat\u0131 sabun kategorisinden g\u00f6rebilirsiniz.<br \/>\nT\u00fcm sabunlar\u0131m\u0131z, kendi \u00fcretimimiz olup, so\u011fuk y\u00f6ntem ile yap\u0131lmaktad\u0131r. \u0130\u00e7eri\u011fi do\u011fal hammaddelerden olu\u015fur, cilde ve kar\u0131\u015ft\u0131\u011f\u0131 suya topra\u011fa zarar vermez.<\/p>\n<p>Kullan\u0131m Talimat\u0131: Sabunu nemli y\u00fcz\u00fcn\u00fczde veya v\u00fccudunuzda k\u00f6p\u00fcrene kadar nazik\u00e7e, masaj yaparak gezdirin. Bol su ile durulay\u0131n\u0131z. \u0130pinden asarak veya \u0131zgaral\u0131 bir sabunlukla kullanman\u0131z sabunun \u00f6mr\u00fcn\u00fc uzat\u0131r.<\/p>\n<p><strong><em>Do\u011fal kabak lifi:<\/em><\/strong><br \/>\n\u00c7ok ama\u00e7l\u0131 kullan\u0131ma uygun 2 adet do\u011fal kabak lifi.<br \/>\nV\u00fccudunuzda, bula\u015f\u0131k teli, sabunluk kullanabilirsiniz.<br \/>\nWhen worn, may be composted or buried in plant pots.<\/p>\n<p><em><strong>Paramparlak:<\/strong><\/em><br \/>\n<span style=\"font-size: 16px;\">Yenilebilir ya\u011flarla ve bitkisel pigmentlerle yap\u0131lan bak\u0131m merhemi. Dudaklar\u0131n\u0131z hem renklensin, hem de nemlensin. \u0130\u00e7eri\u011fi; Kakao ya\u011f\u0131, hint ya\u011f\u0131, badem ya\u011f\u0131, shea butter, bitkisel pigment ve portakal u\u00e7ucu ya\u011f\u0131.<\/span><\/p>\n<div>\n<div class=\"woocommerce-tabs wc-tabs-wrapper\">\n<div id=\"tab-description\" class=\"woocommerce-Tabs-panel woocommerce-Tabs-panel--description panel entry-content wc-tab\" role=\"tabpanel\" aria-labelledby=\"tab-title-description\">\n<p>Kullan\u0131m talimat\u0131: \u0130\u00e7erisinde koruyucu katk\u0131 maddeleri olmad\u0131\u011f\u0131ndan temiz elinizle veya tahta \u00e7ubuk yard\u0131m\u0131 ile \u00e7ok ufak bir miktar alarak dudaklar\u0131n\u0131za, yanaklar\u0131n\u0131za kullanabilirsiniz. <span style=\"font-size: 16px;\">Store in room temperature.<\/span><\/p>\n<\/div>\n<\/div>\n<section class=\"related products\"><\/section>\n<\/div>\n<p>Ge\u00e7erli fiyat, 100 adet set i\u00e7indir. 3 farkl\u0131 delice sabun, 1 adet kabak lifi, 1 adet 5ml Paramparlak (dudak bak\u0131m balm\u0131). 1 set fiyat\u0131: 400TL&#8217;dir.<\/p>","protected":false},"excerpt":{"rendered":"<p>3 farkl\u0131 sabun, 5ml adak balm\u0131, kabak lifi<\/p>","protected":false},"featured_media":6042,"comment_status":"closed","ping_status":"closed","template":"","meta":{"site-sidebar-layout":"default","site-content-layout":"default","ast-main-header-display":"","ast-hfb-above-header-display":"","ast-hfb-below-header-display":"","ast-hfb-mobile-header-display":"","site-post-title":"","ast-breadcrumbs-content":"","ast-featured-img":"","footer-sml-layout":"","theme-transparent-header-meta":"default","adv-header-id-meta":"","stick-header-meta":"","header-above-stick-meta":"","header-main-stick-meta":"","header-below-stick-meta":"","spay_email":"","jetpack_publicize_message":"","jetpack_is_tweetstorm":false,"jetpack_publicize_feature_enabled":true},"product_cat":[214],"product_tag":[],"_links":{"self":[{"href":"https:\/\/atolyedelice.com.tr\/en\/wp-json\/wp\/v2\/product\/6060"}],"collection":[{"href":"https:\/\/atolyedelice.com.tr\/en\/wp-json\/wp\/v2\/product"}],"about":[{"href":"https:\/\/atolyedelice.com.tr\/en\/wp-json\/wp\/v2\/types\/product"}],"replies":[{"embeddable":true,"href":"https:\/\/atolyedelice.com.tr\/en\/wp-json\/wp\/v2\/comments?post=6060"}],"wp:featuredmedia":[{"embeddable":true,"href":"https:\/\/atolyedelice.com.tr\/en\/wp-json\/wp\/v2\/media\/6042"}],"wp:attachment":[{"href":"https:\/\/atolyedelice.com.tr\/en\/wp-json\/wp\/v2\/media?parent=6060"}],"wp:term":[{"taxonomy":"product_cat","embeddable":true,"href":"https:\/\/atolyedelice.com.tr\/en\/wp-json\/wp\/v2\/product_cat?post=6060"},{"taxonomy":"product_tag","embeddable":true,"href":"https:\/\/atolyedelice.com.tr\/en\/wp-json\/wp\/v2\/product_tag?post=6060"}],"curies":[{"name":"wp","href":"https:\/\/api.w.org\/{rel}","templated":true}]}}