{"id":6061,"date":"2025-02-12T16:31:07","date_gmt":"2025-02-12T13:31:07","guid":{"rendered":"https:\/\/atolyedelice.com.tr\/?post_type=product&#038;p=6061"},"modified":"2025-02-16T13:25:08","modified_gmt":"2025-02-16T10:25:08","slug":"kurumsal-hediye-paketi-3-100adet","status":"publish","type":"product","link":"https:\/\/atolyedelice.com.tr\/en\/product\/kurumsal-hediye-paketi-3-100adet\/","title":{"rendered":"Kurumsal Hediye Paketi \u2013 3 (100adet)"},"content":{"rendered":"<p><strong>Paket i\u00e7eri\u011fi:<\/strong> 2 farkl\u0131 delice sabun ve 1 adet kabak lifi &#8211; Paket fiyat\u0131, 100 adet set i\u00e7indir. 1setin fiyat\u0131 toplu al\u0131mlarda, 300TL&#8217;dir.<\/p>\n<p><em><strong>Delice Sabun:<\/strong><\/em><\/p>\n<p>Paket i\u00e7eri\u011findeki sabunlar\u0131, ma\u011fazam\u0131zdaki kat\u0131 sabun kategorisinden g\u00f6rebilirsiniz.<\/p>\n<p>T\u00fcm sabunlar\u0131m\u0131z, kendi \u00fcretimimiz olup, so\u011fuk y\u00f6ntem ile yap\u0131lmaktad\u0131r. \u0130\u00e7eri\u011fi do\u011fal hammaddelerden olu\u015fur, cilde ve kar\u0131\u015ft\u0131\u011f\u0131 suya topra\u011fa zarar vermez.<\/p>\n<p>Kullan\u0131m Talimat\u0131: Sabunu nemli y\u00fcz\u00fcn\u00fczde veya v\u00fccudunuzda k\u00f6p\u00fcrene kadar nazik\u00e7e, masaj yaparak gezdirin. Bol su ile durulay\u0131n\u0131z. \u0130pinden asarak veya \u0131zgaral\u0131 bir sabunlukla kullanman\u0131z sabunun \u00f6mr\u00fcn\u00fc uzat\u0131r.<\/p>\n<p><strong><em>Do\u011fal kabak lifi:<\/em><\/strong><br \/>\n\u00c7ok ama\u00e7l\u0131 kullan\u0131ma uygun 2 adet do\u011fal kabak lifi.<br \/>\nV\u00fccudunuzda, bula\u015f\u0131k teli, sabunluk kullanabilirsiniz.<br \/>\nWhen worn, may be composted or buried in plant pots.<\/p>\n<p>Kullan\u0131m Talimat\u0131: Sabunu nemli y\u00fcz\u00fcn\u00fczde veya v\u00fccudunuzda k\u00f6p\u00fcrene kadar nazik\u00e7e, masaj yaparak gezdirin. Bol su ile durulay\u0131n\u0131z. \u0130pinden asarak veya \u0131zgaral\u0131 bir sabunlukla kullanman\u0131z sabunun \u00f6mr\u00fcn\u00fc uzat\u0131r.<\/p>\n<p>&nbsp;<\/p>","protected":false},"excerpt":{"rendered":"<p>2 kal\u0131p sabun, kabak lifi<\/p>","protected":false},"featured_media":6017,"comment_status":"closed","ping_status":"closed","template":"","meta":{"site-sidebar-layout":"default","site-content-layout":"default","ast-main-header-display":"","ast-hfb-above-header-display":"","ast-hfb-below-header-display":"","ast-hfb-mobile-header-display":"","site-post-title":"","ast-breadcrumbs-content":"","ast-featured-img":"","footer-sml-layout":"","theme-transparent-header-meta":"default","adv-header-id-meta":"","stick-header-meta":"","header-above-stick-meta":"","header-main-stick-meta":"","header-below-stick-meta":"","spay_email":"","jetpack_publicize_message":"","jetpack_is_tweetstorm":false,"jetpack_publicize_feature_enabled":true},"product_cat":[214],"product_tag":[],"_links":{"self":[{"href":"https:\/\/atolyedelice.com.tr\/en\/wp-json\/wp\/v2\/product\/6061"}],"collection":[{"href":"https:\/\/atolyedelice.com.tr\/en\/wp-json\/wp\/v2\/product"}],"about":[{"href":"https:\/\/atolyedelice.com.tr\/en\/wp-json\/wp\/v2\/types\/product"}],"replies":[{"embeddable":true,"href":"https:\/\/atolyedelice.com.tr\/en\/wp-json\/wp\/v2\/comments?post=6061"}],"wp:featuredmedia":[{"embeddable":true,"href":"https:\/\/atolyedelice.com.tr\/en\/wp-json\/wp\/v2\/media\/6017"}],"wp:attachment":[{"href":"https:\/\/atolyedelice.com.tr\/en\/wp-json\/wp\/v2\/media?parent=6061"}],"wp:term":[{"taxonomy":"product_cat","embeddable":true,"href":"https:\/\/atolyedelice.com.tr\/en\/wp-json\/wp\/v2\/product_cat?post=6061"},{"taxonomy":"product_tag","embeddable":true,"href":"https:\/\/atolyedelice.com.tr\/en\/wp-json\/wp\/v2\/product_tag?post=6061"}],"curies":[{"name":"wp","href":"https:\/\/api.w.org\/{rel}","templated":true}]}}