{"id":6144,"date":"2026-02-28T19:35:32","date_gmt":"2026-02-28T16:35:32","guid":{"rendered":"https:\/\/atolyedelice.com.tr\/?post_type=product&#038;p=6144"},"modified":"2026-02-28T19:36:26","modified_gmt":"2026-02-28T16:36:26","slug":"daglar-kizi-reyhan","status":"publish","type":"product","link":"https:\/\/atolyedelice.com.tr\/en\/product\/daglar-kizi-reyhan\/","title":{"rendered":"Da\u011flar K\u0131z\u0131 Reyhan; Do\u011fal sabun, Peeling, G\u00fcl Suyu"},"content":{"rendered":"<p>Y\u00fcz bak\u0131m\u0131n\u0131 do\u011fal bir \u015f\u00f6lene d\u00f6n\u00fc\u015ft\u00fcr.<br \/>\nDo\u011fan\u0131n en sade ama en g\u00fc\u00e7l\u00fc dokunu\u015flar\u0131n\u0131 bir araya getirdik.<br \/>\nDa\u011f esintisi gibi ar\u0131nd\u0131ran kekik sabunu, cildini nazik\u00e7e temizler.<br \/>\n\u015eeker Ovma peeling, minik tanecikleriyle \u00f6l\u00fc deriyi uzakla\u015ft\u0131r\u0131r, y\u00fcz\u00fcn\u00fc yumu\u015fac\u0131k yapar.<br \/>\nSon dokunu\u015fta gelen g\u00fcl suyu ise cildini ferahlat\u0131r, tazeler ve dengeye \u00e7a\u011f\u0131r\u0131r.<br \/>\nAr\u0131nma, yumu\u015fama ve ferahl\u0131k\u2026<br \/>\nHepsi tek bir rit\u00fcelde.<\/p>","protected":false},"excerpt":{"rendered":"<p>do\u011fal sabun, g\u00fcl suyu ve ovma peeling i\u00e7eren hediye paketi<\/p>","protected":false},"featured_media":6149,"comment_status":"closed","ping_status":"closed","template":"","meta":{"site-sidebar-layout":"default","site-content-layout":"default","ast-main-header-display":"","ast-hfb-above-header-display":"","ast-hfb-below-header-display":"","ast-hfb-mobile-header-display":"","site-post-title":"","ast-breadcrumbs-content":"","ast-featured-img":"","footer-sml-layout":"","theme-transparent-header-meta":"default","adv-header-id-meta":"","stick-header-meta":"","header-above-stick-meta":"","header-main-stick-meta":"","header-below-stick-meta":"","spay_email":"","jetpack_publicize_message":"","jetpack_is_tweetstorm":false,"jetpack_publicize_feature_enabled":true},"product_cat":[37],"product_tag":[102,101,106,215,156,127],"_links":{"self":[{"href":"https:\/\/atolyedelice.com.tr\/en\/wp-json\/wp\/v2\/product\/6144"}],"collection":[{"href":"https:\/\/atolyedelice.com.tr\/en\/wp-json\/wp\/v2\/product"}],"about":[{"href":"https:\/\/atolyedelice.com.tr\/en\/wp-json\/wp\/v2\/types\/product"}],"replies":[{"embeddable":true,"href":"https:\/\/atolyedelice.com.tr\/en\/wp-json\/wp\/v2\/comments?post=6144"}],"wp:featuredmedia":[{"embeddable":true,"href":"https:\/\/atolyedelice.com.tr\/en\/wp-json\/wp\/v2\/media\/6149"}],"wp:attachment":[{"href":"https:\/\/atolyedelice.com.tr\/en\/wp-json\/wp\/v2\/media?parent=6144"}],"wp:term":[{"taxonomy":"product_cat","embeddable":true,"href":"https:\/\/atolyedelice.com.tr\/en\/wp-json\/wp\/v2\/product_cat?post=6144"},{"taxonomy":"product_tag","embeddable":true,"href":"https:\/\/atolyedelice.com.tr\/en\/wp-json\/wp\/v2\/product_tag?post=6144"}],"curies":[{"name":"wp","href":"https:\/\/api.w.org\/{rel}","templated":true}]}}