{"id":6150,"date":"2026-02-28T19:35:28","date_gmt":"2026-02-28T16:35:28","guid":{"rendered":"https:\/\/atolyedelice.com.tr\/?post_type=product&#038;p=6150"},"modified":"2026-02-28T19:36:35","modified_gmt":"2026-02-28T16:36:35","slug":"mavi-sakal-dogal-sac-sabunu-cilt-bakimi-erkeklere-ozel","status":"publish","type":"product","link":"https:\/\/atolyedelice.com.tr\/en\/product\/mavi-sakal-dogal-sac-sabunu-cilt-bakimi-erkeklere-ozel\/","title":{"rendered":"Mavi Sakal; Do\u011fal Sa\u00e7 Sabunu, Cilt Bak\u0131m\u0131, Erkeklere \u00f6zel"},"content":{"rendered":"<p>Erkekler i\u00e7in g\u00fc\u00e7l\u00fc bir duru\u015f.<br \/>\nDo\u011fadan gelen g\u00fc\u00e7, \u015fehirde ya\u015fayan adama yak\u0131\u015f\u0131r.<br \/>\n\u0130\u00e7eri\u011findeki \u0131s\u0131rgan sabunu, sa\u00e7 derisini ar\u0131nd\u0131r\u0131r, k\u00f6kleri destekler ve g\u00fc\u00e7l\u00fc bir ba\u015flang\u0131\u00e7 yapar.<br \/>\nBiberiye suyu, ferahlat\u0131r, canland\u0131r\u0131r, sa\u00e7 ve sakal bak\u0131m\u0131na tazelik katar.<br \/>\nBadem ya\u011f\u0131 ise hem sa\u00e7a hem sakala bak\u0131m yapar; yumu\u015fat\u0131r, besler ve kontrol sa\u011flar.<br \/>\nAbart\u0131s\u0131z. Net. Etkili.<\/p>","protected":false},"excerpt":{"rendered":"<p>do\u011fal sabun, sa\u00e7 bak\u0131m\u0131, biberiye suyu, badem ya\u011f\u0131, sakal bak\u0131m\u0131<\/p>","protected":false},"featured_media":6155,"comment_status":"closed","ping_status":"closed","template":"","meta":{"site-sidebar-layout":"default","site-content-layout":"default","ast-main-header-display":"","ast-hfb-above-header-display":"","ast-hfb-below-header-display":"","ast-hfb-mobile-header-display":"","site-post-title":"","ast-breadcrumbs-content":"","ast-featured-img":"","footer-sml-layout":"","theme-transparent-header-meta":"default","adv-header-id-meta":"","stick-header-meta":"","header-above-stick-meta":"","header-main-stick-meta":"","header-below-stick-meta":"","spay_email":"","jetpack_publicize_message":"","jetpack_is_tweetstorm":false,"jetpack_publicize_feature_enabled":true},"product_cat":[37],"product_tag":[133,102,134,101,106,104,216],"_links":{"self":[{"href":"https:\/\/atolyedelice.com.tr\/en\/wp-json\/wp\/v2\/product\/6150"}],"collection":[{"href":"https:\/\/atolyedelice.com.tr\/en\/wp-json\/wp\/v2\/product"}],"about":[{"href":"https:\/\/atolyedelice.com.tr\/en\/wp-json\/wp\/v2\/types\/product"}],"replies":[{"embeddable":true,"href":"https:\/\/atolyedelice.com.tr\/en\/wp-json\/wp\/v2\/comments?post=6150"}],"wp:featuredmedia":[{"embeddable":true,"href":"https:\/\/atolyedelice.com.tr\/en\/wp-json\/wp\/v2\/media\/6155"}],"wp:attachment":[{"href":"https:\/\/atolyedelice.com.tr\/en\/wp-json\/wp\/v2\/media?parent=6150"}],"wp:term":[{"taxonomy":"product_cat","embeddable":true,"href":"https:\/\/atolyedelice.com.tr\/en\/wp-json\/wp\/v2\/product_cat?post=6150"},{"taxonomy":"product_tag","embeddable":true,"href":"https:\/\/atolyedelice.com.tr\/en\/wp-json\/wp\/v2\/product_tag?post=6150"}],"curies":[{"name":"wp","href":"https:\/\/api.w.org\/{rel}","templated":true}]}}