{"id":6156,"date":"2026-02-28T19:35:25","date_gmt":"2026-02-28T16:35:25","guid":{"rendered":"https:\/\/atolyedelice.com.tr\/?post_type=product&#038;p=6156"},"modified":"2026-02-28T19:40:43","modified_gmt":"2026-02-28T16:40:43","slug":"lili-bulutsu-dokunus-dogal-sabun-aynisefa-cocuklara-ozel","status":"publish","type":"product","link":"https:\/\/atolyedelice.com.tr\/en\/product\/lili-bulutsu-dokunus-dogal-sabun-aynisefa-cocuklara-ozel\/","title":{"rendered":"Lili Bulutsu Dokunu\u015f; Do\u011fal Sabun, Ayn\u0131sefa, \u00c7ocuklara \u00f6zel"},"content":{"rendered":"<p>Lili Bulutsu Dokunu\u015f<br \/>\nDo\u011fan\u0131n en nazik dokunu\u015flar\u0131yla, minik ciltleri korumak i\u00e7in haz\u0131rland\u0131. \u0130\u00e7eri\u011finde Ayn\u0131 Sefa Sabunu nazik\u00e7e ar\u0131nd\u0131r\u0131r, Ayn\u0131 Sefa Kremi cildi yumu\u015fat\u0131r ve Ayn\u0131 Sefa Suyu tazelik ve ferahl\u0131k sa\u011flar. Bebeklerin, \u00e7ocuklar\u0131n ve hassas ciltlerin ihtiya\u00e7 duydu\u011fu o pamuk gibi bak\u0131m\u0131, sevgiyle sunuyor.<\/p>","protected":false},"excerpt":{"rendered":"<p>do\u011fal ayn\u0131sefa sabunu, ayn\u0131sefa kremi, ayn\u0131sefe suyu, \u00e7ocuklar i\u00e7in<\/p>","protected":false},"featured_media":6161,"comment_status":"closed","ping_status":"closed","template":"","meta":{"site-sidebar-layout":"default","site-content-layout":"default","ast-main-header-display":"","ast-hfb-above-header-display":"","ast-hfb-below-header-display":"","ast-hfb-mobile-header-display":"","site-post-title":"","ast-breadcrumbs-content":"","ast-featured-img":"","footer-sml-layout":"","theme-transparent-header-meta":"default","adv-header-id-meta":"","stick-header-meta":"","header-above-stick-meta":"","header-main-stick-meta":"","header-below-stick-meta":"","spay_email":"","jetpack_publicize_message":"","jetpack_is_tweetstorm":false,"jetpack_publicize_feature_enabled":true},"product_cat":[37],"product_tag":[98,102,101,209,106,124],"_links":{"self":[{"href":"https:\/\/atolyedelice.com.tr\/en\/wp-json\/wp\/v2\/product\/6156"}],"collection":[{"href":"https:\/\/atolyedelice.com.tr\/en\/wp-json\/wp\/v2\/product"}],"about":[{"href":"https:\/\/atolyedelice.com.tr\/en\/wp-json\/wp\/v2\/types\/product"}],"replies":[{"embeddable":true,"href":"https:\/\/atolyedelice.com.tr\/en\/wp-json\/wp\/v2\/comments?post=6156"}],"wp:featuredmedia":[{"embeddable":true,"href":"https:\/\/atolyedelice.com.tr\/en\/wp-json\/wp\/v2\/media\/6161"}],"wp:attachment":[{"href":"https:\/\/atolyedelice.com.tr\/en\/wp-json\/wp\/v2\/media?parent=6156"}],"wp:term":[{"taxonomy":"product_cat","embeddable":true,"href":"https:\/\/atolyedelice.com.tr\/en\/wp-json\/wp\/v2\/product_cat?post=6156"},{"taxonomy":"product_tag","embeddable":true,"href":"https:\/\/atolyedelice.com.tr\/en\/wp-json\/wp\/v2\/product_tag?post=6156"}],"curies":[{"name":"wp","href":"https:\/\/api.w.org\/{rel}","templated":true}]}}