{"id":6162,"date":"2026-02-28T19:35:21","date_gmt":"2026-02-28T16:35:21","guid":{"rendered":"https:\/\/atolyedelice.com.tr\/?post_type=product&#038;p=6162"},"modified":"2026-02-28T19:40:49","modified_gmt":"2026-02-28T16:40:49","slug":"super-star-dogal-sabun-badem-kremi-lip-balm","status":"publish","type":"product","link":"https:\/\/atolyedelice.com.tr\/en\/product\/super-star-dogal-sabun-badem-kremi-lip-balm\/","title":{"rendered":"S\u00fcper Star; Do\u011fal Sabun, Badem Kremi, Lip Balm"},"content":{"rendered":"<p>S\u00fcper Star<br \/>\nY\u0131ld\u0131zlar\u0131n Par\u0131lt\u0131s\u0131<br \/>\nKendi tarz\u0131n\u0131z\u0131 parlat\u0131n. Bu set, \u00fc\u00e7 adet se\u00e7ti\u011finiz kat\u0131 sabunla, ki\u015fisel bak\u0131m\u0131n\u0131z\u0131 \u00f6zg\u00fcrce \u015fekillendirmenizi sa\u011flar. Yan\u0131nda bir adet besleyici badem kremi ve o \u00f6zel renkli lip balm ile, her dokunu\u015fta y\u0131ld\u0131zlar gibi parlay\u0131n. Kendi bak\u0131m rit\u00fcelinizi, sizin se\u00e7iminizle, \u015f\u0131kl\u0131\u011fa d\u00f6n\u00fc\u015ft\u00fcr\u00fcn.<\/p>","protected":false},"excerpt":{"rendered":"<p>do\u011fal kat\u0131 sabunlar, badem kremi ve do\u011fal pigmentli lip balm i\u00e7eren hediye paketi<\/p>","protected":false},"featured_media":6165,"comment_status":"closed","ping_status":"closed","template":"","meta":{"site-sidebar-layout":"default","site-content-layout":"default","ast-main-header-display":"","ast-hfb-above-header-display":"","ast-hfb-below-header-display":"","ast-hfb-mobile-header-display":"","site-post-title":"","ast-breadcrumbs-content":"","ast-featured-img":"","footer-sml-layout":"","theme-transparent-header-meta":"default","adv-header-id-meta":"","stick-header-meta":"","header-above-stick-meta":"","header-main-stick-meta":"","header-below-stick-meta":"","spay_email":"","jetpack_publicize_message":"","jetpack_is_tweetstorm":false,"jetpack_publicize_feature_enabled":true},"product_cat":[37],"product_tag":[102,101,106,141,21,156,124],"_links":{"self":[{"href":"https:\/\/atolyedelice.com.tr\/en\/wp-json\/wp\/v2\/product\/6162"}],"collection":[{"href":"https:\/\/atolyedelice.com.tr\/en\/wp-json\/wp\/v2\/product"}],"about":[{"href":"https:\/\/atolyedelice.com.tr\/en\/wp-json\/wp\/v2\/types\/product"}],"replies":[{"embeddable":true,"href":"https:\/\/atolyedelice.com.tr\/en\/wp-json\/wp\/v2\/comments?post=6162"}],"wp:featuredmedia":[{"embeddable":true,"href":"https:\/\/atolyedelice.com.tr\/en\/wp-json\/wp\/v2\/media\/6165"}],"wp:attachment":[{"href":"https:\/\/atolyedelice.com.tr\/en\/wp-json\/wp\/v2\/media?parent=6162"}],"wp:term":[{"taxonomy":"product_cat","embeddable":true,"href":"https:\/\/atolyedelice.com.tr\/en\/wp-json\/wp\/v2\/product_cat?post=6162"},{"taxonomy":"product_tag","embeddable":true,"href":"https:\/\/atolyedelice.com.tr\/en\/wp-json\/wp\/v2\/product_tag?post=6162"}],"curies":[{"name":"wp","href":"https:\/\/api.w.org\/{rel}","templated":true}]}}