{"id":6166,"date":"2026-02-28T19:35:18","date_gmt":"2026-02-28T16:35:18","guid":{"rendered":"https:\/\/atolyedelice.com.tr\/?post_type=product&#038;p=6166"},"modified":"2026-02-28T19:40:56","modified_gmt":"2026-02-28T16:40:56","slug":"lavanta-ruyasi-dogal-lavanta-sabunu-lifli-sabun-lavanta-suyu","status":"publish","type":"product","link":"https:\/\/atolyedelice.com.tr\/en\/product\/lavanta-ruyasi-dogal-lavanta-sabunu-lifli-sabun-lavanta-suyu\/","title":{"rendered":"Lavanta R\u00fcyas\u0131; Do\u011fal Lavanta Sabunu, Lifli Sabun, Lavanta Suyu"},"content":{"rendered":"<p>Her dokunu\u015fta huzurun r\u00fcyas\u0131na dal\u0131n.<br \/>\nRuhunuzu ve cildinizi sakinle\u015ftiren bir masal. Bu set, bir adet kat\u0131 lavanta sabunu ile nazik\u00e7e ar\u0131nd\u0131r\u0131r, dola\u015ft\u0131r v\u00fccudunda lifli lavanta sabunuyla hafif bir masaj sunar ve lavanta suyuyla tazelik verir.<\/p>","protected":false},"excerpt":{"rendered":"<p>do\u011fal kat\u0131 sabun, lavanta suyu, lifli kat\u0131 sabun i\u00e7eren hediye seti<\/p>","protected":false},"featured_media":6167,"comment_status":"closed","ping_status":"closed","template":"","meta":{"site-sidebar-layout":"default","site-content-layout":"default","ast-main-header-display":"","ast-hfb-above-header-display":"","ast-hfb-below-header-display":"","ast-hfb-mobile-header-display":"","site-post-title":"","ast-breadcrumbs-content":"","ast-featured-img":"","footer-sml-layout":"","theme-transparent-header-meta":"default","adv-header-id-meta":"","stick-header-meta":"","header-above-stick-meta":"","header-main-stick-meta":"","header-below-stick-meta":"","spay_email":"","jetpack_publicize_message":"","jetpack_is_tweetstorm":false,"jetpack_publicize_feature_enabled":true},"product_cat":[37],"product_tag":[102,101,103,106,111],"_links":{"self":[{"href":"https:\/\/atolyedelice.com.tr\/en\/wp-json\/wp\/v2\/product\/6166"}],"collection":[{"href":"https:\/\/atolyedelice.com.tr\/en\/wp-json\/wp\/v2\/product"}],"about":[{"href":"https:\/\/atolyedelice.com.tr\/en\/wp-json\/wp\/v2\/types\/product"}],"replies":[{"embeddable":true,"href":"https:\/\/atolyedelice.com.tr\/en\/wp-json\/wp\/v2\/comments?post=6166"}],"wp:featuredmedia":[{"embeddable":true,"href":"https:\/\/atolyedelice.com.tr\/en\/wp-json\/wp\/v2\/media\/6167"}],"wp:attachment":[{"href":"https:\/\/atolyedelice.com.tr\/en\/wp-json\/wp\/v2\/media?parent=6166"}],"wp:term":[{"taxonomy":"product_cat","embeddable":true,"href":"https:\/\/atolyedelice.com.tr\/en\/wp-json\/wp\/v2\/product_cat?post=6166"},{"taxonomy":"product_tag","embeddable":true,"href":"https:\/\/atolyedelice.com.tr\/en\/wp-json\/wp\/v2\/product_tag?post=6166"}],"curies":[{"name":"wp","href":"https:\/\/api.w.org\/{rel}","templated":true}]}}