{"id":6172,"date":"2026-02-28T19:35:13","date_gmt":"2026-02-28T16:35:13","guid":{"rendered":"https:\/\/atolyedelice.com.tr\/?post_type=product&#038;p=6172"},"modified":"2026-02-28T19:41:03","modified_gmt":"2026-02-28T16:41:03","slug":"orta-sekerli-dogal-kati-sabun-lifli-sabun-kahveli","status":"publish","type":"product","link":"https:\/\/atolyedelice.com.tr\/en\/product\/orta-sekerli-dogal-kati-sabun-lifli-sabun-kahveli\/","title":{"rendered":"Orta \u015eekerli; Do\u011fal Kat\u0131 Sabun, Lifli Sabun, Kahveli"},"content":{"rendered":"<p>Orta \u015eekerli<br \/>\nHer an, bir g\u00fc\u00e7 ve tazelik patlamas\u0131.<br \/>\nKahvenin dinamik ritmiyle g\u00fcne zinde ba\u015flay\u0131n. Bu set, bir adet kahveli kat\u0131 sabun ve bir adet kahveli dola\u015ft\u0131r v\u00fccudunda sabunla, her dokunu\u015fta seni canland\u0131r\u0131r. Orta \u015fekerli bu enerji, seni sabah\u0131n ritmine davet ediyor; \u00f6zel ah\u015fap kutusunda.<\/p>","protected":false},"excerpt":{"rendered":"<p>kahveli do\u011fal sabun ve lifli sabun i\u00e7eren hediye seti<\/p>","protected":false},"featured_media":6173,"comment_status":"closed","ping_status":"closed","template":"","meta":{"site-sidebar-layout":"default","site-content-layout":"default","ast-main-header-display":"","ast-hfb-above-header-display":"","ast-hfb-below-header-display":"","ast-hfb-mobile-header-display":"","site-post-title":"","ast-breadcrumbs-content":"","ast-featured-img":"","footer-sml-layout":"","theme-transparent-header-meta":"default","adv-header-id-meta":"","stick-header-meta":"","header-above-stick-meta":"","header-main-stick-meta":"","header-below-stick-meta":"","spay_email":"","jetpack_publicize_message":"","jetpack_is_tweetstorm":false,"jetpack_publicize_feature_enabled":true},"product_cat":[37],"product_tag":[102,101,103,106,156,32],"_links":{"self":[{"href":"https:\/\/atolyedelice.com.tr\/en\/wp-json\/wp\/v2\/product\/6172"}],"collection":[{"href":"https:\/\/atolyedelice.com.tr\/en\/wp-json\/wp\/v2\/product"}],"about":[{"href":"https:\/\/atolyedelice.com.tr\/en\/wp-json\/wp\/v2\/types\/product"}],"replies":[{"embeddable":true,"href":"https:\/\/atolyedelice.com.tr\/en\/wp-json\/wp\/v2\/comments?post=6172"}],"wp:featuredmedia":[{"embeddable":true,"href":"https:\/\/atolyedelice.com.tr\/en\/wp-json\/wp\/v2\/media\/6173"}],"wp:attachment":[{"href":"https:\/\/atolyedelice.com.tr\/en\/wp-json\/wp\/v2\/media?parent=6172"}],"wp:term":[{"taxonomy":"product_cat","embeddable":true,"href":"https:\/\/atolyedelice.com.tr\/en\/wp-json\/wp\/v2\/product_cat?post=6172"},{"taxonomy":"product_tag","embeddable":true,"href":"https:\/\/atolyedelice.com.tr\/en\/wp-json\/wp\/v2\/product_tag?post=6172"}],"curies":[{"name":"wp","href":"https:\/\/api.w.org\/{rel}","templated":true}]}}