{"id":6175,"date":"2026-02-28T19:35:07","date_gmt":"2026-02-28T16:35:07","guid":{"rendered":"https:\/\/atolyedelice.com.tr\/?post_type=product&#038;p=6175"},"modified":"2026-02-28T19:41:11","modified_gmt":"2026-02-28T16:41:11","slug":"emily-papatya-bahcesi-papatya-hibiskus-sabunu-ahsap-sabunluk","status":"publish","type":"product","link":"https:\/\/atolyedelice.com.tr\/en\/product\/emily-papatya-bahcesi-papatya-hibiskus-sabunu-ahsap-sabunluk\/","title":{"rendered":"Emily (Papatya Bah\u00e7esi); Papatya Hibisk\u00fcs Sabunu, Ah\u015fap Sabunluk"},"content":{"rendered":"<p>Do\u011fan\u0131n sakin dokunu\u015fuyla bulu\u015fun. Bu set, iki adet hibisk\u00fcs papatya sabunu ile tazeli\u011fi, bir adet papatya suyuyla do\u011fall\u0131\u011f\u0131, ve \u0131zgara sabunlukla pratik bir zarafeti sunar. Emily\u2019nin papatya bah\u00e7esi, her bir sabunun do\u011fadan gelen huzurunu cildinize ta\u015f\u0131r, sizi bahar\u0131n saf, \u00e7i\u00e7ekli bir r\u00fcyas\u0131na davet eder.<\/p>","protected":false},"excerpt":{"rendered":"<p>do\u011fal kat\u0131 sabun ve ah\u015fap sabunluktan olu\u015fan hediye seti<\/p>","protected":false},"featured_media":6176,"comment_status":"closed","ping_status":"closed","template":"","meta":{"site-sidebar-layout":"default","site-content-layout":"default","ast-main-header-display":"","ast-hfb-above-header-display":"","ast-hfb-below-header-display":"","ast-hfb-mobile-header-display":"","site-post-title":"","ast-breadcrumbs-content":"","ast-featured-img":"","footer-sml-layout":"","theme-transparent-header-meta":"default","adv-header-id-meta":"","stick-header-meta":"","header-above-stick-meta":"","header-main-stick-meta":"","header-below-stick-meta":"","spay_email":"","jetpack_publicize_message":"","jetpack_is_tweetstorm":false,"jetpack_publicize_feature_enabled":true},"product_cat":[37],"product_tag":[102,101,156,151,119,145,117],"_links":{"self":[{"href":"https:\/\/atolyedelice.com.tr\/en\/wp-json\/wp\/v2\/product\/6175"}],"collection":[{"href":"https:\/\/atolyedelice.com.tr\/en\/wp-json\/wp\/v2\/product"}],"about":[{"href":"https:\/\/atolyedelice.com.tr\/en\/wp-json\/wp\/v2\/types\/product"}],"replies":[{"embeddable":true,"href":"https:\/\/atolyedelice.com.tr\/en\/wp-json\/wp\/v2\/comments?post=6175"}],"wp:featuredmedia":[{"embeddable":true,"href":"https:\/\/atolyedelice.com.tr\/en\/wp-json\/wp\/v2\/media\/6176"}],"wp:attachment":[{"href":"https:\/\/atolyedelice.com.tr\/en\/wp-json\/wp\/v2\/media?parent=6175"}],"wp:term":[{"taxonomy":"product_cat","embeddable":true,"href":"https:\/\/atolyedelice.com.tr\/en\/wp-json\/wp\/v2\/product_cat?post=6175"},{"taxonomy":"product_tag","embeddable":true,"href":"https:\/\/atolyedelice.com.tr\/en\/wp-json\/wp\/v2\/product_tag?post=6175"}],"curies":[{"name":"wp","href":"https:\/\/api.w.org\/{rel}","templated":true}]}}